{"id":9917,"date":"2026-03-13T08:56:33","date_gmt":"2026-03-13T07:56:33","guid":{"rendered":"https:\/\/www.corton.nl\/?post_type=product&#038;p=9917"},"modified":"2026-03-16T10:04:01","modified_gmt":"2026-03-16T09:04:01","slug":"caja-de-palpacion-para-caballos","status":"publish","type":"product","link":"https:\/\/www.corton.nl\/es\/product\/opvoelbox-voor-paarden\/","title":{"rendered":"Caja t\u00e1ctil para caballos"},"content":{"rendered":"<p><strong>Caja de palpaci\u00f3n de alta calidad para caballos de uso intensivo.<\/strong><br \/>\nCon m\u00e1s de 50 a\u00f1os de experiencia en equipamiento para establos, Corton selecciona materiales y acabados duraderos. La caja de palpaci\u00f3n profesional, disponible en stock, es un modelo vers\u00e1til cuya construcci\u00f3n est\u00e1 dise\u00f1ada para un uso intensivo y la m\u00e1xima seguridad, sin compromisos. La caja de palpaci\u00f3n est\u00e1 fabricada con un exclusivo perfil en U de doble pared cerrada, donde las tablas quedan fijadas \u2014sin bordes afilados ni partes salientes\u2014, lo que garantiza seguridad y robustez.<\/p>\n<p>Los laterales de la caja de palpaci\u00f3n est\u00e1n equipados con 2 tubos telesc\u00f3picos extra\u00edbles que son ajustables en altura. La puerta trasera tiene una <strong>bloqueo paralelo<\/strong>, con la que la puerta se puede abrir y cerrar de forma segura y sencilla. La puerta trasera tambi\u00e9n est\u00e1 equipada con un <strong>placa protectora de acero galvanizado<\/strong> para mayor protecci\u00f3n contra el desgaste y los da\u00f1os.<\/p>\n<p>La puerta est\u00e1 equipada con <strong>Puntos de pivote de acero inoxidable pesados y ajustables<\/strong>, lo que garantiza una larga vida \u00fatil y un funcionamiento fiable, incluso con un uso intensivo. El <strong>altura de puerta variable<\/strong> (960 a 1200 mm) se puede ajustar f\u00e1cilmente mediante estantes extra\u00edbles, lo que hace que la caja sea flexible en su uso para diferentes caballos y ponis.<\/p>\n<p>En la parte delantera, la caja de palpaci\u00f3n est\u00e1 equipada con un <strong>tubo tor\u00e1cico extra\u00edble<\/strong>, lo que facilita el ajuste de la longitud interna. Adem\u00e1s, la caja est\u00e1 equipada con varios <strong>puntos de amarre con argollas<\/strong>, permitiendo que el caballo se posicione de forma segura y estable durante los tratamientos.<\/p>\n<p>Nuestras cajas de tratamiento est\u00e1n hechas de acero de alta calidad y completamente<strong> galvanizado por inmersi\u00f3n en caliente seg\u00fan NEN-EN-ISO 1461<\/strong> Para una protecci\u00f3n \u00f3ptima contra la corrosi\u00f3n. Tras el galvanizado, todos los componentes reciben un acabado cuidadoso y se eliminan las puntas afiladas para un acabado extra seguro y de alta calidad.<\/p>\n<p><strong>Opciones adicionales para el box de tratamiento de caballos<\/strong><br \/>\nAdem\u00e1s de la versi\u00f3n con tubos extra\u00edbles, tambi\u00e9n ofrecemos la cabina de tratamiento con pared lateral giratoria.<\/p>\n<p>Para asesoramiento personalizado o cualquier pregunta, no dude en contactarnos. Nuestros especialistas est\u00e1n listos para guiarle en el dise\u00f1o perfecto para su establo.<\/p>\n<p><strong>\u00bfPor qu\u00e9 elegir una caja de tratamiento Corton?<\/strong><br \/>\n<strong>Confiabilidad y seguridad:<\/strong> D\u00e9cadas de experiencia se traducen en detalles inteligentes que garantizan un entorno seguro para su caballo.<br \/>\n<strong>Inversi\u00f3n a largo plazo:<\/strong> Los materiales de alta calidad y la construcci\u00f3n s\u00f3lida significan menos mantenimiento y una vida \u00fatil m\u00e1s larga.<br \/>\n<strong>Est\u00e9tica y funcionalidad:<\/strong> Gracias a las opciones personalizadas, la ventana se adapta perfectamente al resto del establo, tanto en apariencia como en uso.<br \/>\n<strong>Producci\u00f3n local:<\/strong> Producido en los Pa\u00edses Bajos: l\u00edneas cortas, artesan\u00eda y enfoque en la calidad.<\/p>","protected":false},"excerpt":{"rendered":"<p>La cabina de tratamiento Corton combina a\u00f1os de experiencia en equipos estables con una construcci\u00f3n robusta y una funcionalidad bien pensada. Dise\u00f1ada para un uso diario intensivo, priorizando la seguridad, la durabilidad y la facilidad de uso.<\/p>\n<p><strong>Dimensiones (alto x ancho x largo): 2300 mm x 1000 mm x 1840 mm<br \/>\nPuerta trasera giratoria y 2 tubos telesc\u00f3picos extra\u00edbles.<\/strong><\/p>\n<p><strong>Podemos suministrar varios modelos desde stock.<\/strong><br \/>\n\u00a1Pida su caja de investigaci\u00f3n directamente desde el stock en l\u00ednea!<\/p>","protected":false},"featured_media":9782,"template":"","meta":{"_acf_changed":false},"product_brand":[],"product_cat":[52],"product_tag":[],"class_list":{"0":"post-9917","1":"product","2":"type-product","3":"status-publish","4":"has-post-thumbnail","6":"product_cat-diversen","8":"first","9":"instock","10":"taxable","11":"shipping-taxable","12":"purchasable","13":"product-type-simple"},"acf":[],"yoast_head":"<!-- This site is optimized with the Yoast SEO plugin v27.0 - https:\/\/yoast.com\/product\/yoast-seo-wordpress\/ -->\n<title>Opvoelbox voor paarden | behandelbox<\/title>\n<meta name=\"description\" content=\"Opvoelbox voor paarden uit voorraad leverbaar | Robuuste constructie met dubbelwandig U-profiel en RVS scharnieren | Maatwerk mogelijk\" \/>\n<meta name=\"robots\" content=\"index, follow, max-snippet:-1, max-image-preview:large, max-video-preview:-1\" \/>\n<link rel=\"canonical\" href=\"https:\/\/www.corton.nl\/es\/product\/caja-de-palpacion-para-caballos\/\" \/>\n<meta property=\"og:locale\" content=\"es_ES\" \/>\n<meta property=\"og:type\" content=\"article\" \/>\n<meta property=\"og:title\" content=\"Opvoelbox voor paarden | behandelbox\" \/>\n<meta property=\"og:description\" content=\"Opvoelbox voor paarden uit voorraad leverbaar | Robuuste constructie met dubbelwandig U-profiel en RVS scharnieren | Maatwerk mogelijk\" \/>\n<meta property=\"og:url\" content=\"https:\/\/www.corton.nl\/es\/product\/caja-de-palpacion-para-caballos\/\" \/>\n<meta property=\"og:site_name\" content=\"Corton B.V.\" \/>\n<meta property=\"article:modified_time\" content=\"2026-03-16T09:04:01+00:00\" \/>\n<meta property=\"og:image\" content=\"https:\/\/www.corton.nl\/wp-content\/uploads\/2026\/02\/Opvoelbox-voor-paarden-onderzoeksbox.jpg\" \/>\n\t<meta property=\"og:image:width\" content=\"1200\" \/>\n\t<meta property=\"og:image:height\" content=\"900\" \/>\n\t<meta property=\"og:image:type\" content=\"image\/jpeg\" \/>\n<meta name=\"twitter:card\" content=\"summary_large_image\" \/>\n<meta name=\"twitter:label1\" content=\"Tiempo de lectura\" \/>\n\t<meta name=\"twitter:data1\" content=\"2 minutos\" \/>\n<script type=\"application\/ld+json\" class=\"yoast-schema-graph\">{\"@context\":\"https:\/\/schema.org\",\"@graph\":[{\"@type\":\"WebPage\",\"@id\":\"https:\/\/www.corton.nl\/product\/opvoelbox-voor-paarden\/\",\"url\":\"https:\/\/www.corton.nl\/product\/opvoelbox-voor-paarden\/\",\"name\":\"Opvoelbox voor paarden | behandelbox\",\"isPartOf\":{\"@id\":\"https:\/\/www.corton.nl\/#website\"},\"primaryImageOfPage\":{\"@id\":\"https:\/\/www.corton.nl\/product\/opvoelbox-voor-paarden\/#primaryimage\"},\"image\":{\"@id\":\"https:\/\/www.corton.nl\/product\/opvoelbox-voor-paarden\/#primaryimage\"},\"thumbnailUrl\":\"https:\/\/www.corton.nl\/wp-content\/uploads\/2026\/02\/Opvoelbox-voor-paarden-onderzoeksbox.jpg\",\"datePublished\":\"2026-03-13T07:56:33+00:00\",\"dateModified\":\"2026-03-16T09:04:01+00:00\",\"description\":\"Opvoelbox voor paarden uit voorraad leverbaar | Robuuste constructie met dubbelwandig U-profiel en RVS scharnieren | Maatwerk mogelijk\",\"breadcrumb\":{\"@id\":\"https:\/\/www.corton.nl\/product\/opvoelbox-voor-paarden\/#breadcrumb\"},\"inLanguage\":\"es\",\"potentialAction\":[{\"@type\":\"ReadAction\",\"target\":[\"https:\/\/www.corton.nl\/product\/opvoelbox-voor-paarden\/\"]}]},{\"@type\":\"ImageObject\",\"inLanguage\":\"es\",\"@id\":\"https:\/\/www.corton.nl\/product\/opvoelbox-voor-paarden\/#primaryimage\",\"url\":\"https:\/\/www.corton.nl\/wp-content\/uploads\/2026\/02\/Opvoelbox-voor-paarden-onderzoeksbox.jpg\",\"contentUrl\":\"https:\/\/www.corton.nl\/wp-content\/uploads\/2026\/02\/Opvoelbox-voor-paarden-onderzoeksbox.jpg\",\"width\":1200,\"height\":900,\"caption\":\"Opvoelbox voor paarden - onderzoeksbox\"},{\"@type\":\"BreadcrumbList\",\"@id\":\"https:\/\/www.corton.nl\/product\/opvoelbox-voor-paarden\/#breadcrumb\",\"itemListElement\":[{\"@type\":\"ListItem\",\"position\":1,\"name\":\"Home\",\"item\":\"https:\/\/www.corton.nl\/\"},{\"@type\":\"ListItem\",\"position\":2,\"name\":\"Webshop\",\"item\":\"https:\/\/www.corton.nl\/webshop\/\"},{\"@type\":\"ListItem\",\"position\":3,\"name\":\"Opvoelbox voor paarden\"}]},{\"@type\":\"WebSite\",\"@id\":\"https:\/\/www.corton.nl\/#website\",\"url\":\"https:\/\/www.corton.nl\/\",\"name\":\"Corton B.V.\",\"description\":\"\",\"potentialAction\":[{\"@type\":\"SearchAction\",\"target\":{\"@type\":\"EntryPoint\",\"urlTemplate\":\"https:\/\/www.corton.nl\/?s={search_term_string}\"},\"query-input\":{\"@type\":\"PropertyValueSpecification\",\"valueRequired\":true,\"valueName\":\"search_term_string\"}}],\"inLanguage\":\"es\"}]}<\/script>\n<!-- \/ Yoast SEO plugin. -->","yoast_head_json":{"title":"Caja t\u00e1ctil para caballos | Caja de tratamiento","description":"Caja de palpaci\u00f3n para caballos disponible en stock | Construcci\u00f3n robusta con perfil en U de doble pared y bisagras de acero inoxidable | Posibilidad de personalizaci\u00f3n","robots":{"index":"index","follow":"follow","max-snippet":"max-snippet:-1","max-image-preview":"max-image-preview:large","max-video-preview":"max-video-preview:-1"},"canonical":"https:\/\/www.corton.nl\/es\/product\/caja-de-palpacion-para-caballos\/","og_locale":"es_ES","og_type":"article","og_title":"Opvoelbox voor paarden | behandelbox","og_description":"Opvoelbox voor paarden uit voorraad leverbaar | Robuuste constructie met dubbelwandig U-profiel en RVS scharnieren | Maatwerk mogelijk","og_url":"https:\/\/www.corton.nl\/es\/product\/caja-de-palpacion-para-caballos\/","og_site_name":"Corton B.V.","article_modified_time":"2026-03-16T09:04:01+00:00","og_image":[{"width":1200,"height":900,"url":"https:\/\/www.corton.nl\/wp-content\/uploads\/2026\/02\/Opvoelbox-voor-paarden-onderzoeksbox.jpg","type":"image\/jpeg"}],"twitter_card":"summary_large_image","twitter_misc":{"Tiempo de lectura":"2 minutos"},"schema":{"@context":"https:\/\/schema.org","@graph":[{"@type":"WebPage","@id":"https:\/\/www.corton.nl\/product\/opvoelbox-voor-paarden\/","url":"https:\/\/www.corton.nl\/product\/opvoelbox-voor-paarden\/","name":"Caja t\u00e1ctil para caballos | Caja de tratamiento","isPartOf":{"@id":"https:\/\/www.corton.nl\/#website"},"primaryImageOfPage":{"@id":"https:\/\/www.corton.nl\/product\/opvoelbox-voor-paarden\/#primaryimage"},"image":{"@id":"https:\/\/www.corton.nl\/product\/opvoelbox-voor-paarden\/#primaryimage"},"thumbnailUrl":"https:\/\/www.corton.nl\/wp-content\/uploads\/2026\/02\/Opvoelbox-voor-paarden-onderzoeksbox.jpg","datePublished":"2026-03-13T07:56:33+00:00","dateModified":"2026-03-16T09:04:01+00:00","description":"Caja de palpaci\u00f3n para caballos disponible en stock | Construcci\u00f3n robusta con perfil en U de doble pared y bisagras de acero inoxidable | Posibilidad de personalizaci\u00f3n","breadcrumb":{"@id":"https:\/\/www.corton.nl\/product\/opvoelbox-voor-paarden\/#breadcrumb"},"inLanguage":"es","potentialAction":[{"@type":"ReadAction","target":["https:\/\/www.corton.nl\/product\/opvoelbox-voor-paarden\/"]}]},{"@type":"ImageObject","inLanguage":"es","@id":"https:\/\/www.corton.nl\/product\/opvoelbox-voor-paarden\/#primaryimage","url":"https:\/\/www.corton.nl\/wp-content\/uploads\/2026\/02\/Opvoelbox-voor-paarden-onderzoeksbox.jpg","contentUrl":"https:\/\/www.corton.nl\/wp-content\/uploads\/2026\/02\/Opvoelbox-voor-paarden-onderzoeksbox.jpg","width":1200,"height":900,"caption":"Opvoelbox voor paarden - onderzoeksbox"},{"@type":"BreadcrumbList","@id":"https:\/\/www.corton.nl\/product\/opvoelbox-voor-paarden\/#breadcrumb","itemListElement":[{"@type":"ListItem","position":1,"name":"Home","item":"https:\/\/www.corton.nl\/"},{"@type":"ListItem","position":2,"name":"Webshop","item":"https:\/\/www.corton.nl\/webshop\/"},{"@type":"ListItem","position":3,"name":"Opvoelbox voor paarden"}]},{"@type":"WebSite","@id":"https:\/\/www.corton.nl\/#website","url":"https:\/\/www.corton.nl\/","name":"Corton BV.","description":"","potentialAction":[{"@type":"SearchAction","target":{"@type":"EntryPoint","urlTemplate":"https:\/\/www.corton.nl\/?s={search_term_string}"},"query-input":{"@type":"PropertyValueSpecification","valueRequired":true,"valueName":"search_term_string"}}],"inLanguage":"es"}]}},"_links":{"self":[{"href":"https:\/\/www.corton.nl\/es\/wp-json\/wp\/v2\/product\/9917","targetHints":{"allow":["GET"]}}],"collection":[{"href":"https:\/\/www.corton.nl\/es\/wp-json\/wp\/v2\/product"}],"about":[{"href":"https:\/\/www.corton.nl\/es\/wp-json\/wp\/v2\/types\/product"}],"wp:featuredmedia":[{"embeddable":true,"href":"https:\/\/www.corton.nl\/es\/wp-json\/wp\/v2\/media\/9782"}],"wp:attachment":[{"href":"https:\/\/www.corton.nl\/es\/wp-json\/wp\/v2\/media?parent=9917"}],"wp:term":[{"taxonomy":"product_brand","embeddable":true,"href":"https:\/\/www.corton.nl\/es\/wp-json\/wp\/v2\/product_brand?post=9917"},{"taxonomy":"product_cat","embeddable":true,"href":"https:\/\/www.corton.nl\/es\/wp-json\/wp\/v2\/product_cat?post=9917"},{"taxonomy":"product_tag","embeddable":true,"href":"https:\/\/www.corton.nl\/es\/wp-json\/wp\/v2\/product_tag?post=9917"}],"curies":[{"name":"wp","href":"https:\/\/api.w.org\/{rel}","templated":true}]}}