{"id":9654,"date":"2026-01-22T15:06:38","date_gmt":"2026-01-22T14:06:38","guid":{"rendered":"https:\/\/www.corton.nl\/?post_type=product&#038;p=9654"},"modified":"2026-01-27T14:57:27","modified_gmt":"2026-01-27T13:57:27","slug":"refugio-para-caballos","status":"publish","type":"product","link":"https:\/\/www.corton.nl\/es\/product\/schuilstal-voor-paarden\/","title":{"rendered":"Refugio 300 x 300 cm"},"content":{"rendered":"<p><strong>Alta calidad y durabilidad.<\/strong><br \/>\nCon m\u00e1s de 50 a\u00f1os de experiencia en mobiliario de establos, Corton elige constantemente materiales y acabados duraderos. Las paredes est\u00e1n equipadas con un <strong>Perfil en U \u00fanico, cerrado y de doble pared<\/strong> en el que se fijan los tablones, sin aristas vivas ni partes salientes, garantizando as\u00ed seguridad y resistencia.<\/p>\n<p>Nuestros refugios son extremadamente duraderos gracias al uso exclusivo de acero y pl\u00e1stico. Esto hace que la construcci\u00f3n sea completamente... <strong>libre de mantenimiento<\/strong> y el refugio puede funcionar sin problemas durante d\u00e9cadas. Las piezas de acero est\u00e1n completamente... <strong>galvanizado por inmersi\u00f3n en caliente seg\u00fan NEN-EN-ISO 1461<\/strong> Para una protecci\u00f3n \u00f3ptima contra la corrosi\u00f3n. Tras el galvanizado, todos los componentes reciben un acabado cuidadoso y se eliminan las puntas afiladas, lo que garantiza un acabado extra seguro y de alta calidad.<\/p>\n<p>El refugio se suministra de serie con: <strong>Placas de perfil trapezoidal provistas de fieltro<\/strong>. Este fieltro absorbe la condensaci\u00f3n y contribuye a un clima estable, c\u00f3modo y seco. Su construcci\u00f3n es de material robusto. <strong>Correas de acero con conexiones bellamente terminadas<\/strong> a las cerchas, provistas de roscas roscadas.<\/p>\n<p><strong>Dimensiones disponibles directamente en stock (profundidad x ancho):\u00a0<\/strong><br \/>\n<strong>300 x 300 cent\u00edmetros<\/strong><br \/>\n<strong>300 x 600 cent\u00edmetros<\/strong><br \/>\n<strong>300 x 900 cent\u00edmetros<\/strong><br \/>\n<strong>300 x 350 cent\u00edmetros<\/strong><br \/>\n<strong>300 x 700 cent\u00edmetros<\/strong><br \/>\nOtras dimensiones no suponen ning\u00fan problema y normalmente pueden entregarse en un plazo de 6 semanas.<\/p>\n<p>Gracias al dise\u00f1o modular, el refugio es f\u00e1cil de montar. <strong>Ampliable a un establo al aire libre completamente equipado<\/strong> Mediante la adici\u00f3n de paredes frontales con un tabique. El montaje es sencillo y eficiente, sin comprometer la resistencia ni la est\u00e9tica. Adem\u00e1s, los refugios est\u00e1n disponibles en stock, lo que garantiza una entrega r\u00e1pida.<\/p>\n<p><strong>Establos al aire libre hechos a medida<\/strong><br \/>\nCon las numerosas opciones adicionales y acabados disponibles, puede personalizar su refugio seg\u00fan sus especificaciones mediante un trabajo personalizado exclusivo. Esto crea un establo que no solo es pr\u00e1ctico, sino que tambi\u00e9n irradia clase y estilo, adapt\u00e1ndose perfectamente a sus deseos e ideas.<\/p>\n<p>Para asesoramiento personalizado o cualquier pregunta, no dude en contactarnos. Nuestros especialistas est\u00e1n listos para guiarle en el dise\u00f1o perfecto para su establo. <strong>\u00bfBuscas un modelo diferente?<\/strong> <a href=\"https:\/\/www.corton.nl\/es\/establos-al-aire-libre\/\">Ver todas las opciones aqu\u00ed<\/a>.<\/p>\n<p><strong>\u00bfPor qu\u00e9 elegir el refugio Corton?<\/strong><br \/>\n<strong>Confiabilidad y seguridad:<\/strong> D\u00e9cadas de experiencia se traducen en detalles inteligentes que garantizan un entorno seguro para su caballo.<br \/>\n<strong>Inversi\u00f3n a largo plazo:<\/strong> Los materiales de alta calidad y la construcci\u00f3n s\u00f3lida significan menos mantenimiento y una vida \u00fatil m\u00e1s larga.<br \/>\n<strong>Est\u00e9tica y funcionalidad:<\/strong> Gracias a las opciones personalizadas, las paredes se adaptan perfectamente al resto de su establo, tanto en apariencia como en uso.<br \/>\n<strong>Producci\u00f3n local:<\/strong> Producido en los Pa\u00edses Bajos: l\u00edneas cortas, artesan\u00eda y enfoque en la calidad.<\/p>","protected":false},"excerpt":{"rendered":"<p>El robusto refugio de Corton combina a\u00f1os de experiencia con una calidad robusta y facilidad de uso. Dise\u00f1ado y fabricado en los Pa\u00edses Bajos para un uso intensivo en establos, est\u00e1 listo para entrega inmediata.<\/p>\n<p><strong>Perfil en U de doble pared cerrado<\/strong><br \/>\n<strong>Chapas de perfil trapezoidal con fieltro<br \/>\nF\u00e1cil instalaci\u00f3n<\/strong><\/p>\n<p><strong>Podemos suministrar varios tama\u00f1os y dise\u00f1os desde stock. <\/strong><br \/>\n\u00a1Ordene su refugio directamente desde el stock en l\u00ednea o solicite una cotizaci\u00f3n!<\/p>","protected":false},"featured_media":9658,"template":"","meta":{"_acf_changed":false},"product_brand":[],"product_cat":[44],"product_tag":[],"class_list":{"0":"post-9654","1":"product","2":"type-product","3":"status-publish","4":"has-post-thumbnail","6":"product_cat-paardenboxen","8":"first","9":"instock","10":"taxable","11":"shipping-taxable","12":"purchasable","13":"product-type-simple"},"acf":[],"yoast_head":"<!-- This site is optimized with the Yoast SEO plugin v27.0 - https:\/\/yoast.com\/product\/yoast-seo-wordpress\/ -->\n<title>Schuilstal 300 x 300 cm - Corton B.V.<\/title>\n<meta name=\"robots\" content=\"index, follow, max-snippet:-1, max-image-preview:large, max-video-preview:-1\" \/>\n<link rel=\"canonical\" href=\"https:\/\/www.corton.nl\/es\/product\/refugio-para-caballos\/\" \/>\n<meta property=\"og:locale\" content=\"es_ES\" \/>\n<meta property=\"og:type\" content=\"article\" \/>\n<meta property=\"og:title\" content=\"Schuilstal 300 x 300 cm - Corton B.V.\" \/>\n<meta property=\"og:description\" content=\"De robuuste schuilstal van Corton combineert jarenlange expertise met robuuste kwaliteit en eenvoudig gebruik. Ontwikkeld voor intensief stalgebruik, ontworpen en geproduceerd in Nederland. Uit voorraad leverbaar voor een snelle levering.  Gesloten dubbelwandig U-profiel Trapezium profielplaten voorzien van vilt Eenvoudige montage  Uit voorraad kunnen wij diverse afmetingen en uitvoeringen leveren.  Bestel uw schuilstal direct uit voorraad online of vraag een offerte aan!\" \/>\n<meta property=\"og:url\" content=\"https:\/\/www.corton.nl\/es\/product\/refugio-para-caballos\/\" \/>\n<meta property=\"og:site_name\" content=\"Corton B.V.\" \/>\n<meta property=\"article:modified_time\" content=\"2026-01-27T13:57:27+00:00\" \/>\n<meta property=\"og:image\" content=\"https:\/\/www.corton.nl\/wp-content\/uploads\/2026\/01\/Schuilstal-Corton-paardenstal.jpg\" \/>\n\t<meta property=\"og:image:width\" content=\"1200\" \/>\n\t<meta property=\"og:image:height\" content=\"900\" \/>\n\t<meta property=\"og:image:type\" content=\"image\/jpeg\" \/>\n<meta name=\"twitter:card\" content=\"summary_large_image\" \/>\n<meta name=\"twitter:label1\" content=\"Tiempo de lectura\" \/>\n\t<meta name=\"twitter:data1\" content=\"2 minutos\" \/>\n<script type=\"application\/ld+json\" class=\"yoast-schema-graph\">{\"@context\":\"https:\/\/schema.org\",\"@graph\":[{\"@type\":\"WebPage\",\"@id\":\"https:\/\/www.corton.nl\/de\/produkt\/pferdestall-2\/\",\"url\":\"https:\/\/www.corton.nl\/de\/produkt\/pferdestall-2\/\",\"name\":\"Schuilstal 300 x 300 cm - Corton B.V.\",\"isPartOf\":{\"@id\":\"https:\/\/www.corton.nl\/#website\"},\"primaryImageOfPage\":{\"@id\":\"https:\/\/www.corton.nl\/de\/produkt\/pferdestall-2\/#primaryimage\"},\"image\":{\"@id\":\"https:\/\/www.corton.nl\/de\/produkt\/pferdestall-2\/#primaryimage\"},\"thumbnailUrl\":\"https:\/\/www.corton.nl\/wp-content\/uploads\/2026\/01\/Schuilstal-Corton-paardenstal.jpg\",\"datePublished\":\"2026-01-22T14:06:38+00:00\",\"dateModified\":\"2026-01-27T13:57:27+00:00\",\"breadcrumb\":{\"@id\":\"https:\/\/www.corton.nl\/de\/produkt\/pferdestall-2\/#breadcrumb\"},\"inLanguage\":\"es\",\"potentialAction\":[{\"@type\":\"ReadAction\",\"target\":[\"https:\/\/www.corton.nl\/de\/produkt\/pferdestall-2\/\"]}]},{\"@type\":\"ImageObject\",\"inLanguage\":\"es\",\"@id\":\"https:\/\/www.corton.nl\/de\/produkt\/pferdestall-2\/#primaryimage\",\"url\":\"https:\/\/www.corton.nl\/wp-content\/uploads\/2026\/01\/Schuilstal-Corton-paardenstal.jpg\",\"contentUrl\":\"https:\/\/www.corton.nl\/wp-content\/uploads\/2026\/01\/Schuilstal-Corton-paardenstal.jpg\",\"width\":1200,\"height\":900,\"caption\":\"Schuilstal Corton - paardenstal\"},{\"@type\":\"BreadcrumbList\",\"@id\":\"https:\/\/www.corton.nl\/de\/produkt\/pferdestall-2\/#breadcrumb\",\"itemListElement\":[{\"@type\":\"ListItem\",\"position\":1,\"name\":\"Home\",\"item\":\"https:\/\/www.corton.nl\/\"},{\"@type\":\"ListItem\",\"position\":2,\"name\":\"Webshop\",\"item\":\"https:\/\/www.corton.nl\/webshop\/\"},{\"@type\":\"ListItem\",\"position\":3,\"name\":\"Schuilstal 300 x 300 cm\"}]},{\"@type\":\"WebSite\",\"@id\":\"https:\/\/www.corton.nl\/#website\",\"url\":\"https:\/\/www.corton.nl\/\",\"name\":\"Corton B.V.\",\"description\":\"\",\"potentialAction\":[{\"@type\":\"SearchAction\",\"target\":{\"@type\":\"EntryPoint\",\"urlTemplate\":\"https:\/\/www.corton.nl\/?s={search_term_string}\"},\"query-input\":{\"@type\":\"PropertyValueSpecification\",\"valueRequired\":true,\"valueName\":\"search_term_string\"}}],\"inLanguage\":\"es\"}]}<\/script>\n<!-- \/ Yoast SEO plugin. -->","yoast_head_json":{"title":"Refugio 300 x 300 cm - Corton BV.","robots":{"index":"index","follow":"follow","max-snippet":"max-snippet:-1","max-image-preview":"max-image-preview:large","max-video-preview":"max-video-preview:-1"},"canonical":"https:\/\/www.corton.nl\/es\/product\/refugio-para-caballos\/","og_locale":"es_ES","og_type":"article","og_title":"Schuilstal 300 x 300 cm - Corton B.V.","og_description":"De robuuste schuilstal van Corton combineert jarenlange expertise met robuuste kwaliteit en eenvoudig gebruik. Ontwikkeld voor intensief stalgebruik, ontworpen en geproduceerd in Nederland. Uit voorraad leverbaar voor een snelle levering.  Gesloten dubbelwandig U-profiel Trapezium profielplaten voorzien van vilt Eenvoudige montage  Uit voorraad kunnen wij diverse afmetingen en uitvoeringen leveren.  Bestel uw schuilstal direct uit voorraad online of vraag een offerte aan!","og_url":"https:\/\/www.corton.nl\/es\/product\/refugio-para-caballos\/","og_site_name":"Corton B.V.","article_modified_time":"2026-01-27T13:57:27+00:00","og_image":[{"width":1200,"height":900,"url":"https:\/\/www.corton.nl\/wp-content\/uploads\/2026\/01\/Schuilstal-Corton-paardenstal.jpg","type":"image\/jpeg"}],"twitter_card":"summary_large_image","twitter_misc":{"Tiempo de lectura":"2 minutos"},"schema":{"@context":"https:\/\/schema.org","@graph":[{"@type":"WebPage","@id":"https:\/\/www.corton.nl\/de\/produkt\/pferdestall-2\/","url":"https:\/\/www.corton.nl\/de\/produkt\/pferdestall-2\/","name":"Refugio 300 x 300 cm - Corton BV.","isPartOf":{"@id":"https:\/\/www.corton.nl\/#website"},"primaryImageOfPage":{"@id":"https:\/\/www.corton.nl\/de\/produkt\/pferdestall-2\/#primaryimage"},"image":{"@id":"https:\/\/www.corton.nl\/de\/produkt\/pferdestall-2\/#primaryimage"},"thumbnailUrl":"https:\/\/www.corton.nl\/wp-content\/uploads\/2026\/01\/Schuilstal-Corton-paardenstal.jpg","datePublished":"2026-01-22T14:06:38+00:00","dateModified":"2026-01-27T13:57:27+00:00","breadcrumb":{"@id":"https:\/\/www.corton.nl\/de\/produkt\/pferdestall-2\/#breadcrumb"},"inLanguage":"es","potentialAction":[{"@type":"ReadAction","target":["https:\/\/www.corton.nl\/de\/produkt\/pferdestall-2\/"]}]},{"@type":"ImageObject","inLanguage":"es","@id":"https:\/\/www.corton.nl\/de\/produkt\/pferdestall-2\/#primaryimage","url":"https:\/\/www.corton.nl\/wp-content\/uploads\/2026\/01\/Schuilstal-Corton-paardenstal.jpg","contentUrl":"https:\/\/www.corton.nl\/wp-content\/uploads\/2026\/01\/Schuilstal-Corton-paardenstal.jpg","width":1200,"height":900,"caption":"Schuilstal Corton - paardenstal"},{"@type":"BreadcrumbList","@id":"https:\/\/www.corton.nl\/de\/produkt\/pferdestall-2\/#breadcrumb","itemListElement":[{"@type":"ListItem","position":1,"name":"Home","item":"https:\/\/www.corton.nl\/"},{"@type":"ListItem","position":2,"name":"Webshop","item":"https:\/\/www.corton.nl\/webshop\/"},{"@type":"ListItem","position":3,"name":"Schuilstal 300 x 300 cm"}]},{"@type":"WebSite","@id":"https:\/\/www.corton.nl\/#website","url":"https:\/\/www.corton.nl\/","name":"Corton BV.","description":"","potentialAction":[{"@type":"SearchAction","target":{"@type":"EntryPoint","urlTemplate":"https:\/\/www.corton.nl\/?s={search_term_string}"},"query-input":{"@type":"PropertyValueSpecification","valueRequired":true,"valueName":"search_term_string"}}],"inLanguage":"es"}]}},"_links":{"self":[{"href":"https:\/\/www.corton.nl\/es\/wp-json\/wp\/v2\/product\/9654","targetHints":{"allow":["GET"]}}],"collection":[{"href":"https:\/\/www.corton.nl\/es\/wp-json\/wp\/v2\/product"}],"about":[{"href":"https:\/\/www.corton.nl\/es\/wp-json\/wp\/v2\/types\/product"}],"wp:featuredmedia":[{"embeddable":true,"href":"https:\/\/www.corton.nl\/es\/wp-json\/wp\/v2\/media\/9658"}],"wp:attachment":[{"href":"https:\/\/www.corton.nl\/es\/wp-json\/wp\/v2\/media?parent=9654"}],"wp:term":[{"taxonomy":"product_brand","embeddable":true,"href":"https:\/\/www.corton.nl\/es\/wp-json\/wp\/v2\/product_brand?post=9654"},{"taxonomy":"product_cat","embeddable":true,"href":"https:\/\/www.corton.nl\/es\/wp-json\/wp\/v2\/product_cat?post=9654"},{"taxonomy":"product_tag","embeddable":true,"href":"https:\/\/www.corton.nl\/es\/wp-json\/wp\/v2\/product_tag?post=9654"}],"curies":[{"name":"wp","href":"https:\/\/api.w.org\/{rel}","templated":true}]}}