{"id":9385,"date":"2025-11-27T12:13:47","date_gmt":"2025-11-27T11:13:47","guid":{"rendered":"https:\/\/www.corton.nl\/?post_type=product&#038;p=9385"},"modified":"2025-11-28T07:49:31","modified_gmt":"2025-11-28T06:49:31","slug":"puerta-de-paddock-estandar","status":"publish","type":"product","link":"https:\/\/www.corton.nl\/es\/product\/paddockdeur-standaard\/","title":{"rendered":"Puerta del paddock (est\u00e1ndar)"},"content":{"rendered":"<p><strong>Alta calidad y durabilidad.<\/strong><br \/>\nCon m\u00e1s de 50 a\u00f1os de experiencia en mobiliario de establos, Corton elige constantemente materiales y acabados que duran.<\/p>\n<p>La puerta de paddock est\u00e1ndar de serie es una versi\u00f3n vers\u00e1til cuyo tama\u00f1o y construcci\u00f3n se adaptan al uso intensivo del establo y a la seguridad, sin concesiones. La puerta del establo tiene... <strong>perfil de marco laminado especialmente<\/strong> (100 mm de profundidad) para mayor resistencia y estabilidad. Debido a la <strong>Bisagras ajustables de acero inoxidable<\/strong> La altura de la puerta se puede ajustar con precisi\u00f3n. El equipamiento est\u00e1ndar incluye una cerradura integrada que se abre f\u00e1cilmente desde dentro y desde fuera con una llave de obra.<\/p>\n<p>Nuestras puertas de establo est\u00e1n hechas de acero de alta calidad y completamente<strong> galvanizado por inmersi\u00f3n en caliente seg\u00fan NEN-EN-ISO 1461<\/strong> Para una protecci\u00f3n \u00f3ptima contra la corrosi\u00f3n. Tras el galvanizado, todos los componentes reciben un acabado cuidadoso y se eliminan las puntas afiladas para un acabado extra seguro y de alta calidad.<\/p>\n<p><strong>Puertas de paddock personalizadas<\/strong><br \/>\nCon numerosas opciones adicionales y acabados, puede personalizar las puertas de su establo seg\u00fan sus especificaciones mediante un trabajo personalizado exclusivo. Esto crea un establo que no solo es pr\u00e1ctico, sino que tambi\u00e9n irradia clase y una apariencia que se adapta perfectamente a sus deseos e ideas. <strong>\u00bfTiene curiosidad por las opciones personalizadas para las puertas de los paddocks? <\/strong><a href=\"https:\/\/www.corton.nl\/es\/puertas-de-paddock\/\">Ver todas las opciones aqu\u00ed<\/a>.<\/p>\n<p>Para asesoramiento personalizado o cualquier pregunta, no dude en contactarnos. Nuestros especialistas est\u00e1n listos para guiarle en el dise\u00f1o perfecto para su establo. <strong>\u00bfBuscas otras opciones?<\/strong> <a href=\"https:\/\/www.corton.nl\/es\/puertas-de-establo\/\">Ver todas las opciones aqu\u00ed<\/a>.<\/p>\n<p><strong>\u00bfPor qu\u00e9 elegir una puerta de paddock Corton?<\/strong><br \/>\n<strong>Confiabilidad y seguridad:<\/strong> D\u00e9cadas de experiencia se traducen en detalles inteligentes que garantizan un entorno seguro para su caballo.<br \/>\n<strong>Inversi\u00f3n a largo plazo:<\/strong> Los materiales de alta calidad y la construcci\u00f3n s\u00f3lida significan menos mantenimiento y una vida \u00fatil m\u00e1s larga.<br \/>\n<strong>Est\u00e9tica y funcionalidad:<\/strong> Gracias a las opciones personalizadas, la ventana se adapta perfectamente al resto de su establo, tanto en apariencia como en uso.<br \/>\n<strong>Producci\u00f3n local:<\/strong> Producido en los Pa\u00edses Bajos: l\u00edneas cortas, artesan\u00eda y enfoque en la calidad.<\/p>","protected":false},"excerpt":{"rendered":"<p>Los modelos b\u00e1sicos de Corton ofrecen el equilibrio perfecto entre durabilidad, facilidad de uso y precio. La puerta de paddock est\u00e1ndar est\u00e1 dise\u00f1ada para un uso intensivo en el establo, dise\u00f1ada y fabricada en los Pa\u00edses Bajos, y se puede personalizar completamente seg\u00fan las necesidades de su establo.<\/p>\n<p><strong>Dimensiones de instalaci\u00f3n: 2210 x 1110 mm<\/strong><\/p>\n<p><strong>Podemos suministrar varios modelos desde stock.<\/strong><br \/>\n\u00a1Pida su puerta de establo directamente desde el stock online!<\/p>","protected":false},"featured_media":9386,"template":"","meta":{"_acf_changed":false},"product_brand":[],"product_cat":[48],"product_tag":[],"class_list":{"0":"post-9385","1":"product","2":"type-product","3":"status-publish","4":"has-post-thumbnail","6":"product_cat-staldeuren","8":"first","9":"instock","10":"taxable","11":"shipping-taxable","12":"purchasable","13":"product-type-simple"},"acf":[],"yoast_head":"<!-- This site is optimized with the Yoast SEO plugin v27.0 - https:\/\/yoast.com\/product\/yoast-seo-wordpress\/ -->\n<title>Paddockdeur (standaard) - Corton B.V.<\/title>\n<meta name=\"robots\" content=\"index, follow, max-snippet:-1, max-image-preview:large, max-video-preview:-1\" \/>\n<link rel=\"canonical\" href=\"https:\/\/www.corton.nl\/es\/product\/puerta-de-paddock-estandar\/\" \/>\n<meta property=\"og:locale\" content=\"es_ES\" \/>\n<meta property=\"og:type\" content=\"article\" \/>\n<meta property=\"og:title\" content=\"Paddockdeur (standaard) - Corton B.V.\" \/>\n<meta property=\"og:description\" content=\"De instapmodellen van Corton bieden een perfecte balans tussen duurzaamheid, gebruiksgemak en prijs. De paddockdeur (standaard) is ontwikkeld voor intensief stalgebruik, ontworpen en geproduceerd in Nederland en eventueel volledig aan te passen naar uw stalwensen.  Inbouwmaat: 2210 x 1110 mm  Uit voorraad kunnen wij diverse uitvoeringen leveren. Bestel uw staldeur direct uit voorraad online!\" \/>\n<meta property=\"og:url\" content=\"https:\/\/www.corton.nl\/es\/product\/puerta-de-paddock-estandar\/\" \/>\n<meta property=\"og:site_name\" content=\"Corton B.V.\" \/>\n<meta property=\"article:modified_time\" content=\"2025-11-28T06:49:31+00:00\" \/>\n<meta property=\"og:image\" content=\"https:\/\/www.corton.nl\/wp-content\/uploads\/2025\/11\/Paddockdeur-standaard-dicht.jpg\" \/>\n\t<meta property=\"og:image:width\" content=\"1200\" \/>\n\t<meta property=\"og:image:height\" content=\"900\" \/>\n\t<meta property=\"og:image:type\" content=\"image\/jpeg\" \/>\n<meta name=\"twitter:card\" content=\"summary_large_image\" \/>\n<meta name=\"twitter:label1\" content=\"Tiempo de lectura\" \/>\n\t<meta name=\"twitter:data1\" content=\"2 minutos\" \/>\n<script type=\"application\/ld+json\" class=\"yoast-schema-graph\">{\"@context\":\"https:\/\/schema.org\",\"@graph\":[{\"@type\":\"WebPage\",\"@id\":\"https:\/\/www.corton.nl\/product\/paddockdeur-standaard\/\",\"url\":\"https:\/\/www.corton.nl\/product\/paddockdeur-standaard\/\",\"name\":\"Paddockdeur (standaard) - Corton B.V.\",\"isPartOf\":{\"@id\":\"https:\/\/www.corton.nl\/#website\"},\"primaryImageOfPage\":{\"@id\":\"https:\/\/www.corton.nl\/product\/paddockdeur-standaard\/#primaryimage\"},\"image\":{\"@id\":\"https:\/\/www.corton.nl\/product\/paddockdeur-standaard\/#primaryimage\"},\"thumbnailUrl\":\"https:\/\/www.corton.nl\/wp-content\/uploads\/2025\/11\/Paddockdeur-standaard-dicht.jpg\",\"datePublished\":\"2025-11-27T11:13:47+00:00\",\"dateModified\":\"2025-11-28T06:49:31+00:00\",\"breadcrumb\":{\"@id\":\"https:\/\/www.corton.nl\/product\/paddockdeur-standaard\/#breadcrumb\"},\"inLanguage\":\"es\",\"potentialAction\":[{\"@type\":\"ReadAction\",\"target\":[\"https:\/\/www.corton.nl\/product\/paddockdeur-standaard\/\"]}]},{\"@type\":\"ImageObject\",\"inLanguage\":\"es\",\"@id\":\"https:\/\/www.corton.nl\/product\/paddockdeur-standaard\/#primaryimage\",\"url\":\"https:\/\/www.corton.nl\/wp-content\/uploads\/2025\/11\/Paddockdeur-standaard-dicht.jpg\",\"contentUrl\":\"https:\/\/www.corton.nl\/wp-content\/uploads\/2025\/11\/Paddockdeur-standaard-dicht.jpg\",\"width\":1200,\"height\":900,\"caption\":\"Paddockdeur standaard - dicht\"},{\"@type\":\"BreadcrumbList\",\"@id\":\"https:\/\/www.corton.nl\/product\/paddockdeur-standaard\/#breadcrumb\",\"itemListElement\":[{\"@type\":\"ListItem\",\"position\":1,\"name\":\"Home\",\"item\":\"https:\/\/www.corton.nl\/\"},{\"@type\":\"ListItem\",\"position\":2,\"name\":\"Webshop\",\"item\":\"https:\/\/www.corton.nl\/webshop\/\"},{\"@type\":\"ListItem\",\"position\":3,\"name\":\"Paddockdeur (standaard)\"}]},{\"@type\":\"WebSite\",\"@id\":\"https:\/\/www.corton.nl\/#website\",\"url\":\"https:\/\/www.corton.nl\/\",\"name\":\"Corton B.V.\",\"description\":\"\",\"potentialAction\":[{\"@type\":\"SearchAction\",\"target\":{\"@type\":\"EntryPoint\",\"urlTemplate\":\"https:\/\/www.corton.nl\/?s={search_term_string}\"},\"query-input\":{\"@type\":\"PropertyValueSpecification\",\"valueRequired\":true,\"valueName\":\"search_term_string\"}}],\"inLanguage\":\"es\"}]}<\/script>\n<!-- \/ Yoast SEO plugin. -->","yoast_head_json":{"title":"Puerta de paddock (est\u00e1ndar) - Corton BV.","robots":{"index":"index","follow":"follow","max-snippet":"max-snippet:-1","max-image-preview":"max-image-preview:large","max-video-preview":"max-video-preview:-1"},"canonical":"https:\/\/www.corton.nl\/es\/product\/puerta-de-paddock-estandar\/","og_locale":"es_ES","og_type":"article","og_title":"Paddockdeur (standaard) - Corton B.V.","og_description":"De instapmodellen van Corton bieden een perfecte balans tussen duurzaamheid, gebruiksgemak en prijs. De paddockdeur (standaard) is ontwikkeld voor intensief stalgebruik, ontworpen en geproduceerd in Nederland en eventueel volledig aan te passen naar uw stalwensen.  Inbouwmaat: 2210 x 1110 mm  Uit voorraad kunnen wij diverse uitvoeringen leveren. Bestel uw staldeur direct uit voorraad online!","og_url":"https:\/\/www.corton.nl\/es\/product\/puerta-de-paddock-estandar\/","og_site_name":"Corton B.V.","article_modified_time":"2025-11-28T06:49:31+00:00","og_image":[{"width":1200,"height":900,"url":"https:\/\/www.corton.nl\/wp-content\/uploads\/2025\/11\/Paddockdeur-standaard-dicht.jpg","type":"image\/jpeg"}],"twitter_card":"summary_large_image","twitter_misc":{"Tiempo de lectura":"2 minutos"},"schema":{"@context":"https:\/\/schema.org","@graph":[{"@type":"WebPage","@id":"https:\/\/www.corton.nl\/product\/paddockdeur-standaard\/","url":"https:\/\/www.corton.nl\/product\/paddockdeur-standaard\/","name":"Puerta de paddock (est\u00e1ndar) - Corton BV.","isPartOf":{"@id":"https:\/\/www.corton.nl\/#website"},"primaryImageOfPage":{"@id":"https:\/\/www.corton.nl\/product\/paddockdeur-standaard\/#primaryimage"},"image":{"@id":"https:\/\/www.corton.nl\/product\/paddockdeur-standaard\/#primaryimage"},"thumbnailUrl":"https:\/\/www.corton.nl\/wp-content\/uploads\/2025\/11\/Paddockdeur-standaard-dicht.jpg","datePublished":"2025-11-27T11:13:47+00:00","dateModified":"2025-11-28T06:49:31+00:00","breadcrumb":{"@id":"https:\/\/www.corton.nl\/product\/paddockdeur-standaard\/#breadcrumb"},"inLanguage":"es","potentialAction":[{"@type":"ReadAction","target":["https:\/\/www.corton.nl\/product\/paddockdeur-standaard\/"]}]},{"@type":"ImageObject","inLanguage":"es","@id":"https:\/\/www.corton.nl\/product\/paddockdeur-standaard\/#primaryimage","url":"https:\/\/www.corton.nl\/wp-content\/uploads\/2025\/11\/Paddockdeur-standaard-dicht.jpg","contentUrl":"https:\/\/www.corton.nl\/wp-content\/uploads\/2025\/11\/Paddockdeur-standaard-dicht.jpg","width":1200,"height":900,"caption":"Paddockdeur standaard - dicht"},{"@type":"BreadcrumbList","@id":"https:\/\/www.corton.nl\/product\/paddockdeur-standaard\/#breadcrumb","itemListElement":[{"@type":"ListItem","position":1,"name":"Home","item":"https:\/\/www.corton.nl\/"},{"@type":"ListItem","position":2,"name":"Webshop","item":"https:\/\/www.corton.nl\/webshop\/"},{"@type":"ListItem","position":3,"name":"Paddockdeur (standaard)"}]},{"@type":"WebSite","@id":"https:\/\/www.corton.nl\/#website","url":"https:\/\/www.corton.nl\/","name":"Corton BV.","description":"","potentialAction":[{"@type":"SearchAction","target":{"@type":"EntryPoint","urlTemplate":"https:\/\/www.corton.nl\/?s={search_term_string}"},"query-input":{"@type":"PropertyValueSpecification","valueRequired":true,"valueName":"search_term_string"}}],"inLanguage":"es"}]}},"_links":{"self":[{"href":"https:\/\/www.corton.nl\/es\/wp-json\/wp\/v2\/product\/9385","targetHints":{"allow":["GET"]}}],"collection":[{"href":"https:\/\/www.corton.nl\/es\/wp-json\/wp\/v2\/product"}],"about":[{"href":"https:\/\/www.corton.nl\/es\/wp-json\/wp\/v2\/types\/product"}],"wp:featuredmedia":[{"embeddable":true,"href":"https:\/\/www.corton.nl\/es\/wp-json\/wp\/v2\/media\/9386"}],"wp:attachment":[{"href":"https:\/\/www.corton.nl\/es\/wp-json\/wp\/v2\/media?parent=9385"}],"wp:term":[{"taxonomy":"product_brand","embeddable":true,"href":"https:\/\/www.corton.nl\/es\/wp-json\/wp\/v2\/product_brand?post=9385"},{"taxonomy":"product_cat","embeddable":true,"href":"https:\/\/www.corton.nl\/es\/wp-json\/wp\/v2\/product_cat?post=9385"},{"taxonomy":"product_tag","embeddable":true,"href":"https:\/\/www.corton.nl\/es\/wp-json\/wp\/v2\/product_tag?post=9385"}],"curies":[{"name":"wp","href":"https:\/\/api.w.org\/{rel}","templated":true}]}}