{"id":9354,"date":"2025-11-24T16:05:54","date_gmt":"2025-11-24T15:05:54","guid":{"rendered":"https:\/\/www.corton.nl\/?post_type=product&#038;p=9354"},"modified":"2025-12-23T13:26:48","modified_gmt":"2025-12-23T12:26:48","slug":"tabique-divisorio-con-barras-profesional","status":"publish","type":"product","link":"https:\/\/www.corton.nl\/es\/product\/tussenwand-met-spijlen-professional\/","title":{"rendered":"Tabique divisorio con barras (profesional)"},"content":{"rendered":"<p><strong>Alta calidad y durabilidad.<\/strong><br \/>\nCon m\u00e1s de 50 a\u00f1os de experiencia en mobiliario de establos, Corton elige constantemente materiales y acabados duraderos. El tabique divisorio con barras est\u00e1 fabricado con... <strong>Perfil en U \u00fanico, cerrado y de doble pared<\/strong> en el que se fijan los tablones, sin aristas vivas ni partes salientes, garantizando as\u00ed seguridad y resistencia.<\/p>\n<p>El tabique divisorio est\u00e1ndar con barras es un modelo vers\u00e1til, con altura y grosor de barra est\u00e1ndar, adaptado para un uso intensivo en el establo y la seguridad. El perfil cuenta con orificios perforados para la fijaci\u00f3n de las barras. Estas se fijan a la <strong>parte inferior soldada<\/strong>, Esto da como resultado una construcci\u00f3n con mayor estabilidad y una larga vida \u00fatil. Las pesta\u00f1as de montaje se colocan en la parte inferior del muro, elev\u00e1ndolo ligeramente del suelo. Esto proporciona una mejor protecci\u00f3n contra la orina tanto para el perfil como para los tablones, prolongando significativamente la vida \u00fatil del muro.<\/p>\n<p>Nuestros boxes para caballos est\u00e1n fabricados en acero de alta calidad y completamente...<strong> galvanizado por inmersi\u00f3n en caliente seg\u00fan NEN-EN-ISO 1461<\/strong> Para una protecci\u00f3n \u00f3ptima contra la corrosi\u00f3n. Tras el galvanizado, todos los componentes reciben un acabado cuidadoso y se eliminan las puntas afiladas para un acabado extra seguro y de alta calidad.<\/p>\n<p><strong>Paredes de establo hechas a medida<\/strong><br \/>\nCon las numerosas opciones adicionales y posibilidades de acabado, puede personalizar la mampara seg\u00fan sus especificaciones con un trabajo personalizado exclusivo. Esto crea un espacio estable que no solo es pr\u00e1ctico, sino que tambi\u00e9n tiene una apariencia elegante y sofisticada que se adapta a sus deseos e ideas. <strong>\u00bfTiene curiosidad por las opciones personalizadas para las paredes divisorias? <\/strong><a href=\"https:\/\/www.corton.nl\/es\/paredes-divisorias\/\">Ver todas las opciones aqu\u00ed<\/a>.<\/p>\n<p>Para asesoramiento personalizado o cualquier pregunta, no dude en contactarnos. Nuestros especialistas est\u00e1n listos para guiarle en el dise\u00f1o perfecto para su establo. <strong>\u00bfBuscas un modelo diferente?<\/strong> <a href=\"https:\/\/www.corton.nl\/es\/cajas-para-caballos\/\">Ver todas las opciones aqu\u00ed<\/a>.<\/p>\n<p><strong>\u00bfPor qu\u00e9 elegir la mampara divisoria Corton?<\/strong><br \/>\n<strong>Confiabilidad y seguridad:<\/strong> D\u00e9cadas de experiencia se traducen en detalles inteligentes que garantizan un entorno seguro para su caballo.<br \/>\n<strong>Inversi\u00f3n a largo plazo:<\/strong> Los materiales de alta calidad y la construcci\u00f3n s\u00f3lida significan menos mantenimiento y una vida \u00fatil m\u00e1s larga.<br \/>\n<strong>Est\u00e9tica y funcionalidad:<\/strong> Gracias a las opciones personalizadas, la pared se adapta perfectamente al resto de su establo, tanto en apariencia como en uso.<br \/>\n<strong>Producci\u00f3n local:<\/strong> Producido en los Pa\u00edses Bajos: l\u00edneas cortas, artesan\u00eda y enfoque en la calidad.<\/p>","protected":false},"excerpt":{"rendered":"<p>La mampara para cuadras con barrotes Corton combina a\u00f1os de experiencia con una calidad robusta y facilidad de uso. Desarrollada para un uso intensivo en cuadras, dise\u00f1ada y fabricada en los Pa\u00edses Bajos, y totalmente personalizable seg\u00fan las necesidades de su cuadra.<\/p>\n<p><strong>Perfil en U de doble pared cerrado<\/strong><\/p>\n<p><strong>Podemos suministrar varios tama\u00f1os y dise\u00f1os desde stock. <\/strong><br \/>\n\u00a1Pida su muro de establo directamente desde el stock online!<\/p>","protected":false},"featured_media":9552,"template":"","meta":{"_acf_changed":false},"product_brand":[],"product_cat":[44],"product_tag":[],"class_list":{"0":"post-9354","1":"product","2":"type-product","3":"status-publish","4":"has-post-thumbnail","6":"product_cat-paardenboxen","8":"first","9":"instock","10":"taxable","11":"shipping-taxable","12":"purchasable","13":"product-type-simple"},"acf":[],"yoast_head":"<!-- This site is optimized with the Yoast SEO plugin v27.0 - https:\/\/yoast.com\/product\/yoast-seo-wordpress\/ -->\n<title>Tussenwand met spijlen (professional) - Corton B.V.<\/title>\n<meta name=\"robots\" content=\"index, follow, max-snippet:-1, max-image-preview:large, max-video-preview:-1\" \/>\n<link rel=\"canonical\" href=\"https:\/\/www.corton.nl\/es\/product\/tabique-divisorio-con-barras-profesional\/\" \/>\n<meta property=\"og:locale\" content=\"es_ES\" \/>\n<meta property=\"og:type\" content=\"article\" \/>\n<meta property=\"og:title\" content=\"Tussenwand met spijlen (professional) - Corton B.V.\" \/>\n<meta property=\"og:description\" content=\"De paardenbox tussenwand met spijlen van Corton combineert jarenlange expertise met robuuste kwaliteit en eenvoudig gebruik. Ontwikkeld voor intensief stalgebruik, ontworpen en geproduceerd in Nederland en eventueel volledig aan te passen naar uw stalwensen.  Gesloten dubbelwandig U-profiel  Uit voorraad kunnen wij diverse afmetingen en uitvoeringen leveren.  Bestel uw stalwand direct uit voorraad online!\" \/>\n<meta property=\"og:url\" content=\"https:\/\/www.corton.nl\/es\/product\/tabique-divisorio-con-barras-profesional\/\" \/>\n<meta property=\"og:site_name\" content=\"Corton B.V.\" \/>\n<meta property=\"article:modified_time\" content=\"2025-12-23T12:26:48+00:00\" \/>\n<meta property=\"og:image\" content=\"https:\/\/www.corton.nl\/wp-content\/uploads\/2025\/11\/Stalwand-prof-tussenwand-met-spijlen-26.jpg\" \/>\n\t<meta property=\"og:image:width\" content=\"1200\" \/>\n\t<meta property=\"og:image:height\" content=\"900\" \/>\n\t<meta property=\"og:image:type\" content=\"image\/jpeg\" \/>\n<meta name=\"twitter:card\" content=\"summary_large_image\" \/>\n<meta name=\"twitter:label1\" content=\"Tiempo de lectura\" \/>\n\t<meta name=\"twitter:data1\" content=\"2 minutos\" \/>\n<script type=\"application\/ld+json\" class=\"yoast-schema-graph\">{\"@context\":\"https:\/\/schema.org\",\"@graph\":[{\"@type\":\"WebPage\",\"@id\":\"https:\/\/www.corton.nl\/product\/tussenwand-met-spijlen-professional\/\",\"url\":\"https:\/\/www.corton.nl\/product\/tussenwand-met-spijlen-professional\/\",\"name\":\"Tussenwand met spijlen (professional) - Corton B.V.\",\"isPartOf\":{\"@id\":\"https:\/\/www.corton.nl\/#website\"},\"primaryImageOfPage\":{\"@id\":\"https:\/\/www.corton.nl\/product\/tussenwand-met-spijlen-professional\/#primaryimage\"},\"image\":{\"@id\":\"https:\/\/www.corton.nl\/product\/tussenwand-met-spijlen-professional\/#primaryimage\"},\"thumbnailUrl\":\"https:\/\/www.corton.nl\/wp-content\/uploads\/2025\/11\/Stalwand-prof-tussenwand-met-spijlen-26.jpg\",\"datePublished\":\"2025-11-24T15:05:54+00:00\",\"dateModified\":\"2025-12-23T12:26:48+00:00\",\"breadcrumb\":{\"@id\":\"https:\/\/www.corton.nl\/product\/tussenwand-met-spijlen-professional\/#breadcrumb\"},\"inLanguage\":\"es\",\"potentialAction\":[{\"@type\":\"ReadAction\",\"target\":[\"https:\/\/www.corton.nl\/product\/tussenwand-met-spijlen-professional\/\"]}]},{\"@type\":\"ImageObject\",\"inLanguage\":\"es\",\"@id\":\"https:\/\/www.corton.nl\/product\/tussenwand-met-spijlen-professional\/#primaryimage\",\"url\":\"https:\/\/www.corton.nl\/wp-content\/uploads\/2025\/11\/Stalwand-prof-tussenwand-met-spijlen-26.jpg\",\"contentUrl\":\"https:\/\/www.corton.nl\/wp-content\/uploads\/2025\/11\/Stalwand-prof-tussenwand-met-spijlen-26.jpg\",\"width\":1200,\"height\":900},{\"@type\":\"BreadcrumbList\",\"@id\":\"https:\/\/www.corton.nl\/product\/tussenwand-met-spijlen-professional\/#breadcrumb\",\"itemListElement\":[{\"@type\":\"ListItem\",\"position\":1,\"name\":\"Home\",\"item\":\"https:\/\/www.corton.nl\/\"},{\"@type\":\"ListItem\",\"position\":2,\"name\":\"Webshop\",\"item\":\"https:\/\/www.corton.nl\/webshop\/\"},{\"@type\":\"ListItem\",\"position\":3,\"name\":\"Tussenwand met spijlen (professional)\"}]},{\"@type\":\"WebSite\",\"@id\":\"https:\/\/www.corton.nl\/#website\",\"url\":\"https:\/\/www.corton.nl\/\",\"name\":\"Corton B.V.\",\"description\":\"\",\"potentialAction\":[{\"@type\":\"SearchAction\",\"target\":{\"@type\":\"EntryPoint\",\"urlTemplate\":\"https:\/\/www.corton.nl\/?s={search_term_string}\"},\"query-input\":{\"@type\":\"PropertyValueSpecification\",\"valueRequired\":true,\"valueName\":\"search_term_string\"}}],\"inLanguage\":\"es\"}]}<\/script>\n<!-- \/ Yoast SEO plugin. -->","yoast_head_json":{"title":"Tabique divisorio con barras (profesional) - Corton BV.","robots":{"index":"index","follow":"follow","max-snippet":"max-snippet:-1","max-image-preview":"max-image-preview:large","max-video-preview":"max-video-preview:-1"},"canonical":"https:\/\/www.corton.nl\/es\/product\/tabique-divisorio-con-barras-profesional\/","og_locale":"es_ES","og_type":"article","og_title":"Tussenwand met spijlen (professional) - Corton B.V.","og_description":"De paardenbox tussenwand met spijlen van Corton combineert jarenlange expertise met robuuste kwaliteit en eenvoudig gebruik. Ontwikkeld voor intensief stalgebruik, ontworpen en geproduceerd in Nederland en eventueel volledig aan te passen naar uw stalwensen.  Gesloten dubbelwandig U-profiel  Uit voorraad kunnen wij diverse afmetingen en uitvoeringen leveren.  Bestel uw stalwand direct uit voorraad online!","og_url":"https:\/\/www.corton.nl\/es\/product\/tabique-divisorio-con-barras-profesional\/","og_site_name":"Corton B.V.","article_modified_time":"2025-12-23T12:26:48+00:00","og_image":[{"width":1200,"height":900,"url":"https:\/\/www.corton.nl\/wp-content\/uploads\/2025\/11\/Stalwand-prof-tussenwand-met-spijlen-26.jpg","type":"image\/jpeg"}],"twitter_card":"summary_large_image","twitter_misc":{"Tiempo de lectura":"2 minutos"},"schema":{"@context":"https:\/\/schema.org","@graph":[{"@type":"WebPage","@id":"https:\/\/www.corton.nl\/product\/tussenwand-met-spijlen-professional\/","url":"https:\/\/www.corton.nl\/product\/tussenwand-met-spijlen-professional\/","name":"Tabique divisorio con barras (profesional) - Corton BV.","isPartOf":{"@id":"https:\/\/www.corton.nl\/#website"},"primaryImageOfPage":{"@id":"https:\/\/www.corton.nl\/product\/tussenwand-met-spijlen-professional\/#primaryimage"},"image":{"@id":"https:\/\/www.corton.nl\/product\/tussenwand-met-spijlen-professional\/#primaryimage"},"thumbnailUrl":"https:\/\/www.corton.nl\/wp-content\/uploads\/2025\/11\/Stalwand-prof-tussenwand-met-spijlen-26.jpg","datePublished":"2025-11-24T15:05:54+00:00","dateModified":"2025-12-23T12:26:48+00:00","breadcrumb":{"@id":"https:\/\/www.corton.nl\/product\/tussenwand-met-spijlen-professional\/#breadcrumb"},"inLanguage":"es","potentialAction":[{"@type":"ReadAction","target":["https:\/\/www.corton.nl\/product\/tussenwand-met-spijlen-professional\/"]}]},{"@type":"ImageObject","inLanguage":"es","@id":"https:\/\/www.corton.nl\/product\/tussenwand-met-spijlen-professional\/#primaryimage","url":"https:\/\/www.corton.nl\/wp-content\/uploads\/2025\/11\/Stalwand-prof-tussenwand-met-spijlen-26.jpg","contentUrl":"https:\/\/www.corton.nl\/wp-content\/uploads\/2025\/11\/Stalwand-prof-tussenwand-met-spijlen-26.jpg","width":1200,"height":900},{"@type":"BreadcrumbList","@id":"https:\/\/www.corton.nl\/product\/tussenwand-met-spijlen-professional\/#breadcrumb","itemListElement":[{"@type":"ListItem","position":1,"name":"Home","item":"https:\/\/www.corton.nl\/"},{"@type":"ListItem","position":2,"name":"Webshop","item":"https:\/\/www.corton.nl\/webshop\/"},{"@type":"ListItem","position":3,"name":"Tussenwand met spijlen (professional)"}]},{"@type":"WebSite","@id":"https:\/\/www.corton.nl\/#website","url":"https:\/\/www.corton.nl\/","name":"Corton BV.","description":"","potentialAction":[{"@type":"SearchAction","target":{"@type":"EntryPoint","urlTemplate":"https:\/\/www.corton.nl\/?s={search_term_string}"},"query-input":{"@type":"PropertyValueSpecification","valueRequired":true,"valueName":"search_term_string"}}],"inLanguage":"es"}]}},"_links":{"self":[{"href":"https:\/\/www.corton.nl\/es\/wp-json\/wp\/v2\/product\/9354","targetHints":{"allow":["GET"]}}],"collection":[{"href":"https:\/\/www.corton.nl\/es\/wp-json\/wp\/v2\/product"}],"about":[{"href":"https:\/\/www.corton.nl\/es\/wp-json\/wp\/v2\/types\/product"}],"wp:featuredmedia":[{"embeddable":true,"href":"https:\/\/www.corton.nl\/es\/wp-json\/wp\/v2\/media\/9552"}],"wp:attachment":[{"href":"https:\/\/www.corton.nl\/es\/wp-json\/wp\/v2\/media?parent=9354"}],"wp:term":[{"taxonomy":"product_brand","embeddable":true,"href":"https:\/\/www.corton.nl\/es\/wp-json\/wp\/v2\/product_brand?post=9354"},{"taxonomy":"product_cat","embeddable":true,"href":"https:\/\/www.corton.nl\/es\/wp-json\/wp\/v2\/product_cat?post=9354"},{"taxonomy":"product_tag","embeddable":true,"href":"https:\/\/www.corton.nl\/es\/wp-json\/wp\/v2\/product_tag?post=9354"}],"curies":[{"name":"wp","href":"https:\/\/api.w.org\/{rel}","templated":true}]}}