{"id":9311,"date":"2025-11-24T12:02:30","date_gmt":"2025-11-24T11:02:30","guid":{"rendered":"https:\/\/www.corton.nl\/?post_type=product&#038;p=9311"},"modified":"2025-12-23T13:26:15","modified_gmt":"2025-12-23T12:26:15","slug":"pared-frontal-duque-profesional","status":"publish","type":"product","link":"https:\/\/www.corton.nl\/es\/product\/voorwand-duke-professional\/","title":{"rendered":"Pared frontal Duke (profesional)"},"content":{"rendered":"<p><strong>Alta calidad y durabilidad.<\/strong><br \/>\nCon m\u00e1s de 50 a\u00f1os de experiencia en equipamiento para establos, Corton elige constantemente materiales y acabados duraderos. La pared frontal &quot;Duke&quot; Professional est\u00e1 fabricada con... <strong>Perfil en U \u00fanico, cerrado y de doble pared<\/strong> en el que se fijan los tablones, sin aristas vivas ni partes salientes, garantizando as\u00ed seguridad y resistencia.<\/p>\n<p>Gracias a la puerta corredera (izquierda o derecha) con <strong>Cerradura de barra autom\u00e1tica, ruedas con cojinetes de bolas, leva fundida y gu\u00eda de puerta de seguridad.<\/strong> El panel frontal de Duke ofrece a\u00f1os de \u00f3ptima comodidad de trabajo. La apertura de la puerta est\u00e1 equipada con un... <strong>Marco de acero continuo con tira de umbral curvada<\/strong> y la pared tiene <strong>barras soldadas a trav\u00e9s del perfil<\/strong>, lo que proporciona mayor estabilidad y resistencia a largo plazo. Las pesta\u00f1as de montaje se fijan a la parte inferior del muro, elev\u00e1ndolo ligeramente del suelo. Esto mantiene tanto el perfil como los tablones mejor protegidos de la orina, prolongando significativamente la vida \u00fatil del muro.<\/p>\n<p>La puerta corredera est\u00e1 equipada con un est\u00e1ndar <strong>apertura<\/strong>, pero tambi\u00e9n se puede suministrar con un <strong>mini puerta o completamente cerrada<\/strong> con barras.<\/p>\n<p>Nuestros boxes para caballos est\u00e1n fabricados en acero de alta calidad y completamente...<strong> galvanizado por inmersi\u00f3n en caliente seg\u00fan NEN-EN-ISO 1461<\/strong> Para una protecci\u00f3n \u00f3ptima contra la corrosi\u00f3n. Tras el galvanizado, todos los componentes reciben un acabado cuidadoso y se eliminan las puntas afiladas para un acabado extra seguro y de alta calidad.<\/p>\n<p><strong>Paredes de establo hechas a medida<\/strong><br \/>\nCon numerosas opciones adicionales y acabados, puede personalizar la pared del establo Duke seg\u00fan sus especificaciones mediante un trabajo personalizado exclusivo. Esto crea un establo pr\u00e1ctico y elegante que se adapta perfectamente a sus deseos e ideas. <strong>\u00bfSientes curiosidad por las opciones personalizadas para la pared del establo Duke? <\/strong><a href=\"https:\/\/www.corton.nl\/es\/pared-frontal-del-cajon-del-caballo-duque\/\">Ver todas las opciones aqu\u00ed<\/a>.<\/p>\n<p>Para asesoramiento personalizado o cualquier pregunta, no dude en contactarnos. Nuestros especialistas est\u00e1n listos para guiarle en el dise\u00f1o perfecto para su establo. <strong>\u00bfBuscas un modelo diferente?<\/strong> <a href=\"https:\/\/www.corton.nl\/es\/cajas-para-caballos\/\">Ver todas las opciones aqu\u00ed<\/a>.<\/p>\n<p><strong>\u00bfPor qu\u00e9 elegir la pared de cuadra Corton &quot;Duke&quot;?<\/strong><br \/>\n<strong>Confiabilidad y seguridad:<\/strong> D\u00e9cadas de experiencia se traducen en detalles inteligentes que garantizan un entorno seguro para su caballo.<br \/>\n<strong>Inversi\u00f3n a largo plazo:<\/strong> Los materiales de alta calidad y la construcci\u00f3n s\u00f3lida significan menos mantenimiento y una vida \u00fatil m\u00e1s larga.<br \/>\n<strong>Est\u00e9tica y funcionalidad:<\/strong> Gracias a las opciones personalizadas, la pared se adapta perfectamente al resto de su establo, tanto en apariencia como en uso.<br \/>\n<strong>Producci\u00f3n local:<\/strong> Producido en los Pa\u00edses Bajos: l\u00edneas cortas, artesan\u00eda y enfoque en la calidad.<\/p>","protected":false},"excerpt":{"rendered":"<p>El separador de cuadras Corton &quot;Duke&quot; Professional combina a\u00f1os de experiencia con una calidad robusta y facilidad de uso. Dise\u00f1ado para un uso intensivo en cuadras, est\u00e1 dise\u00f1ado y fabricado en los Pa\u00edses Bajos y se puede personalizar completamente seg\u00fan las necesidades de su cuadra.<\/p>\n<p><strong>Perfil en U de doble pared cerrado<\/strong><br \/>\n<strong>Marco de acero continuo<\/strong><br \/>\n<strong>Riel ROB\u00ae de longitud completa para trabajo pesado, rodillos t\u00e1ndem<\/strong><\/p>\n<p><strong>Podemos suministrar varios tama\u00f1os y dise\u00f1os desde stock. <\/strong><br \/>\n\u00a1Pida su muro de establo directamente desde el stock online!<\/p>","protected":false},"featured_media":9549,"template":"","meta":{"_acf_changed":false},"product_brand":[],"product_cat":[44],"product_tag":[],"class_list":{"0":"post-9311","1":"product","2":"type-product","3":"status-publish","4":"has-post-thumbnail","6":"product_cat-paardenboxen","8":"first","9":"instock","10":"taxable","11":"shipping-taxable","12":"purchasable","13":"product-type-simple"},"acf":[],"yoast_head":"<!-- This site is optimized with the Yoast SEO plugin v27.0 - https:\/\/yoast.com\/product\/yoast-seo-wordpress\/ -->\n<title>Voorwand Duke (professional) - Corton B.V.<\/title>\n<meta name=\"robots\" content=\"index, follow, max-snippet:-1, max-image-preview:large, max-video-preview:-1\" \/>\n<link rel=\"canonical\" href=\"https:\/\/www.corton.nl\/es\/product\/pared-frontal-duque-profesional\/\" \/>\n<meta property=\"og:locale\" content=\"es_ES\" \/>\n<meta property=\"og:type\" content=\"article\" \/>\n<meta property=\"og:title\" content=\"Voorwand Duke (professional) - Corton B.V.\" \/>\n<meta property=\"og:description\" content=\"De paardenbox-voorwand \u201cDuke\u201d Professional van Corton combineert jarenlange expertise met robuuste kwaliteit en eenvoudig gebruik. Ontwikkeld voor intensief stalgebruik, ontworpen en geproduceerd in Nederland en eventueel volledig aan te passen naar jouw stalwensen.  Gesloten dubbelwandig U-profiel Doorlopend stalen frame Zware ROB\u00ae rail over de volledige lengte, tandemmodel hangrollen  Uit voorraad kunnen wij diverse afmetingen en uitvoeringen leveren.  Bestel uw stalwand direct uit voorraad online!\" \/>\n<meta property=\"og:url\" content=\"https:\/\/www.corton.nl\/es\/product\/pared-frontal-duque-profesional\/\" \/>\n<meta property=\"og:site_name\" content=\"Corton B.V.\" \/>\n<meta property=\"article:modified_time\" content=\"2025-12-23T12:26:15+00:00\" \/>\n<meta property=\"og:image\" content=\"https:\/\/www.corton.nl\/wp-content\/uploads\/2025\/11\/Stalwand-prof-duke-links-26.jpg\" \/>\n\t<meta property=\"og:image:width\" content=\"1200\" \/>\n\t<meta property=\"og:image:height\" content=\"900\" \/>\n\t<meta property=\"og:image:type\" content=\"image\/jpeg\" \/>\n<meta name=\"twitter:card\" content=\"summary_large_image\" \/>\n<meta name=\"twitter:label1\" content=\"Tiempo de lectura\" \/>\n\t<meta name=\"twitter:data1\" content=\"2 minutos\" \/>\n<script type=\"application\/ld+json\" class=\"yoast-schema-graph\">{\"@context\":\"https:\/\/schema.org\",\"@graph\":[{\"@type\":\"WebPage\",\"@id\":\"https:\/\/www.corton.nl\/product\/voorwand-duke-professional\/\",\"url\":\"https:\/\/www.corton.nl\/product\/voorwand-duke-professional\/\",\"name\":\"Voorwand Duke (professional) - Corton B.V.\",\"isPartOf\":{\"@id\":\"https:\/\/www.corton.nl\/#website\"},\"primaryImageOfPage\":{\"@id\":\"https:\/\/www.corton.nl\/product\/voorwand-duke-professional\/#primaryimage\"},\"image\":{\"@id\":\"https:\/\/www.corton.nl\/product\/voorwand-duke-professional\/#primaryimage\"},\"thumbnailUrl\":\"https:\/\/www.corton.nl\/wp-content\/uploads\/2025\/11\/Stalwand-prof-duke-links-26.jpg\",\"datePublished\":\"2025-11-24T11:02:30+00:00\",\"dateModified\":\"2025-12-23T12:26:15+00:00\",\"breadcrumb\":{\"@id\":\"https:\/\/www.corton.nl\/product\/voorwand-duke-professional\/#breadcrumb\"},\"inLanguage\":\"es\",\"potentialAction\":[{\"@type\":\"ReadAction\",\"target\":[\"https:\/\/www.corton.nl\/product\/voorwand-duke-professional\/\"]}]},{\"@type\":\"ImageObject\",\"inLanguage\":\"es\",\"@id\":\"https:\/\/www.corton.nl\/product\/voorwand-duke-professional\/#primaryimage\",\"url\":\"https:\/\/www.corton.nl\/wp-content\/uploads\/2025\/11\/Stalwand-prof-duke-links-26.jpg\",\"contentUrl\":\"https:\/\/www.corton.nl\/wp-content\/uploads\/2025\/11\/Stalwand-prof-duke-links-26.jpg\",\"width\":1200,\"height\":900},{\"@type\":\"BreadcrumbList\",\"@id\":\"https:\/\/www.corton.nl\/product\/voorwand-duke-professional\/#breadcrumb\",\"itemListElement\":[{\"@type\":\"ListItem\",\"position\":1,\"name\":\"Home\",\"item\":\"https:\/\/www.corton.nl\/\"},{\"@type\":\"ListItem\",\"position\":2,\"name\":\"Webshop\",\"item\":\"https:\/\/www.corton.nl\/webshop\/\"},{\"@type\":\"ListItem\",\"position\":3,\"name\":\"Voorwand Duke (professional)\"}]},{\"@type\":\"WebSite\",\"@id\":\"https:\/\/www.corton.nl\/#website\",\"url\":\"https:\/\/www.corton.nl\/\",\"name\":\"Corton B.V.\",\"description\":\"\",\"potentialAction\":[{\"@type\":\"SearchAction\",\"target\":{\"@type\":\"EntryPoint\",\"urlTemplate\":\"https:\/\/www.corton.nl\/?s={search_term_string}\"},\"query-input\":{\"@type\":\"PropertyValueSpecification\",\"valueRequired\":true,\"valueName\":\"search_term_string\"}}],\"inLanguage\":\"es\"}]}<\/script>\n<!-- \/ Yoast SEO plugin. -->","yoast_head_json":{"title":"Pared frontal Duke (profesional) - Corton BV.","robots":{"index":"index","follow":"follow","max-snippet":"max-snippet:-1","max-image-preview":"max-image-preview:large","max-video-preview":"max-video-preview:-1"},"canonical":"https:\/\/www.corton.nl\/es\/product\/pared-frontal-duque-profesional\/","og_locale":"es_ES","og_type":"article","og_title":"Voorwand Duke (professional) - Corton B.V.","og_description":"De paardenbox-voorwand \u201cDuke\u201d Professional van Corton combineert jarenlange expertise met robuuste kwaliteit en eenvoudig gebruik. Ontwikkeld voor intensief stalgebruik, ontworpen en geproduceerd in Nederland en eventueel volledig aan te passen naar jouw stalwensen.  Gesloten dubbelwandig U-profiel Doorlopend stalen frame Zware ROB\u00ae rail over de volledige lengte, tandemmodel hangrollen  Uit voorraad kunnen wij diverse afmetingen en uitvoeringen leveren.  Bestel uw stalwand direct uit voorraad online!","og_url":"https:\/\/www.corton.nl\/es\/product\/pared-frontal-duque-profesional\/","og_site_name":"Corton B.V.","article_modified_time":"2025-12-23T12:26:15+00:00","og_image":[{"width":1200,"height":900,"url":"https:\/\/www.corton.nl\/wp-content\/uploads\/2025\/11\/Stalwand-prof-duke-links-26.jpg","type":"image\/jpeg"}],"twitter_card":"summary_large_image","twitter_misc":{"Tiempo de lectura":"2 minutos"},"schema":{"@context":"https:\/\/schema.org","@graph":[{"@type":"WebPage","@id":"https:\/\/www.corton.nl\/product\/voorwand-duke-professional\/","url":"https:\/\/www.corton.nl\/product\/voorwand-duke-professional\/","name":"Pared frontal Duke (profesional) - Corton BV.","isPartOf":{"@id":"https:\/\/www.corton.nl\/#website"},"primaryImageOfPage":{"@id":"https:\/\/www.corton.nl\/product\/voorwand-duke-professional\/#primaryimage"},"image":{"@id":"https:\/\/www.corton.nl\/product\/voorwand-duke-professional\/#primaryimage"},"thumbnailUrl":"https:\/\/www.corton.nl\/wp-content\/uploads\/2025\/11\/Stalwand-prof-duke-links-26.jpg","datePublished":"2025-11-24T11:02:30+00:00","dateModified":"2025-12-23T12:26:15+00:00","breadcrumb":{"@id":"https:\/\/www.corton.nl\/product\/voorwand-duke-professional\/#breadcrumb"},"inLanguage":"es","potentialAction":[{"@type":"ReadAction","target":["https:\/\/www.corton.nl\/product\/voorwand-duke-professional\/"]}]},{"@type":"ImageObject","inLanguage":"es","@id":"https:\/\/www.corton.nl\/product\/voorwand-duke-professional\/#primaryimage","url":"https:\/\/www.corton.nl\/wp-content\/uploads\/2025\/11\/Stalwand-prof-duke-links-26.jpg","contentUrl":"https:\/\/www.corton.nl\/wp-content\/uploads\/2025\/11\/Stalwand-prof-duke-links-26.jpg","width":1200,"height":900},{"@type":"BreadcrumbList","@id":"https:\/\/www.corton.nl\/product\/voorwand-duke-professional\/#breadcrumb","itemListElement":[{"@type":"ListItem","position":1,"name":"Home","item":"https:\/\/www.corton.nl\/"},{"@type":"ListItem","position":2,"name":"Webshop","item":"https:\/\/www.corton.nl\/webshop\/"},{"@type":"ListItem","position":3,"name":"Voorwand Duke (professional)"}]},{"@type":"WebSite","@id":"https:\/\/www.corton.nl\/#website","url":"https:\/\/www.corton.nl\/","name":"Corton BV.","description":"","potentialAction":[{"@type":"SearchAction","target":{"@type":"EntryPoint","urlTemplate":"https:\/\/www.corton.nl\/?s={search_term_string}"},"query-input":{"@type":"PropertyValueSpecification","valueRequired":true,"valueName":"search_term_string"}}],"inLanguage":"es"}]}},"_links":{"self":[{"href":"https:\/\/www.corton.nl\/es\/wp-json\/wp\/v2\/product\/9311","targetHints":{"allow":["GET"]}}],"collection":[{"href":"https:\/\/www.corton.nl\/es\/wp-json\/wp\/v2\/product"}],"about":[{"href":"https:\/\/www.corton.nl\/es\/wp-json\/wp\/v2\/types\/product"}],"wp:featuredmedia":[{"embeddable":true,"href":"https:\/\/www.corton.nl\/es\/wp-json\/wp\/v2\/media\/9549"}],"wp:attachment":[{"href":"https:\/\/www.corton.nl\/es\/wp-json\/wp\/v2\/media?parent=9311"}],"wp:term":[{"taxonomy":"product_brand","embeddable":true,"href":"https:\/\/www.corton.nl\/es\/wp-json\/wp\/v2\/product_brand?post=9311"},{"taxonomy":"product_cat","embeddable":true,"href":"https:\/\/www.corton.nl\/es\/wp-json\/wp\/v2\/product_cat?post=9311"},{"taxonomy":"product_tag","embeddable":true,"href":"https:\/\/www.corton.nl\/es\/wp-json\/wp\/v2\/product_tag?post=9311"}],"curies":[{"name":"wp","href":"https:\/\/api.w.org\/{rel}","templated":true}]}}