{"id":9267,"date":"2025-11-18T13:43:12","date_gmt":"2025-11-18T12:43:12","guid":{"rendered":"https:\/\/www.corton.nl\/?post_type=product&#038;p=9267"},"modified":"2025-11-27T08:32:50","modified_gmt":"2025-11-27T07:32:50","slug":"ventana-de-establo-profesional-con-arco","status":"publish","type":"product","link":"https:\/\/www.corton.nl\/es\/product\/stalraam-professional-met-toog\/","title":{"rendered":"Ventana de establo (profesional) con arco"},"content":{"rendered":"<p><strong>Alta calidad y durabilidad.<\/strong><br \/>\nCon m\u00e1s de 50 a\u00f1os de experiencia en mobiliario de establos, Corton elige constantemente materiales y acabados que duran.<\/p>\n<p>La ventana de establo con arco es un modelo de lujo vers\u00e1til, cuyo tama\u00f1o y construcci\u00f3n se adaptan al uso intensivo del establo y a la seguridad, sin concesiones. La ventana tiene... <strong>Perfil de marco laminado especialmente (100 mm de profundidad)<\/strong> para mayor resistencia y estabilidad. Debido a la <strong>Bisagras exc\u00e9ntricas de acero inoxidable<\/strong> La altura de la ventana se puede ajustar con precisi\u00f3n. La ventana del establo est\u00e1 equipada de serie con <strong>una reja de barra<\/strong>, que garantiza una seguridad \u00f3ptima para los caballos. Tambi\u00e9n puede elegir opcionalmente una versi\u00f3n con <strong>funci\u00f3n de inclinaci\u00f3n y giro<\/strong>. La versi\u00f3n profesional cuenta con un alf\u00e9izar superior. La versi\u00f3n oscilobatiente tambi\u00e9n cuenta con un alf\u00e9izar adicional en la parte inferior.<\/p>\n<p>Las ventanas de establo &quot;profesionales&quot; est\u00e1n equipadas de serie con una cerradura de cilindro. Tambi\u00e9n ofrecemos un pomo giratorio est\u00e1ndar (con coste adicional) que se puede accionar tanto desde dentro como desde fuera. Tambi\u00e9n podemos suministrar la ventana con una llave de tirador (para sustituir el pomo giratorio) de stock. Esta versi\u00f3n cuenta con un arco que le da un aspecto a\u00fan m\u00e1s lujoso.<\/p>\n<p>Nuestras ventanas de establo est\u00e1n hechas de acero de alta calidad y completamente<strong> galvanizado por inmersi\u00f3n en caliente seg\u00fan NEN-EN-ISO 1461<\/strong> Para una protecci\u00f3n \u00f3ptima contra la corrosi\u00f3n. Tras el galvanizado, todos los componentes reciben un acabado cuidadoso y se eliminan las puntas afiladas para un acabado extra seguro y de alta calidad.<\/p>\n<p><strong>Ventanas de establo hechas a medida<\/strong><br \/>\nCon numerosas opciones adicionales y acabados, puede personalizar las ventanas de su granero seg\u00fan sus especificaciones mediante un trabajo personalizado exclusivo. Esto crea un granero pr\u00e1ctico y con un aspecto elegante que se adapta perfectamente a sus deseos e ideas. <strong>\u00bfTienes curiosidad por las opciones personalizadas para ventanas estables? <\/strong><a href=\"https:\/\/www.corton.nl\/es\/ventanas-estables\/\">Ver todas las opciones aqu\u00ed<\/a>.<\/p>\n<p>Para asesoramiento personalizado o cualquier pregunta, no dude en contactarnos. Nuestros especialistas est\u00e1n listos para guiarle en el dise\u00f1o perfecto para su establo. <strong>\u00bfBuscas otras opciones?<\/strong> <a href=\"https:\/\/www.corton.nl\/es\/ventanas-estables\/\">Ver todas las opciones aqu\u00ed<\/a>.<\/p>\n<p><strong>\u00bfPor qu\u00e9 elegir una ventana de establo Corton?<\/strong><br \/>\n<strong>Confiabilidad y seguridad:<\/strong> D\u00e9cadas de experiencia se traducen en detalles inteligentes que garantizan un entorno seguro para su caballo.<br \/>\n<strong>Inversi\u00f3n a largo plazo:<\/strong> Los materiales de alta calidad y la construcci\u00f3n s\u00f3lida significan menos mantenimiento y una vida \u00fatil m\u00e1s larga.<br \/>\n<strong>Est\u00e9tica y funcionalidad:<\/strong> Gracias a las opciones personalizadas, la ventana se adapta perfectamente al resto de su establo, tanto en apariencia como en uso.<br \/>\n<strong>Producci\u00f3n local:<\/strong> Producido en los Pa\u00edses Bajos: l\u00edneas cortas, artesan\u00eda y enfoque en la calidad.<\/p>","protected":false},"excerpt":{"rendered":"<p>La ventana para establos Corton Professional combina a\u00f1os de experiencia con una calidad robusta y facilidad de uso. Desarrollada para un uso intensivo en establos, dise\u00f1ada y fabricada en los Pa\u00edses Bajos, y totalmente personalizable para satisfacer las necesidades de su establo.<\/p>\n<p><strong>Dimensiones de instalaci\u00f3n: 1000 x 1000 mm<br \/>\nPodemos suministrar varios modelos desde stock.<\/strong><br \/>\n\u00a1Pida su ventana de establo directamente desde el stock online!<\/p>","protected":false},"featured_media":9303,"template":"","meta":{"_acf_changed":false},"product_brand":[],"product_cat":[47],"product_tag":[],"class_list":{"0":"post-9267","1":"product","2":"type-product","3":"status-publish","4":"has-post-thumbnail","6":"product_cat-stalramen","8":"first","9":"instock","10":"taxable","11":"shipping-taxable","12":"purchasable","13":"product-type-simple"},"acf":[],"yoast_head":"<!-- This site is optimized with the Yoast SEO plugin v27.0 - https:\/\/yoast.com\/product\/yoast-seo-wordpress\/ -->\n<title>Stalraam (Professional) met toog - Corton B.V.<\/title>\n<meta name=\"robots\" content=\"index, follow, max-snippet:-1, max-image-preview:large, max-video-preview:-1\" \/>\n<link rel=\"canonical\" href=\"https:\/\/www.corton.nl\/es\/product\/ventana-de-establo-profesional-con-arco\/\" \/>\n<meta property=\"og:locale\" content=\"es_ES\" \/>\n<meta property=\"og:type\" content=\"article\" \/>\n<meta property=\"og:title\" content=\"Stalraam (Professional) met toog - Corton B.V.\" \/>\n<meta property=\"og:description\" content=\"Het stalraam Professional van Corton combineert jarenlange expertise met robuuste kwaliteit en eenvoudig gebruik. Ontwikkeld voor intensief stalgebruik, ontworpen en geproduceerd in Nederland en eventueel volledig aan te passen naar uw stalwensen.  Inbouwmaat: 1000 x 1000 mm Uit voorraad kunnen wij diverse uitvoeringen leveren. Bestel uw stalraam direct uit voorraad online!\" \/>\n<meta property=\"og:url\" content=\"https:\/\/www.corton.nl\/es\/product\/ventana-de-establo-profesional-con-arco\/\" \/>\n<meta property=\"og:site_name\" content=\"Corton B.V.\" \/>\n<meta property=\"article:modified_time\" content=\"2025-11-27T07:32:50+00:00\" \/>\n<meta property=\"og:image\" content=\"https:\/\/www.corton.nl\/wp-content\/uploads\/2025\/11\/Stalraam-met-toog-professional-2.jpg\" \/>\n\t<meta property=\"og:image:width\" content=\"1200\" \/>\n\t<meta property=\"og:image:height\" content=\"900\" \/>\n\t<meta property=\"og:image:type\" content=\"image\/jpeg\" \/>\n<meta name=\"twitter:card\" content=\"summary_large_image\" \/>\n<meta name=\"twitter:label1\" content=\"Tiempo de lectura\" \/>\n\t<meta name=\"twitter:data1\" content=\"3 minutos\" \/>\n<script type=\"application\/ld+json\" class=\"yoast-schema-graph\">{\"@context\":\"https:\/\/schema.org\",\"@graph\":[{\"@type\":\"WebPage\",\"@id\":\"https:\/\/www.corton.nl\/product\/stalraam-professional-met-toog\/\",\"url\":\"https:\/\/www.corton.nl\/product\/stalraam-professional-met-toog\/\",\"name\":\"Stalraam (Professional) met toog - Corton B.V.\",\"isPartOf\":{\"@id\":\"https:\/\/www.corton.nl\/#website\"},\"primaryImageOfPage\":{\"@id\":\"https:\/\/www.corton.nl\/product\/stalraam-professional-met-toog\/#primaryimage\"},\"image\":{\"@id\":\"https:\/\/www.corton.nl\/product\/stalraam-professional-met-toog\/#primaryimage\"},\"thumbnailUrl\":\"https:\/\/www.corton.nl\/wp-content\/uploads\/2025\/11\/Stalraam-met-toog-professional-2.jpg\",\"datePublished\":\"2025-11-18T12:43:12+00:00\",\"dateModified\":\"2025-11-27T07:32:50+00:00\",\"breadcrumb\":{\"@id\":\"https:\/\/www.corton.nl\/product\/stalraam-professional-met-toog\/#breadcrumb\"},\"inLanguage\":\"es\",\"potentialAction\":[{\"@type\":\"ReadAction\",\"target\":[\"https:\/\/www.corton.nl\/product\/stalraam-professional-met-toog\/\"]}]},{\"@type\":\"ImageObject\",\"inLanguage\":\"es\",\"@id\":\"https:\/\/www.corton.nl\/product\/stalraam-professional-met-toog\/#primaryimage\",\"url\":\"https:\/\/www.corton.nl\/wp-content\/uploads\/2025\/11\/Stalraam-met-toog-professional-2.jpg\",\"contentUrl\":\"https:\/\/www.corton.nl\/wp-content\/uploads\/2025\/11\/Stalraam-met-toog-professional-2.jpg\",\"width\":1200,\"height\":900,\"caption\":\"Stalraam met toog professional\"},{\"@type\":\"BreadcrumbList\",\"@id\":\"https:\/\/www.corton.nl\/product\/stalraam-professional-met-toog\/#breadcrumb\",\"itemListElement\":[{\"@type\":\"ListItem\",\"position\":1,\"name\":\"Home\",\"item\":\"https:\/\/www.corton.nl\/\"},{\"@type\":\"ListItem\",\"position\":2,\"name\":\"Webshop\",\"item\":\"https:\/\/www.corton.nl\/webshop\/\"},{\"@type\":\"ListItem\",\"position\":3,\"name\":\"Stalraam (Professional) met toog\"}]},{\"@type\":\"WebSite\",\"@id\":\"https:\/\/www.corton.nl\/#website\",\"url\":\"https:\/\/www.corton.nl\/\",\"name\":\"Corton B.V.\",\"description\":\"\",\"potentialAction\":[{\"@type\":\"SearchAction\",\"target\":{\"@type\":\"EntryPoint\",\"urlTemplate\":\"https:\/\/www.corton.nl\/?s={search_term_string}\"},\"query-input\":{\"@type\":\"PropertyValueSpecification\",\"valueRequired\":true,\"valueName\":\"search_term_string\"}}],\"inLanguage\":\"es\"}]}<\/script>\n<!-- \/ Yoast SEO plugin. -->","yoast_head_json":{"title":"Ventana de establo (profesional) con arco - Corton BV.","robots":{"index":"index","follow":"follow","max-snippet":"max-snippet:-1","max-image-preview":"max-image-preview:large","max-video-preview":"max-video-preview:-1"},"canonical":"https:\/\/www.corton.nl\/es\/product\/ventana-de-establo-profesional-con-arco\/","og_locale":"es_ES","og_type":"article","og_title":"Stalraam (Professional) met toog - Corton B.V.","og_description":"Het stalraam Professional van Corton combineert jarenlange expertise met robuuste kwaliteit en eenvoudig gebruik. Ontwikkeld voor intensief stalgebruik, ontworpen en geproduceerd in Nederland en eventueel volledig aan te passen naar uw stalwensen.  Inbouwmaat: 1000 x 1000 mm Uit voorraad kunnen wij diverse uitvoeringen leveren. Bestel uw stalraam direct uit voorraad online!","og_url":"https:\/\/www.corton.nl\/es\/product\/ventana-de-establo-profesional-con-arco\/","og_site_name":"Corton B.V.","article_modified_time":"2025-11-27T07:32:50+00:00","og_image":[{"width":1200,"height":900,"url":"https:\/\/www.corton.nl\/wp-content\/uploads\/2025\/11\/Stalraam-met-toog-professional-2.jpg","type":"image\/jpeg"}],"twitter_card":"summary_large_image","twitter_misc":{"Tiempo de lectura":"3 minutos"},"schema":{"@context":"https:\/\/schema.org","@graph":[{"@type":"WebPage","@id":"https:\/\/www.corton.nl\/product\/stalraam-professional-met-toog\/","url":"https:\/\/www.corton.nl\/product\/stalraam-professional-met-toog\/","name":"Ventana de establo (profesional) con arco - Corton BV.","isPartOf":{"@id":"https:\/\/www.corton.nl\/#website"},"primaryImageOfPage":{"@id":"https:\/\/www.corton.nl\/product\/stalraam-professional-met-toog\/#primaryimage"},"image":{"@id":"https:\/\/www.corton.nl\/product\/stalraam-professional-met-toog\/#primaryimage"},"thumbnailUrl":"https:\/\/www.corton.nl\/wp-content\/uploads\/2025\/11\/Stalraam-met-toog-professional-2.jpg","datePublished":"2025-11-18T12:43:12+00:00","dateModified":"2025-11-27T07:32:50+00:00","breadcrumb":{"@id":"https:\/\/www.corton.nl\/product\/stalraam-professional-met-toog\/#breadcrumb"},"inLanguage":"es","potentialAction":[{"@type":"ReadAction","target":["https:\/\/www.corton.nl\/product\/stalraam-professional-met-toog\/"]}]},{"@type":"ImageObject","inLanguage":"es","@id":"https:\/\/www.corton.nl\/product\/stalraam-professional-met-toog\/#primaryimage","url":"https:\/\/www.corton.nl\/wp-content\/uploads\/2025\/11\/Stalraam-met-toog-professional-2.jpg","contentUrl":"https:\/\/www.corton.nl\/wp-content\/uploads\/2025\/11\/Stalraam-met-toog-professional-2.jpg","width":1200,"height":900,"caption":"Stalraam met toog professional"},{"@type":"BreadcrumbList","@id":"https:\/\/www.corton.nl\/product\/stalraam-professional-met-toog\/#breadcrumb","itemListElement":[{"@type":"ListItem","position":1,"name":"Home","item":"https:\/\/www.corton.nl\/"},{"@type":"ListItem","position":2,"name":"Webshop","item":"https:\/\/www.corton.nl\/webshop\/"},{"@type":"ListItem","position":3,"name":"Stalraam (Professional) met toog"}]},{"@type":"WebSite","@id":"https:\/\/www.corton.nl\/#website","url":"https:\/\/www.corton.nl\/","name":"Corton BV.","description":"","potentialAction":[{"@type":"SearchAction","target":{"@type":"EntryPoint","urlTemplate":"https:\/\/www.corton.nl\/?s={search_term_string}"},"query-input":{"@type":"PropertyValueSpecification","valueRequired":true,"valueName":"search_term_string"}}],"inLanguage":"es"}]}},"_links":{"self":[{"href":"https:\/\/www.corton.nl\/es\/wp-json\/wp\/v2\/product\/9267","targetHints":{"allow":["GET"]}}],"collection":[{"href":"https:\/\/www.corton.nl\/es\/wp-json\/wp\/v2\/product"}],"about":[{"href":"https:\/\/www.corton.nl\/es\/wp-json\/wp\/v2\/types\/product"}],"wp:featuredmedia":[{"embeddable":true,"href":"https:\/\/www.corton.nl\/es\/wp-json\/wp\/v2\/media\/9303"}],"wp:attachment":[{"href":"https:\/\/www.corton.nl\/es\/wp-json\/wp\/v2\/media?parent=9267"}],"wp:term":[{"taxonomy":"product_brand","embeddable":true,"href":"https:\/\/www.corton.nl\/es\/wp-json\/wp\/v2\/product_brand?post=9267"},{"taxonomy":"product_cat","embeddable":true,"href":"https:\/\/www.corton.nl\/es\/wp-json\/wp\/v2\/product_cat?post=9267"},{"taxonomy":"product_tag","embeddable":true,"href":"https:\/\/www.corton.nl\/es\/wp-json\/wp\/v2\/product_tag?post=9267"}],"curies":[{"name":"wp","href":"https:\/\/api.w.org\/{rel}","templated":true}]}}