{"id":9264,"date":"2025-11-18T08:40:13","date_gmt":"2025-11-18T07:40:13","guid":{"rendered":"https:\/\/www.corton.nl\/?post_type=product&#038;p=9264"},"modified":"2025-11-27T08:32:32","modified_gmt":"2025-11-27T07:32:32","slug":"ventana-estable-estandar","status":"publish","type":"product","link":"https:\/\/www.corton.nl\/es\/product\/stalraam-standaard\/","title":{"rendered":"Ventana estable (est\u00e1ndar)"},"content":{"rendered":"<p><strong>Alta calidad y durabilidad.<\/strong><br \/>\nCon m\u00e1s de 50 a\u00f1os de experiencia en mobiliario de establos, Corton elige constantemente materiales y acabados que duran.<\/p>\n<p>La ventana de establo disponible en stock es una versi\u00f3n est\u00e1ndar vers\u00e1til, con dimensiones y construcci\u00f3n adaptadas para un uso intensivo en establos y una seguridad sin concesiones. La ventana cuenta con un perfil de marco laminado especial (100 mm de profundidad) para mayor resistencia y estabilidad. <strong>Bisagras exc\u00e9ntricas de acero inoxidable<\/strong> La altura de la ventana se puede ajustar con precisi\u00f3n. La ventana del establo est\u00e1 equipada de serie con <strong>una reja de barra<\/strong>, que garantiza una seguridad \u00f3ptima para los caballos. Tambi\u00e9n puede elegir opcionalmente una versi\u00f3n con <strong>funci\u00f3n de inclinaci\u00f3n y giro<\/strong>.<\/p>\n<p>Nuestras ventanas de establo est\u00e1n hechas de acero de alta calidad y completamente<strong> galvanizado por inmersi\u00f3n en caliente seg\u00fan NEN-EN-ISO 1461<\/strong> Para una protecci\u00f3n \u00f3ptima contra la corrosi\u00f3n. Tras el galvanizado, todos los componentes reciben un acabado cuidadoso y se eliminan las puntas afiladas para un acabado extra seguro y de alta calidad.<\/p>\n<p><strong>Ventanas de establo hechas a medida<\/strong><br \/>\nCon numerosas opciones adicionales y acabados, puede personalizar las ventanas de su granero seg\u00fan sus especificaciones mediante un trabajo personalizado exclusivo. Esto crea un granero pr\u00e1ctico y con un aspecto elegante que se adapta perfectamente a sus deseos e ideas. <strong>\u00bfTienes curiosidad por las opciones personalizadas para ventanas estables? <\/strong><a href=\"https:\/\/www.corton.nl\/es\/ventanas-estables\/\">Ver todas las opciones aqu\u00ed<\/a>.<\/p>\n<p>Para asesoramiento personalizado o cualquier pregunta, no dude en contactarnos. Nuestros especialistas est\u00e1n listos para guiarle en el dise\u00f1o perfecto para su establo. <strong>\u00bfBuscas otras opciones?<\/strong> <a href=\"https:\/\/www.corton.nl\/es\/ventanas-estables\/\">Ver todas las opciones aqu\u00ed<\/a>.<\/p>\n<p><strong>\u00bfPor qu\u00e9 elegir una ventana de establo Corton?<\/strong><br \/>\n<strong>Confiabilidad y seguridad:<\/strong> D\u00e9cadas de experiencia se traducen en detalles inteligentes que garantizan un entorno seguro para su caballo.<br \/>\n<strong>Inversi\u00f3n a largo plazo:<\/strong> Los materiales de alta calidad y la construcci\u00f3n s\u00f3lida significan menos mantenimiento y una vida \u00fatil m\u00e1s larga.<br \/>\n<strong>Est\u00e9tica y funcionalidad:<\/strong> Gracias a las opciones personalizadas, la ventana se adapta perfectamente al resto de su establo, tanto en apariencia como en uso.<br \/>\n<strong>Producci\u00f3n local:<\/strong> Producido en los Pa\u00edses Bajos: l\u00edneas cortas, artesan\u00eda y enfoque en la calidad.<\/p>","protected":false},"excerpt":{"rendered":"<p>La ventana de establo est\u00e1ndar de Corton combina a\u00f1os de experiencia con una calidad robusta y facilidad de uso. Desarrollada para un uso intensivo en establos, dise\u00f1ada y fabricada en los Pa\u00edses Bajos, y totalmente personalizable para satisfacer las necesidades de su establo.<\/p>\n<p><strong>Dimensiones de instalaci\u00f3n: 900 x 900 mm<br \/>\nPodemos suministrar varios modelos desde stock.<\/strong><br \/>\n\u00a1Pida su ventana de establo directamente desde el stock online!<\/p>","protected":false},"featured_media":9306,"template":"","meta":{"_acf_changed":false},"product_brand":[],"product_cat":[47],"product_tag":[],"class_list":{"0":"post-9264","1":"product","2":"type-product","3":"status-publish","4":"has-post-thumbnail","6":"product_cat-stalramen","8":"first","9":"instock","10":"taxable","11":"shipping-taxable","12":"purchasable","13":"product-type-simple"},"acf":[],"yoast_head":"<!-- This site is optimized with the Yoast SEO plugin v27.0 - https:\/\/yoast.com\/product\/yoast-seo-wordpress\/ -->\n<title>Stalraam (standaard) - Corton B.V.<\/title>\n<meta name=\"robots\" content=\"index, follow, max-snippet:-1, max-image-preview:large, max-video-preview:-1\" \/>\n<link rel=\"canonical\" href=\"https:\/\/www.corton.nl\/es\/product\/ventana-estable-estandar\/\" \/>\n<meta property=\"og:locale\" content=\"es_ES\" \/>\n<meta property=\"og:type\" content=\"article\" \/>\n<meta property=\"og:title\" content=\"Stalraam (standaard) - Corton B.V.\" \/>\n<meta property=\"og:description\" content=\"Het standaard stalraam van Corton combineert jarenlange expertise met robuuste kwaliteit en eenvoudig gebruik. Ontwikkeld voor intensief stalgebruik, ontworpen en geproduceerd in Nederland en eventueel volledig aan te passen naar uw stalwensen.  Inbouwmaat: 900 x 900 mm Uit voorraad kunnen wij diverse uitvoeringen leveren. Bestel uw stalraam direct uit voorraad online!\" \/>\n<meta property=\"og:url\" content=\"https:\/\/www.corton.nl\/es\/product\/ventana-estable-estandar\/\" \/>\n<meta property=\"og:site_name\" content=\"Corton B.V.\" \/>\n<meta property=\"article:modified_time\" content=\"2025-11-27T07:32:32+00:00\" \/>\n<meta property=\"og:image\" content=\"https:\/\/www.corton.nl\/wp-content\/uploads\/2025\/11\/Stalraam-standaard-draai-2.jpg\" \/>\n\t<meta property=\"og:image:width\" content=\"1200\" \/>\n\t<meta property=\"og:image:height\" content=\"900\" \/>\n\t<meta property=\"og:image:type\" content=\"image\/jpeg\" \/>\n<meta name=\"twitter:card\" content=\"summary_large_image\" \/>\n<meta name=\"twitter:label1\" content=\"Tiempo de lectura\" \/>\n\t<meta name=\"twitter:data1\" content=\"2 minutos\" \/>\n<script type=\"application\/ld+json\" class=\"yoast-schema-graph\">{\"@context\":\"https:\/\/schema.org\",\"@graph\":[{\"@type\":\"WebPage\",\"@id\":\"https:\/\/www.corton.nl\/product\/stalraam-standaard\/\",\"url\":\"https:\/\/www.corton.nl\/product\/stalraam-standaard\/\",\"name\":\"Stalraam (standaard) - Corton B.V.\",\"isPartOf\":{\"@id\":\"https:\/\/www.corton.nl\/#website\"},\"primaryImageOfPage\":{\"@id\":\"https:\/\/www.corton.nl\/product\/stalraam-standaard\/#primaryimage\"},\"image\":{\"@id\":\"https:\/\/www.corton.nl\/product\/stalraam-standaard\/#primaryimage\"},\"thumbnailUrl\":\"https:\/\/www.corton.nl\/wp-content\/uploads\/2025\/11\/Stalraam-standaard-draai-2.jpg\",\"datePublished\":\"2025-11-18T07:40:13+00:00\",\"dateModified\":\"2025-11-27T07:32:32+00:00\",\"breadcrumb\":{\"@id\":\"https:\/\/www.corton.nl\/product\/stalraam-standaard\/#breadcrumb\"},\"inLanguage\":\"es\",\"potentialAction\":[{\"@type\":\"ReadAction\",\"target\":[\"https:\/\/www.corton.nl\/product\/stalraam-standaard\/\"]}]},{\"@type\":\"ImageObject\",\"inLanguage\":\"es\",\"@id\":\"https:\/\/www.corton.nl\/product\/stalraam-standaard\/#primaryimage\",\"url\":\"https:\/\/www.corton.nl\/wp-content\/uploads\/2025\/11\/Stalraam-standaard-draai-2.jpg\",\"contentUrl\":\"https:\/\/www.corton.nl\/wp-content\/uploads\/2025\/11\/Stalraam-standaard-draai-2.jpg\",\"width\":1200,\"height\":900,\"caption\":\"Stalraam standaard - draai\"},{\"@type\":\"BreadcrumbList\",\"@id\":\"https:\/\/www.corton.nl\/product\/stalraam-standaard\/#breadcrumb\",\"itemListElement\":[{\"@type\":\"ListItem\",\"position\":1,\"name\":\"Home\",\"item\":\"https:\/\/www.corton.nl\/\"},{\"@type\":\"ListItem\",\"position\":2,\"name\":\"Webshop\",\"item\":\"https:\/\/www.corton.nl\/webshop\/\"},{\"@type\":\"ListItem\",\"position\":3,\"name\":\"Stalraam (standaard)\"}]},{\"@type\":\"WebSite\",\"@id\":\"https:\/\/www.corton.nl\/#website\",\"url\":\"https:\/\/www.corton.nl\/\",\"name\":\"Corton B.V.\",\"description\":\"\",\"potentialAction\":[{\"@type\":\"SearchAction\",\"target\":{\"@type\":\"EntryPoint\",\"urlTemplate\":\"https:\/\/www.corton.nl\/?s={search_term_string}\"},\"query-input\":{\"@type\":\"PropertyValueSpecification\",\"valueRequired\":true,\"valueName\":\"search_term_string\"}}],\"inLanguage\":\"es\"}]}<\/script>\n<!-- \/ Yoast SEO plugin. -->","yoast_head_json":{"title":"Ventana estable (est\u00e1ndar) - Corton BV.","robots":{"index":"index","follow":"follow","max-snippet":"max-snippet:-1","max-image-preview":"max-image-preview:large","max-video-preview":"max-video-preview:-1"},"canonical":"https:\/\/www.corton.nl\/es\/product\/ventana-estable-estandar\/","og_locale":"es_ES","og_type":"article","og_title":"Stalraam (standaard) - Corton B.V.","og_description":"Het standaard stalraam van Corton combineert jarenlange expertise met robuuste kwaliteit en eenvoudig gebruik. Ontwikkeld voor intensief stalgebruik, ontworpen en geproduceerd in Nederland en eventueel volledig aan te passen naar uw stalwensen.  Inbouwmaat: 900 x 900 mm Uit voorraad kunnen wij diverse uitvoeringen leveren. Bestel uw stalraam direct uit voorraad online!","og_url":"https:\/\/www.corton.nl\/es\/product\/ventana-estable-estandar\/","og_site_name":"Corton B.V.","article_modified_time":"2025-11-27T07:32:32+00:00","og_image":[{"width":1200,"height":900,"url":"https:\/\/www.corton.nl\/wp-content\/uploads\/2025\/11\/Stalraam-standaard-draai-2.jpg","type":"image\/jpeg"}],"twitter_card":"summary_large_image","twitter_misc":{"Tiempo de lectura":"2 minutos"},"schema":{"@context":"https:\/\/schema.org","@graph":[{"@type":"WebPage","@id":"https:\/\/www.corton.nl\/product\/stalraam-standaard\/","url":"https:\/\/www.corton.nl\/product\/stalraam-standaard\/","name":"Ventana estable (est\u00e1ndar) - Corton BV.","isPartOf":{"@id":"https:\/\/www.corton.nl\/#website"},"primaryImageOfPage":{"@id":"https:\/\/www.corton.nl\/product\/stalraam-standaard\/#primaryimage"},"image":{"@id":"https:\/\/www.corton.nl\/product\/stalraam-standaard\/#primaryimage"},"thumbnailUrl":"https:\/\/www.corton.nl\/wp-content\/uploads\/2025\/11\/Stalraam-standaard-draai-2.jpg","datePublished":"2025-11-18T07:40:13+00:00","dateModified":"2025-11-27T07:32:32+00:00","breadcrumb":{"@id":"https:\/\/www.corton.nl\/product\/stalraam-standaard\/#breadcrumb"},"inLanguage":"es","potentialAction":[{"@type":"ReadAction","target":["https:\/\/www.corton.nl\/product\/stalraam-standaard\/"]}]},{"@type":"ImageObject","inLanguage":"es","@id":"https:\/\/www.corton.nl\/product\/stalraam-standaard\/#primaryimage","url":"https:\/\/www.corton.nl\/wp-content\/uploads\/2025\/11\/Stalraam-standaard-draai-2.jpg","contentUrl":"https:\/\/www.corton.nl\/wp-content\/uploads\/2025\/11\/Stalraam-standaard-draai-2.jpg","width":1200,"height":900,"caption":"Stalraam standaard - draai"},{"@type":"BreadcrumbList","@id":"https:\/\/www.corton.nl\/product\/stalraam-standaard\/#breadcrumb","itemListElement":[{"@type":"ListItem","position":1,"name":"Home","item":"https:\/\/www.corton.nl\/"},{"@type":"ListItem","position":2,"name":"Webshop","item":"https:\/\/www.corton.nl\/webshop\/"},{"@type":"ListItem","position":3,"name":"Stalraam (standaard)"}]},{"@type":"WebSite","@id":"https:\/\/www.corton.nl\/#website","url":"https:\/\/www.corton.nl\/","name":"Corton BV.","description":"","potentialAction":[{"@type":"SearchAction","target":{"@type":"EntryPoint","urlTemplate":"https:\/\/www.corton.nl\/?s={search_term_string}"},"query-input":{"@type":"PropertyValueSpecification","valueRequired":true,"valueName":"search_term_string"}}],"inLanguage":"es"}]}},"_links":{"self":[{"href":"https:\/\/www.corton.nl\/es\/wp-json\/wp\/v2\/product\/9264","targetHints":{"allow":["GET"]}}],"collection":[{"href":"https:\/\/www.corton.nl\/es\/wp-json\/wp\/v2\/product"}],"about":[{"href":"https:\/\/www.corton.nl\/es\/wp-json\/wp\/v2\/types\/product"}],"wp:featuredmedia":[{"embeddable":true,"href":"https:\/\/www.corton.nl\/es\/wp-json\/wp\/v2\/media\/9306"}],"wp:attachment":[{"href":"https:\/\/www.corton.nl\/es\/wp-json\/wp\/v2\/media?parent=9264"}],"wp:term":[{"taxonomy":"product_brand","embeddable":true,"href":"https:\/\/www.corton.nl\/es\/wp-json\/wp\/v2\/product_brand?post=9264"},{"taxonomy":"product_cat","embeddable":true,"href":"https:\/\/www.corton.nl\/es\/wp-json\/wp\/v2\/product_cat?post=9264"},{"taxonomy":"product_tag","embeddable":true,"href":"https:\/\/www.corton.nl\/es\/wp-json\/wp\/v2\/product_tag?post=9264"}],"curies":[{"name":"wp","href":"https:\/\/api.w.org\/{rel}","templated":true}]}}