{"id":651,"date":"2024-09-04T14:52:09","date_gmt":"2024-09-04T12:52:09","guid":{"rendered":"https:\/\/www.corton.nl\/?page_id=651"},"modified":"2025-08-19T16:41:30","modified_gmt":"2025-08-19T14:41:30","slug":"cajas-para-exteriores-3","status":"publish","type":"page","link":"https:\/\/www.corton.nl\/es\/buitenboxen\/","title":{"rendered":"Cajas para exteriores"},"content":{"rendered":"<div data-elementor-type=\"wp-page\" data-elementor-id=\"651\" class=\"elementor elementor-651\" data-elementor-post-type=\"page\">\n\t\t\t\t<div class=\"elementor-element elementor-element-fed4f76 e-con-full e-flex e-con e-parent\" data-id=\"fed4f76\" data-element_type=\"container\" data-e-type=\"container\" data-settings=\"{&quot;background_background&quot;:&quot;classic&quot;}\">\n\t\t<div class=\"elementor-element elementor-element-aa8f8f1 e-con-full e-flex e-con e-child\" data-id=\"aa8f8f1\" data-element_type=\"container\" data-e-type=\"container\">\n\t\t<div class=\"elementor-element elementor-element-c7fd7ff e-flex e-con-boxed e-con e-child\" data-id=\"c7fd7ff\" data-element_type=\"container\" data-e-type=\"container\" data-settings=\"{&quot;background_background&quot;:&quot;gradient&quot;}\">\n\t\t\t\t\t<div class=\"e-con-inner\">\n\t\t\t\t<div class=\"elementor-element elementor-element-2c32037 elementor-invisible elementor-widget elementor-widget-heading\" data-id=\"2c32037\" data-element_type=\"widget\" data-e-type=\"widget\" data-settings=\"{&quot;_animation&quot;:&quot;fadeIn&quot;}\" data-widget_type=\"heading.default\">\n\t\t\t\t<div class=\"elementor-widget-container\">\n\t\t\t\t\t<h2 class=\"elementor-heading-title elementor-size-default\">Cajas para exteriores<\/h2>\t\t\t\t<\/div>\n\t\t\t\t<\/div>\n\t\t\t\t<div class=\"elementor-element elementor-element-e2794db elementor-invisible elementor-widget elementor-widget-heading\" data-id=\"e2794db\" data-element_type=\"widget\" data-e-type=\"widget\" data-settings=\"{&quot;_animation&quot;:&quot;fadeIn&quot;,&quot;_animation_delay&quot;:500}\" data-widget_type=\"heading.default\">\n\t\t\t\t<div class=\"elementor-widget-container\">\n\t\t\t\t\t<h2 class=\"elementor-heading-title elementor-size-default\">Tu caballo estar\u00e1 en el para\u00edso con su propia casa independiente. Se ensambla r\u00e1pidamente como un sistema modular de elementos separados con robustos tablones horizontales y puede ampliarse o reubicarse en cualquier momento.<\/h2>\t\t\t\t<\/div>\n\t\t\t\t<\/div>\n\t\t\t\t<div class=\"elementor-element elementor-element-f7e710e elementor-invisible elementor-widget elementor-widget-button\" data-id=\"f7e710e\" data-element_type=\"widget\" data-e-type=\"widget\" data-settings=\"{&quot;_animation&quot;:&quot;fadeInUp&quot;}\" data-widget_type=\"button.default\">\n\t\t\t\t<div class=\"elementor-widget-container\">\n\t\t\t\t\t\t\t\t\t<div class=\"elementor-button-wrapper\">\n\t\t\t\t\t<a class=\"elementor-button elementor-button-link elementor-size-sm elementor-animation-float\" href=\"#info\">\n\t\t\t\t\t\t<span class=\"elementor-button-content-wrapper\">\n\t\t\t\t\t\t\t\t\t<span class=\"elementor-button-text\">M\u00e1s informaci\u00f3n<\/span>\n\t\t\t\t\t<\/span>\n\t\t\t\t\t<\/a>\n\t\t\t\t<\/div>\n\t\t\t\t\t\t\t\t<\/div>\n\t\t\t\t<\/div>\n\t\t\t\t\t<\/div>\n\t\t\t\t<\/div>\n\t\t\t\t<\/div>\n\t\t\t\t<\/div>\n\t\t<div class=\"elementor-element elementor-element-636cc60 e-flex e-con-boxed e-con e-parent\" data-id=\"636cc60\" data-element_type=\"container\" data-e-type=\"container\">\n\t\t\t\t\t<div class=\"e-con-inner\">\n\t\t<div class=\"elementor-element elementor-element-3a87f41 e-con-full e-flex e-con e-child\" data-id=\"3a87f41\" data-element_type=\"container\" data-e-type=\"container\">\n\t\t\t\t<div class=\"elementor-element elementor-element-4b86a82 elementor-widget__width-initial elementor-invisible elementor-widget elementor-widget-heading\" data-id=\"4b86a82\" data-element_type=\"widget\" data-e-type=\"widget\" data-settings=\"{&quot;_animation&quot;:&quot;fadeInUp&quot;}\" data-widget_type=\"heading.default\">\n\t\t\t\t<div class=\"elementor-widget-container\">\n\t\t\t\t\t<h3 class=\"elementor-heading-title elementor-size-default\">Cajas para exteriores<\/h3>\t\t\t\t<\/div>\n\t\t\t\t<\/div>\n\t\t\t\t<div class=\"elementor-element elementor-element-084b0ce elementor-invisible elementor-widget elementor-widget-text-editor\" data-id=\"084b0ce\" data-element_type=\"widget\" data-e-type=\"widget\" data-settings=\"{&quot;_animation&quot;:&quot;fadeInUp&quot;}\" data-widget_type=\"text-editor.default\">\n\t\t\t\t<div class=\"elementor-widget-container\">\n\t\t\t\t\t\t\t\t\tCorton ofrece varios modelos: con techo inclinado, techo puntiagudo o techo puntiagudo extragrande. Las cajas est\u00e1n disponibles en hileras simples, hileras dobles adosadas e incluso hileras dobles con pasillo intermedio. Para la cubierta, puede optar por revestimiento de tablestacas, con o sin aislamiento adicional, o paneles s\u00e1ndwich aislantes, opcionalmente con dise\u00f1o de tejas. Tambi\u00e9n disponemos de opciones adicionales como bajantes pluviales, cumbrera transl\u00facida y m\u00e1s.\t\t\t\t\t\t\t\t<\/div>\n\t\t\t\t<\/div>\n\t\t<div class=\"elementor-element elementor-element-c40f555 e-con-full e-flex e-con e-child\" data-id=\"c40f555\" data-element_type=\"container\" data-e-type=\"container\">\n\t\t\t\t<div class=\"elementor-element elementor-element-43e8a1d elementor-widget__width-auto elementor-invisible elementor-widget elementor-widget-button\" data-id=\"43e8a1d\" data-element_type=\"widget\" data-e-type=\"widget\" data-settings=\"{&quot;_animation&quot;:&quot;fadeInUp&quot;}\" data-widget_type=\"button.default\">\n\t\t\t\t<div class=\"elementor-widget-container\">\n\t\t\t\t\t\t\t\t\t<div class=\"elementor-button-wrapper\">\n\t\t\t\t\t<a class=\"elementor-button elementor-button-link elementor-size-sm elementor-animation-float\" href=\"#typen\">\n\t\t\t\t\t\t<span class=\"elementor-button-content-wrapper\">\n\t\t\t\t\t\t<span class=\"elementor-button-icon\">\n\t\t\t\t<i aria-hidden=\"true\" class=\"icon icon-download-arrow\"><\/i>\t\t\t<\/span>\n\t\t\t\t\t\t\t\t\t<span class=\"elementor-button-text\">Tipos de vista<\/span>\n\t\t\t\t\t<\/span>\n\t\t\t\t\t<\/a>\n\t\t\t\t<\/div>\n\t\t\t\t\t\t\t\t<\/div>\n\t\t\t\t<\/div>\n\t\t\t\t<div class=\"elementor-element elementor-element-c20b658 elementor-invisible elementor-widget elementor-widget-button\" data-id=\"c20b658\" data-element_type=\"widget\" data-e-type=\"widget\" data-settings=\"{&quot;_animation&quot;:&quot;fadeInUp&quot;}\" data-widget_type=\"button.default\">\n\t\t\t\t<div class=\"elementor-widget-container\">\n\t\t\t\t\t\t\t\t\t<div class=\"elementor-button-wrapper\">\n\t\t\t\t\t<a class=\"elementor-button elementor-button-link elementor-size-sm elementor-animation-float\" href=\"https:\/\/www.corton.nl\/es\/contacto\/\">\n\t\t\t\t\t\t<span class=\"elementor-button-content-wrapper\">\n\t\t\t\t\t\t\t\t\t<span class=\"elementor-button-text\">Cont\u00e1ctenos<\/span>\n\t\t\t\t\t<\/span>\n\t\t\t\t\t<\/a>\n\t\t\t\t<\/div>\n\t\t\t\t\t\t\t\t<\/div>\n\t\t\t\t<\/div>\n\t\t\t\t<\/div>\n\t\t\t\t<\/div>\n\t\t<div class=\"elementor-element elementor-element-e3de180 elementor-hidden-tablet elementor-hidden-mobile_extra elementor-hidden-mobile e-con-full e-flex e-con e-child\" data-id=\"e3de180\" data-element_type=\"container\" data-e-type=\"container\">\n\t\t\t\t<div class=\"elementor-element elementor-element-7ee3b57 elementor-widget__width-auto elementor-absolute elementor-widget-tablet_extra__width-initial elementor-widget elementor-widget-image\" data-id=\"7ee3b57\" data-element_type=\"widget\" data-e-type=\"widget\" data-settings=\"{&quot;_position&quot;:&quot;absolute&quot;}\" data-widget_type=\"image.default\">\n\t\t\t\t<div class=\"elementor-widget-container\">\n\t\t\t\t\t\t\t\t\t\t\t\t\t\t\t<img decoding=\"async\" width=\"5\" height=\"141\" src=\"https:\/\/www.corton.nl\/wp-content\/uploads\/2024\/06\/line-e1738839061235.jpg\" class=\"attachment-full size-full wp-image-29\" alt=\"\" \/>\t\t\t\t\t\t\t\t\t\t\t\t\t\t\t<\/div>\n\t\t\t\t<\/div>\n\t\t\t\t<div class=\"elementor-element elementor-element-840ea35 elementor-widget__width-auto elementor-fixed elementor-widget-laptop__width-initial elementor-widget-tablet_extra__width-initial elementor-widget elementor-widget-image\" data-id=\"840ea35\" data-element_type=\"widget\" data-e-type=\"widget\" data-settings=\"{&quot;_position&quot;:&quot;fixed&quot;}\" data-widget_type=\"image.default\">\n\t\t\t\t<div class=\"elementor-widget-container\">\n\t\t\t\t\t\t\t\t\t\t\t\t\t\t\t<img decoding=\"async\" width=\"5\" height=\"141\" src=\"https:\/\/www.corton.nl\/wp-content\/uploads\/2024\/06\/line-e1738839061235.jpg\" class=\"attachment-full size-full wp-image-29\" alt=\"\" \/>\t\t\t\t\t\t\t\t\t\t\t\t\t\t\t<\/div>\n\t\t\t\t<\/div>\n\t\t\t\t<div class=\"elementor-element elementor-element-33a431b elementor-widget elementor-widget-image\" data-id=\"33a431b\" data-element_type=\"widget\" data-e-type=\"widget\" data-settings=\"{&quot;_animation&quot;:&quot;none&quot;}\" data-widget_type=\"image.default\">\n\t\t\t\t<div class=\"elementor-widget-container\">\n\t\t\t\t\t\t\t\t\t\t\t\t\t\t\t<img fetchpriority=\"high\" decoding=\"async\" width=\"2560\" height=\"1920\" src=\"https:\/\/www.corton.nl\/wp-content\/uploads\/2025\/03\/pag52aHierden.jpg\" class=\"attachment-full size-full wp-image-3755\" alt=\"\" srcset=\"https:\/\/www.corton.nl\/wp-content\/uploads\/2025\/03\/pag52aHierden.jpg 2560w, https:\/\/www.corton.nl\/wp-content\/uploads\/2025\/03\/pag52aHierden-300x225.jpg 300w, https:\/\/www.corton.nl\/wp-content\/uploads\/2025\/03\/pag52aHierden-600x450.jpg 600w, https:\/\/www.corton.nl\/wp-content\/uploads\/2025\/03\/pag52aHierden-1024x768.jpg 1024w, https:\/\/www.corton.nl\/wp-content\/uploads\/2025\/03\/pag52aHierden-768x576.jpg 768w, https:\/\/www.corton.nl\/wp-content\/uploads\/2025\/03\/pag52aHierden-1536x1152.jpg 1536w, https:\/\/www.corton.nl\/wp-content\/uploads\/2025\/03\/pag52aHierden-2048x1536.jpg 2048w\" sizes=\"(max-width: 2560px) 100vw, 2560px\" \/>\t\t\t\t\t\t\t\t\t\t\t\t\t\t\t<\/div>\n\t\t\t\t<\/div>\n\t\t\t\t<\/div>\n\t\t\t\t\t<\/div>\n\t\t\t\t<\/div>\n\t\t<div class=\"elementor-element elementor-element-f4649af e-flex e-con-boxed e-con e-parent\" data-id=\"f4649af\" data-element_type=\"container\" data-e-type=\"container\">\n\t\t\t\t\t<div class=\"e-con-inner\">\n\t\t\t\t<div class=\"elementor-element elementor-element-d142b5d elementor-widget elementor-widget-template\" data-id=\"d142b5d\" data-element_type=\"widget\" data-e-type=\"widget\" data-widget_type=\"template.default\">\n\t\t\t\t<div class=\"elementor-widget-container\">\n\t\t\t\t\t\t\t<div class=\"elementor-template\">\n\t\t\t\t\t<div data-elementor-type=\"container\" data-elementor-id=\"2127\" class=\"elementor elementor-2127\" data-elementor-post-type=\"elementor_library\">\n\t\t\t\t<div class=\"elementor-element elementor-element-03eef41 e-flex e-con-boxed e-con e-parent\" data-id=\"03eef41\" data-element_type=\"container\" data-e-type=\"container\">\n\t\t\t\t\t<div class=\"e-con-inner\">\n\t\t<div class=\"elementor-element elementor-element-bb13e05 e-con-full e-flex e-con e-child\" data-id=\"bb13e05\" data-element_type=\"container\" data-e-type=\"container\">\n\t\t\t\t<div class=\"elementor-element elementor-element-04a05cf elementor-widget elementor-widget-image\" data-id=\"04a05cf\" data-element_type=\"widget\" data-e-type=\"widget\" data-widget_type=\"image.default\">\n\t\t\t\t<div class=\"elementor-widget-container\">\n\t\t\t\t\t\t\t\t\t\t\t\t\t\t\t\t<a href=\"https:\/\/www.corton.nl\/es\/cajas-para-exteriores-3\/buitenbox-met-lessenaarsdak-of-puntdak\/\">\n\t\t\t\t\t\t\t<img decoding=\"async\" width=\"2560\" height=\"1920\" src=\"https:\/\/www.corton.nl\/wp-content\/uploads\/2025\/03\/Afbeelding-020.jpg\" class=\"attachment-full size-full wp-image-3228\" alt=\"\" srcset=\"https:\/\/www.corton.nl\/wp-content\/uploads\/2025\/03\/Afbeelding-020.jpg 2560w, https:\/\/www.corton.nl\/wp-content\/uploads\/2025\/03\/Afbeelding-020-300x225.jpg 300w, https:\/\/www.corton.nl\/wp-content\/uploads\/2025\/03\/Afbeelding-020-600x450.jpg 600w, https:\/\/www.corton.nl\/wp-content\/uploads\/2025\/03\/Afbeelding-020-1024x768.jpg 1024w, https:\/\/www.corton.nl\/wp-content\/uploads\/2025\/03\/Afbeelding-020-768x576.jpg 768w, https:\/\/www.corton.nl\/wp-content\/uploads\/2025\/03\/Afbeelding-020-1536x1152.jpg 1536w, https:\/\/www.corton.nl\/wp-content\/uploads\/2025\/03\/Afbeelding-020-2048x1536.jpg 2048w\" sizes=\"(max-width: 2560px) 100vw, 2560px\" \/>\t\t\t\t\t\t\t\t<\/a>\n\t\t\t\t\t\t\t\t\t\t\t\t\t\t\t<\/div>\n\t\t\t\t<\/div>\n\t\t\t\t<div class=\"elementor-element elementor-element-161e138 elementor-align-justify elementor-widget elementor-widget-button\" data-id=\"161e138\" data-element_type=\"widget\" data-e-type=\"widget\" data-widget_type=\"button.default\">\n\t\t\t\t<div class=\"elementor-widget-container\">\n\t\t\t\t\t\t\t\t\t<div class=\"elementor-button-wrapper\">\n\t\t\t\t\t<a class=\"elementor-button elementor-button-link elementor-size-sm\" href=\"https:\/\/www.corton.nl\/es\/cajas-para-exteriores-3\/buitenbox-met-lessenaarsdak-of-puntdak\/\">\n\t\t\t\t\t\t<span class=\"elementor-button-content-wrapper\">\n\t\t\t\t\t\t<span class=\"elementor-button-icon\">\n\t\t\t\t<i aria-hidden=\"true\" class=\"icon icon-right-arrow\"><\/i>\t\t\t<\/span>\n\t\t\t\t\t\t\t\t\t<span class=\"elementor-button-text\">Caja exterior con techo inclinado o techo puntiagudo<\/span>\n\t\t\t\t\t<\/span>\n\t\t\t\t\t<\/a>\n\t\t\t\t<\/div>\n\t\t\t\t\t\t\t\t<\/div>\n\t\t\t\t<\/div>\n\t\t\t\t<\/div>\n\t\t<div class=\"elementor-element elementor-element-5955a80 e-con-full e-flex e-con e-child\" data-id=\"5955a80\" data-element_type=\"container\" data-e-type=\"container\">\n\t\t\t\t<div class=\"elementor-element elementor-element-33c6706 elementor-widget elementor-widget-image\" data-id=\"33c6706\" data-element_type=\"widget\" data-e-type=\"widget\" data-widget_type=\"image.default\">\n\t\t\t\t<div class=\"elementor-widget-container\">\n\t\t\t\t\t\t\t\t\t\t\t\t\t\t\t\t<a href=\"https:\/\/www.corton.nl\/es\/cajas-para-exteriores-3\/caja-exterior-con-gran-techo-puntiagudo\/\">\n\t\t\t\t\t\t\t<img loading=\"lazy\" decoding=\"async\" width=\"1688\" height=\"1195\" src=\"https:\/\/www.corton.nl\/wp-content\/uploads\/2024\/09\/NL-Brochure-P.pdf-Geopend-vanuit-Adobe-cloudopslag-30.jpg\" class=\"attachment-full size-full wp-image-656\" alt=\"\" srcset=\"https:\/\/www.corton.nl\/wp-content\/uploads\/2024\/09\/NL-Brochure-P.pdf-Geopend-vanuit-Adobe-cloudopslag-30.jpg 1688w, https:\/\/www.corton.nl\/wp-content\/uploads\/2024\/09\/NL-Brochure-P.pdf-Geopend-vanuit-Adobe-cloudopslag-30-300x212.jpg 300w, https:\/\/www.corton.nl\/wp-content\/uploads\/2024\/09\/NL-Brochure-P.pdf-Geopend-vanuit-Adobe-cloudopslag-30-600x425.jpg 600w, https:\/\/www.corton.nl\/wp-content\/uploads\/2024\/09\/NL-Brochure-P.pdf-Geopend-vanuit-Adobe-cloudopslag-30-1024x725.jpg 1024w, https:\/\/www.corton.nl\/wp-content\/uploads\/2024\/09\/NL-Brochure-P.pdf-Geopend-vanuit-Adobe-cloudopslag-30-768x544.jpg 768w, https:\/\/www.corton.nl\/wp-content\/uploads\/2024\/09\/NL-Brochure-P.pdf-Geopend-vanuit-Adobe-cloudopslag-30-1536x1087.jpg 1536w\" sizes=\"(max-width: 1688px) 100vw, 1688px\" \/>\t\t\t\t\t\t\t\t<\/a>\n\t\t\t\t\t\t\t\t\t\t\t\t\t\t\t<\/div>\n\t\t\t\t<\/div>\n\t\t\t\t<div class=\"elementor-element elementor-element-de070bb elementor-align-justify elementor-widget elementor-widget-button\" data-id=\"de070bb\" data-element_type=\"widget\" data-e-type=\"widget\" data-widget_type=\"button.default\">\n\t\t\t\t<div class=\"elementor-widget-container\">\n\t\t\t\t\t\t\t\t\t<div class=\"elementor-button-wrapper\">\n\t\t\t\t\t<a class=\"elementor-button elementor-button-link elementor-size-sm\" href=\"https:\/\/www.corton.nl\/es\/cajas-para-exteriores-3\/caja-exterior-con-gran-techo-puntiagudo\/\">\n\t\t\t\t\t\t<span class=\"elementor-button-content-wrapper\">\n\t\t\t\t\t\t<span class=\"elementor-button-icon\">\n\t\t\t\t<i aria-hidden=\"true\" class=\"icon icon-right-arrow\"><\/i>\t\t\t<\/span>\n\t\t\t\t\t\t\t\t\t<span class=\"elementor-button-text\">Caja exterior con gran techo puntiagudo<\/span>\n\t\t\t\t\t<\/span>\n\t\t\t\t\t<\/a>\n\t\t\t\t<\/div>\n\t\t\t\t\t\t\t\t<\/div>\n\t\t\t\t<\/div>\n\t\t\t\t<\/div>\n\t\t<div class=\"elementor-element elementor-element-acd31d5 e-con-full e-flex e-con e-child\" data-id=\"acd31d5\" data-element_type=\"container\" data-e-type=\"container\">\n\t\t\t\t<div class=\"elementor-element elementor-element-69e6cc3 elementor-widget elementor-widget-image\" data-id=\"69e6cc3\" data-element_type=\"widget\" data-e-type=\"widget\" data-widget_type=\"image.default\">\n\t\t\t\t<div class=\"elementor-widget-container\">\n\t\t\t\t\t\t\t\t\t\t\t\t\t\t\t\t<a href=\"https:\/\/www.corton.nl\/es\/cajas-para-exteriores-3\/caja-exterior-individual-y-granero-americano-2\/\">\n\t\t\t\t\t\t\t<img loading=\"lazy\" decoding=\"async\" width=\"1514\" height=\"486\" src=\"https:\/\/www.corton.nl\/wp-content\/uploads\/2024\/09\/NL-Brochure-P.pdf-Geopend-vanuit-Adobe-cloudopslag-35.jpg\" class=\"attachment-full size-full wp-image-661\" alt=\"\" srcset=\"https:\/\/www.corton.nl\/wp-content\/uploads\/2024\/09\/NL-Brochure-P.pdf-Geopend-vanuit-Adobe-cloudopslag-35.jpg 1514w, https:\/\/www.corton.nl\/wp-content\/uploads\/2024\/09\/NL-Brochure-P.pdf-Geopend-vanuit-Adobe-cloudopslag-35-300x96.jpg 300w, https:\/\/www.corton.nl\/wp-content\/uploads\/2024\/09\/NL-Brochure-P.pdf-Geopend-vanuit-Adobe-cloudopslag-35-600x193.jpg 600w, https:\/\/www.corton.nl\/wp-content\/uploads\/2024\/09\/NL-Brochure-P.pdf-Geopend-vanuit-Adobe-cloudopslag-35-1024x329.jpg 1024w, https:\/\/www.corton.nl\/wp-content\/uploads\/2024\/09\/NL-Brochure-P.pdf-Geopend-vanuit-Adobe-cloudopslag-35-768x247.jpg 768w\" sizes=\"(max-width: 1514px) 100vw, 1514px\" \/>\t\t\t\t\t\t\t\t<\/a>\n\t\t\t\t\t\t\t\t\t\t\t\t\t\t\t<\/div>\n\t\t\t\t<\/div>\n\t\t\t\t<div class=\"elementor-element elementor-element-9925ff9 elementor-align-justify elementor-widget elementor-widget-button\" data-id=\"9925ff9\" data-element_type=\"widget\" data-e-type=\"widget\" data-widget_type=\"button.default\">\n\t\t\t\t<div class=\"elementor-widget-container\">\n\t\t\t\t\t\t\t\t\t<div class=\"elementor-button-wrapper\">\n\t\t\t\t\t<a class=\"elementor-button elementor-button-link elementor-size-sm\" href=\"https:\/\/www.corton.nl\/es\/cajas-para-exteriores-3\/caja-exterior-individual-y-granero-americano-2\/\">\n\t\t\t\t\t\t<span class=\"elementor-button-content-wrapper\">\n\t\t\t\t\t\t<span class=\"elementor-button-icon\">\n\t\t\t\t<i aria-hidden=\"true\" class=\"icon icon-right-arrow\"><\/i>\t\t\t<\/span>\n\t\t\t\t\t\t\t\t\t<span class=\"elementor-button-text\">Caja exterior individual y American Barn<\/span>\n\t\t\t\t\t<\/span>\n\t\t\t\t\t<\/a>\n\t\t\t\t<\/div>\n\t\t\t\t\t\t\t\t<\/div>\n\t\t\t\t<\/div>\n\t\t\t\t<\/div>\n\t\t\t\t\t<\/div>\n\t\t\t\t<\/div>\n\t\t\t\t<\/div>\n\t\t\t\t<\/div>\n\t\t\t\t\t\t<\/div>\n\t\t\t\t<\/div>\n\t\t\t\t\t<\/div>\n\t\t\t\t<\/div>\n\t\t\t\t<\/div>","protected":false},"excerpt":{"rendered":"<p>Uw paard is de koning te rijk met een eigen vrijstaand huis. Snel op te bouwen als modulair systeem van losse elementen met stevige horizontale planken, en altijd uit te breiden of te verplaatsen. Meer informatie Buitenboxen Corton levert verschillende modellen: met een lessenaarsdak, een puntdak of een extra groot puntdak. De boxen zijn leverbaar [&hellip;]<\/p>\n","protected":false},"author":6,"featured_media":0,"parent":0,"menu_order":0,"comment_status":"closed","ping_status":"closed","template":"","meta":{"_acf_changed":false,"footnotes":""},"class_list":["post-651","page","type-page","status-publish","hentry"],"acf":[],"yoast_head":"<!-- This site is optimized with the Yoast SEO plugin v27.0 - https:\/\/yoast.com\/product\/yoast-seo-wordpress\/ -->\n<title>Complete buitenstallen naar wens geproduceerd | Corton B.V.<\/title>\n<meta name=\"description\" content=\"Buitenstallen voor paarden van hoogwaardige kwaliteit |\" \/>\n<meta name=\"robots\" content=\"index, follow, max-snippet:-1, max-image-preview:large, max-video-preview:-1\" \/>\n<link rel=\"canonical\" href=\"https:\/\/www.corton.nl\/es\/cajas-para-exteriores-3\/\" \/>\n<meta property=\"og:locale\" content=\"es_ES\" \/>\n<meta property=\"og:type\" content=\"article\" \/>\n<meta property=\"og:title\" content=\"Complete buitenstallen naar wens geproduceerd | Corton B.V.\" \/>\n<meta property=\"og:description\" content=\"Buitenstallen voor paarden van hoogwaardige kwaliteit |\" \/>\n<meta property=\"og:url\" content=\"https:\/\/www.corton.nl\/es\/cajas-para-exteriores-3\/\" \/>\n<meta property=\"og:site_name\" content=\"Corton B.V.\" \/>\n<meta property=\"article:modified_time\" content=\"2025-08-19T14:41:30+00:00\" \/>\n<meta property=\"og:image\" content=\"https:\/\/www.corton.nl\/wp-content\/uploads\/2024\/06\/line-e1738839061235.jpg\" \/>\n<meta name=\"twitter:card\" content=\"summary_large_image\" \/>\n<meta name=\"twitter:label1\" content=\"Tiempo de lectura\" \/>\n\t<meta name=\"twitter:data1\" content=\"2 minutos\" \/>\n<script type=\"application\/ld+json\" class=\"yoast-schema-graph\">{\"@context\":\"https:\/\/schema.org\",\"@graph\":[{\"@type\":\"WebPage\",\"@id\":\"https:\/\/www.corton.nl\/buitenboxen\/\",\"url\":\"https:\/\/www.corton.nl\/buitenboxen\/\",\"name\":\"Complete buitenstallen naar wens geproduceerd | Corton B.V.\",\"isPartOf\":{\"@id\":\"https:\/\/www.corton.nl\/#website\"},\"primaryImageOfPage\":{\"@id\":\"https:\/\/www.corton.nl\/buitenboxen\/#primaryimage\"},\"image\":{\"@id\":\"https:\/\/www.corton.nl\/buitenboxen\/#primaryimage\"},\"thumbnailUrl\":\"https:\/\/www.corton.nl\/wp-content\/uploads\/2024\/06\/line-e1738839061235.jpg\",\"datePublished\":\"2024-09-04T12:52:09+00:00\",\"dateModified\":\"2025-08-19T14:41:30+00:00\",\"description\":\"Buitenstallen voor paarden van hoogwaardige kwaliteit |\",\"breadcrumb\":{\"@id\":\"https:\/\/www.corton.nl\/buitenboxen\/#breadcrumb\"},\"inLanguage\":\"es\",\"potentialAction\":[{\"@type\":\"ReadAction\",\"target\":[\"https:\/\/www.corton.nl\/buitenboxen\/\"]}]},{\"@type\":\"ImageObject\",\"inLanguage\":\"es\",\"@id\":\"https:\/\/www.corton.nl\/buitenboxen\/#primaryimage\",\"url\":\"https:\/\/www.corton.nl\/wp-content\/uploads\/2024\/06\/line-e1738839061235.jpg\",\"contentUrl\":\"https:\/\/www.corton.nl\/wp-content\/uploads\/2024\/06\/line-e1738839061235.jpg\"},{\"@type\":\"BreadcrumbList\",\"@id\":\"https:\/\/www.corton.nl\/buitenboxen\/#breadcrumb\",\"itemListElement\":[{\"@type\":\"ListItem\",\"position\":1,\"name\":\"Home\",\"item\":\"https:\/\/www.corton.nl\/\"},{\"@type\":\"ListItem\",\"position\":2,\"name\":\"Buitenboxen\"}]},{\"@type\":\"WebSite\",\"@id\":\"https:\/\/www.corton.nl\/#website\",\"url\":\"https:\/\/www.corton.nl\/\",\"name\":\"Corton B.V.\",\"description\":\"\",\"potentialAction\":[{\"@type\":\"SearchAction\",\"target\":{\"@type\":\"EntryPoint\",\"urlTemplate\":\"https:\/\/www.corton.nl\/?s={search_term_string}\"},\"query-input\":{\"@type\":\"PropertyValueSpecification\",\"valueRequired\":true,\"valueName\":\"search_term_string\"}}],\"inLanguage\":\"es\"}]}<\/script>\n<!-- \/ Yoast SEO plugin. -->","yoast_head_json":{"title":"Establos completos para exteriores, fabricados a medida | Corton BV.","description":"Cuadras exteriores de alta calidad para caballos |","robots":{"index":"index","follow":"follow","max-snippet":"max-snippet:-1","max-image-preview":"max-image-preview:large","max-video-preview":"max-video-preview:-1"},"canonical":"https:\/\/www.corton.nl\/es\/cajas-para-exteriores-3\/","og_locale":"es_ES","og_type":"article","og_title":"Complete buitenstallen naar wens geproduceerd | Corton B.V.","og_description":"Buitenstallen voor paarden van hoogwaardige kwaliteit |","og_url":"https:\/\/www.corton.nl\/es\/cajas-para-exteriores-3\/","og_site_name":"Corton B.V.","article_modified_time":"2025-08-19T14:41:30+00:00","og_image":[{"url":"https:\/\/www.corton.nl\/wp-content\/uploads\/2024\/06\/line-e1738839061235.jpg","type":"","width":"","height":""}],"twitter_card":"summary_large_image","twitter_misc":{"Tiempo de lectura":"2 minutos"},"schema":{"@context":"https:\/\/schema.org","@graph":[{"@type":"WebPage","@id":"https:\/\/www.corton.nl\/buitenboxen\/","url":"https:\/\/www.corton.nl\/buitenboxen\/","name":"Establos completos para exteriores, fabricados a medida | Corton BV.","isPartOf":{"@id":"https:\/\/www.corton.nl\/#website"},"primaryImageOfPage":{"@id":"https:\/\/www.corton.nl\/buitenboxen\/#primaryimage"},"image":{"@id":"https:\/\/www.corton.nl\/buitenboxen\/#primaryimage"},"thumbnailUrl":"https:\/\/www.corton.nl\/wp-content\/uploads\/2024\/06\/line-e1738839061235.jpg","datePublished":"2024-09-04T12:52:09+00:00","dateModified":"2025-08-19T14:41:30+00:00","description":"Cuadras exteriores de alta calidad para caballos |","breadcrumb":{"@id":"https:\/\/www.corton.nl\/buitenboxen\/#breadcrumb"},"inLanguage":"es","potentialAction":[{"@type":"ReadAction","target":["https:\/\/www.corton.nl\/buitenboxen\/"]}]},{"@type":"ImageObject","inLanguage":"es","@id":"https:\/\/www.corton.nl\/buitenboxen\/#primaryimage","url":"https:\/\/www.corton.nl\/wp-content\/uploads\/2024\/06\/line-e1738839061235.jpg","contentUrl":"https:\/\/www.corton.nl\/wp-content\/uploads\/2024\/06\/line-e1738839061235.jpg"},{"@type":"BreadcrumbList","@id":"https:\/\/www.corton.nl\/buitenboxen\/#breadcrumb","itemListElement":[{"@type":"ListItem","position":1,"name":"Home","item":"https:\/\/www.corton.nl\/"},{"@type":"ListItem","position":2,"name":"Buitenboxen"}]},{"@type":"WebSite","@id":"https:\/\/www.corton.nl\/#website","url":"https:\/\/www.corton.nl\/","name":"Corton BV.","description":"","potentialAction":[{"@type":"SearchAction","target":{"@type":"EntryPoint","urlTemplate":"https:\/\/www.corton.nl\/?s={search_term_string}"},"query-input":{"@type":"PropertyValueSpecification","valueRequired":true,"valueName":"search_term_string"}}],"inLanguage":"es"}]}},"_links":{"self":[{"href":"https:\/\/www.corton.nl\/es\/wp-json\/wp\/v2\/pages\/651","targetHints":{"allow":["GET"]}}],"collection":[{"href":"https:\/\/www.corton.nl\/es\/wp-json\/wp\/v2\/pages"}],"about":[{"href":"https:\/\/www.corton.nl\/es\/wp-json\/wp\/v2\/types\/page"}],"author":[{"embeddable":true,"href":"https:\/\/www.corton.nl\/es\/wp-json\/wp\/v2\/users\/6"}],"replies":[{"embeddable":true,"href":"https:\/\/www.corton.nl\/es\/wp-json\/wp\/v2\/comments?post=651"}],"version-history":[{"count":46,"href":"https:\/\/www.corton.nl\/es\/wp-json\/wp\/v2\/pages\/651\/revisions"}],"predecessor-version":[{"id":5539,"href":"https:\/\/www.corton.nl\/es\/wp-json\/wp\/v2\/pages\/651\/revisions\/5539"}],"wp:attachment":[{"href":"https:\/\/www.corton.nl\/es\/wp-json\/wp\/v2\/media?parent=651"}],"curies":[{"name":"wp","href":"https:\/\/api.w.org\/{rel}","templated":true}]}}