{"id":9917,"date":"2026-03-13T08:56:33","date_gmt":"2026-03-13T07:56:33","guid":{"rendered":"https:\/\/www.corton.nl\/?post_type=product&#038;p=9917"},"modified":"2026-03-16T10:04:01","modified_gmt":"2026-03-16T09:04:01","slug":"palpationsbox-fur-pferde","status":"publish","type":"product","link":"https:\/\/www.corton.nl\/de\/product\/opvoelbox-voor-paarden\/","title":{"rendered":"Ber\u00fchrungsbox f\u00fcr Pferde"},"content":{"rendered":"<p><strong>Hochwertige Palpationsbox f\u00fcr Pferde zur intensiven Nutzung<\/strong><br \/>\nMit \u00fcber 50 Jahren Erfahrung in der Stallausstattung setzt Corton konsequent auf langlebige Materialien und Oberfl\u00e4chen. Die professionelle Palpationsbox ist ein vielseitiges Modell, dessen Konstruktion kompromisslos auf intensive Nutzung und Sicherheit ausgelegt ist. Die Palpationsbox besteht aus einem einzigartigen, geschlossenen doppelwandigen U-Profil, in dem die Bretter \u2013 ohne scharfe Kanten oder hervorstehende Teile \u2013 sicher befestigt sind und so Sicherheit und Stabilit\u00e4t gew\u00e4hrleisten.<\/p>\n<p>Die Seiten des Palpationskastens sind mit zwei abnehmbaren, h\u00f6henverstellbaren Teleskoprohren ausgestattet. Die R\u00fcckt\u00fcr verf\u00fcgt \u00fcber eine <strong>Parallelverriegelung<\/strong>, mit dem die T\u00fcr sicher und einfach ge\u00f6ffnet und geschlossen werden kann. Die Hintert\u00fcr ist ebenfalls mit einem ausgestattet. <strong>verzinkte Stahlschutzplatte<\/strong> f\u00fcr zus\u00e4tzlichen Schutz vor Abnutzung und Besch\u00e4digung.<\/p>\n<p>Die T\u00fcr ist ausgestattet mit <strong>schwere, verstellbare Drehpunkte aus Edelstahl<\/strong>, was eine lange Lebensdauer und einen zuverl\u00e4ssigen Betrieb auch bei intensiver Nutzung gew\u00e4hrleistet. <strong>variable T\u00fcrh\u00f6he<\/strong> Die L\u00e4nge (960 bis 1200 mm) l\u00e4sst sich mithilfe herausnehmbarer Regalb\u00f6den leicht anpassen, wodurch die Box flexibel f\u00fcr verschiedene Pferde und Ponys einsetzbar ist.<\/p>\n<p>An der Vorderseite ist der Palpationskasten mit einem\/einer\/einem <strong>herausnehmbarer Brustschlauch<\/strong>, Dadurch l\u00e4sst sich die Innenl\u00e4nge leicht anpassen. Au\u00dferdem ist die Box mit mehreren <strong>Verzurrpunkte mit \u00d6sen<\/strong>, wodurch das Pferd w\u00e4hrend der Behandlungen sicher und stabil positioniert werden kann.<\/p>\n<p>Unsere Behandlungsboxen sind aus hochwertigem Stahl gefertigt und komplett<strong> thermisch feuerverzinkt nach NEN-EN-ISO 1461<\/strong> , um optimalen Korrosionsschutz zu gew\u00e4hrleisten. Nach dem Verzinken werden alle Teile sorgf\u00e4ltig nachbearbeitet und von scharfen Kanten befreit, f\u00fcr eine besonders sichere und hochwertige Verarbeitung.<\/p>\n<p><strong>Zus\u00e4tzliche Optionen f\u00fcr die Pferdebehandlungsbox<\/strong><br \/>\nNeben der Ausf\u00fchrung mit herausnehmbaren Schl\u00e4uchen bieten wir auch die Behandlungsbox mit drehbarer Seitenwand an.<\/p>\n<p>F\u00fcr pers\u00f6nliche Beratung oder Fragen k\u00f6nnen Sie jederzeit Kontakt aufnehmen. Unsere Spezialisten stehen bereit, um Sie bei der perfekten Einrichtung Ihres Stalls zu unterst\u00fctzen.<\/p>\n<p><strong>Warum sollte man sich f\u00fcr eine Corton-Behandlungsbox entscheiden?<\/strong><br \/>\n<strong>Zuverl\u00e4ssigkeit und Sicherheit:<\/strong> Jahrzehntelange Erfahrung spiegelt sich in cleveren Details wider, die eine sichere Umgebung f\u00fcr Ihr Pferd gew\u00e4hrleisten.<br \/>\n<strong>Langfristige Investition:<\/strong> Hochwertige Materialien und solide Konstruktion bedeuten weniger Wartung und l\u00e4ngere Lebensdauer.<br \/>\n<strong>\u00c4sthetik und Funktionalit\u00e4t:<\/strong> Dank individueller Anpassungsm\u00f6glichkeiten f\u00fcgt sich das Fenster nahtlos in den Rest des Stalls ein \u2013 sowohl optisch als auch in der Nutzung.<br \/>\n<strong>Lokale Produktion:<\/strong> Hergestellt in den Niederlanden \u2013 kurze Produktionslinien, Handwerkskunst und ein Fokus auf Qualit\u00e4t.<\/p>","protected":false},"excerpt":{"rendered":"<p>Die Corton-Behandlungsbox vereint jahrelange Erfahrung im Stallbau mit robuster Konstruktion und durchdachter Funktionalit\u00e4t. Sie ist f\u00fcr den intensiven t\u00e4glichen Einsatz konzipiert und legt gr\u00f6\u00dften Wert auf Sicherheit, Langlebigkeit und Benutzerfreundlichkeit.<\/p>\n<p><strong>Abmessungen (H x B x T): 2300 mm x 1000 mm x 1840 mm<br \/>\nSchwenkbare Heckt\u00fcr und 2 abnehmbare Teleskoprohre<\/strong><\/p>\n<p><strong>Wir k\u00f6nnen verschiedene Modelle ab Lager liefern.<\/strong><br \/>\nBestellen Sie Ihre Recherchebox direkt ab Lager online!<\/p>","protected":false},"featured_media":9782,"template":"","meta":{"_acf_changed":false},"product_brand":[],"product_cat":[52],"product_tag":[],"class_list":{"0":"post-9917","1":"product","2":"type-product","3":"status-publish","4":"has-post-thumbnail","6":"product_cat-diversen","8":"first","9":"instock","10":"taxable","11":"shipping-taxable","12":"purchasable","13":"product-type-simple"},"acf":[],"yoast_head":"<!-- This site is optimized with the Yoast SEO plugin v27.0 - https:\/\/yoast.com\/product\/yoast-seo-wordpress\/ -->\n<title>Opvoelbox voor paarden | behandelbox<\/title>\n<meta name=\"description\" content=\"Opvoelbox voor paarden uit voorraad leverbaar | Robuuste constructie met dubbelwandig U-profiel en RVS scharnieren | Maatwerk mogelijk\" \/>\n<meta name=\"robots\" content=\"index, follow, max-snippet:-1, max-image-preview:large, max-video-preview:-1\" \/>\n<link rel=\"canonical\" href=\"https:\/\/www.corton.nl\/de\/produkt\/palpationsbox-fur-pferde\/\" \/>\n<meta property=\"og:locale\" content=\"de_DE\" \/>\n<meta property=\"og:type\" content=\"article\" \/>\n<meta property=\"og:title\" content=\"Opvoelbox voor paarden | behandelbox\" \/>\n<meta property=\"og:description\" content=\"Opvoelbox voor paarden uit voorraad leverbaar | Robuuste constructie met dubbelwandig U-profiel en RVS scharnieren | Maatwerk mogelijk\" \/>\n<meta property=\"og:url\" content=\"https:\/\/www.corton.nl\/de\/produkt\/palpationsbox-fur-pferde\/\" \/>\n<meta property=\"og:site_name\" content=\"Corton B.V.\" \/>\n<meta property=\"article:modified_time\" content=\"2026-03-16T09:04:01+00:00\" \/>\n<meta property=\"og:image\" content=\"https:\/\/www.corton.nl\/wp-content\/uploads\/2026\/02\/Opvoelbox-voor-paarden-onderzoeksbox.jpg\" \/>\n\t<meta property=\"og:image:width\" content=\"1200\" \/>\n\t<meta property=\"og:image:height\" content=\"900\" \/>\n\t<meta property=\"og:image:type\" content=\"image\/jpeg\" \/>\n<meta name=\"twitter:card\" content=\"summary_large_image\" \/>\n<meta name=\"twitter:label1\" content=\"Gesch\u00e4tzte Lesezeit\" \/>\n\t<meta name=\"twitter:data1\" content=\"2\u00a0Minuten\" \/>\n<script type=\"application\/ld+json\" class=\"yoast-schema-graph\">{\"@context\":\"https:\/\/schema.org\",\"@graph\":[{\"@type\":\"WebPage\",\"@id\":\"https:\/\/www.corton.nl\/product\/opvoelbox-voor-paarden\/\",\"url\":\"https:\/\/www.corton.nl\/product\/opvoelbox-voor-paarden\/\",\"name\":\"Opvoelbox voor paarden | behandelbox\",\"isPartOf\":{\"@id\":\"https:\/\/www.corton.nl\/#website\"},\"primaryImageOfPage\":{\"@id\":\"https:\/\/www.corton.nl\/product\/opvoelbox-voor-paarden\/#primaryimage\"},\"image\":{\"@id\":\"https:\/\/www.corton.nl\/product\/opvoelbox-voor-paarden\/#primaryimage\"},\"thumbnailUrl\":\"https:\/\/www.corton.nl\/wp-content\/uploads\/2026\/02\/Opvoelbox-voor-paarden-onderzoeksbox.jpg\",\"datePublished\":\"2026-03-13T07:56:33+00:00\",\"dateModified\":\"2026-03-16T09:04:01+00:00\",\"description\":\"Opvoelbox voor paarden uit voorraad leverbaar | Robuuste constructie met dubbelwandig U-profiel en RVS scharnieren | Maatwerk mogelijk\",\"breadcrumb\":{\"@id\":\"https:\/\/www.corton.nl\/product\/opvoelbox-voor-paarden\/#breadcrumb\"},\"inLanguage\":\"de\",\"potentialAction\":[{\"@type\":\"ReadAction\",\"target\":[\"https:\/\/www.corton.nl\/product\/opvoelbox-voor-paarden\/\"]}]},{\"@type\":\"ImageObject\",\"inLanguage\":\"de\",\"@id\":\"https:\/\/www.corton.nl\/product\/opvoelbox-voor-paarden\/#primaryimage\",\"url\":\"https:\/\/www.corton.nl\/wp-content\/uploads\/2026\/02\/Opvoelbox-voor-paarden-onderzoeksbox.jpg\",\"contentUrl\":\"https:\/\/www.corton.nl\/wp-content\/uploads\/2026\/02\/Opvoelbox-voor-paarden-onderzoeksbox.jpg\",\"width\":1200,\"height\":900,\"caption\":\"Opvoelbox voor paarden - onderzoeksbox\"},{\"@type\":\"BreadcrumbList\",\"@id\":\"https:\/\/www.corton.nl\/product\/opvoelbox-voor-paarden\/#breadcrumb\",\"itemListElement\":[{\"@type\":\"ListItem\",\"position\":1,\"name\":\"Home\",\"item\":\"https:\/\/www.corton.nl\/\"},{\"@type\":\"ListItem\",\"position\":2,\"name\":\"Webshop\",\"item\":\"https:\/\/www.corton.nl\/webshop\/\"},{\"@type\":\"ListItem\",\"position\":3,\"name\":\"Opvoelbox voor paarden\"}]},{\"@type\":\"WebSite\",\"@id\":\"https:\/\/www.corton.nl\/#website\",\"url\":\"https:\/\/www.corton.nl\/\",\"name\":\"Corton B.V.\",\"description\":\"\",\"potentialAction\":[{\"@type\":\"SearchAction\",\"target\":{\"@type\":\"EntryPoint\",\"urlTemplate\":\"https:\/\/www.corton.nl\/?s={search_term_string}\"},\"query-input\":{\"@type\":\"PropertyValueSpecification\",\"valueRequired\":true,\"valueName\":\"search_term_string\"}}],\"inLanguage\":\"de\"}]}<\/script>\n<!-- \/ Yoast SEO plugin. -->","yoast_head_json":{"title":"Streichelbox f\u00fcr Pferde | Behandlungsbox","description":"Palpationsbox f\u00fcr Pferde ab Lager verf\u00fcgbar | Robuste Konstruktion mit doppelwandigem U-Profil und Edelstahlscharnieren | Individuelle Anpassung m\u00f6glich","robots":{"index":"index","follow":"follow","max-snippet":"max-snippet:-1","max-image-preview":"max-image-preview:large","max-video-preview":"max-video-preview:-1"},"canonical":"https:\/\/www.corton.nl\/de\/produkt\/palpationsbox-fur-pferde\/","og_locale":"de_DE","og_type":"article","og_title":"Opvoelbox voor paarden | behandelbox","og_description":"Opvoelbox voor paarden uit voorraad leverbaar | Robuuste constructie met dubbelwandig U-profiel en RVS scharnieren | Maatwerk mogelijk","og_url":"https:\/\/www.corton.nl\/de\/produkt\/palpationsbox-fur-pferde\/","og_site_name":"Corton B.V.","article_modified_time":"2026-03-16T09:04:01+00:00","og_image":[{"width":1200,"height":900,"url":"https:\/\/www.corton.nl\/wp-content\/uploads\/2026\/02\/Opvoelbox-voor-paarden-onderzoeksbox.jpg","type":"image\/jpeg"}],"twitter_card":"summary_large_image","twitter_misc":{"Gesch\u00e4tzte Lesezeit":"2\u00a0Minuten"},"schema":{"@context":"https:\/\/schema.org","@graph":[{"@type":"WebPage","@id":"https:\/\/www.corton.nl\/product\/opvoelbox-voor-paarden\/","url":"https:\/\/www.corton.nl\/product\/opvoelbox-voor-paarden\/","name":"Streichelbox f\u00fcr Pferde | Behandlungsbox","isPartOf":{"@id":"https:\/\/www.corton.nl\/#website"},"primaryImageOfPage":{"@id":"https:\/\/www.corton.nl\/product\/opvoelbox-voor-paarden\/#primaryimage"},"image":{"@id":"https:\/\/www.corton.nl\/product\/opvoelbox-voor-paarden\/#primaryimage"},"thumbnailUrl":"https:\/\/www.corton.nl\/wp-content\/uploads\/2026\/02\/Opvoelbox-voor-paarden-onderzoeksbox.jpg","datePublished":"2026-03-13T07:56:33+00:00","dateModified":"2026-03-16T09:04:01+00:00","description":"Palpationsbox f\u00fcr Pferde ab Lager verf\u00fcgbar | Robuste Konstruktion mit doppelwandigem U-Profil und Edelstahlscharnieren | Individuelle Anpassung m\u00f6glich","breadcrumb":{"@id":"https:\/\/www.corton.nl\/product\/opvoelbox-voor-paarden\/#breadcrumb"},"inLanguage":"de","potentialAction":[{"@type":"ReadAction","target":["https:\/\/www.corton.nl\/product\/opvoelbox-voor-paarden\/"]}]},{"@type":"ImageObject","inLanguage":"de","@id":"https:\/\/www.corton.nl\/product\/opvoelbox-voor-paarden\/#primaryimage","url":"https:\/\/www.corton.nl\/wp-content\/uploads\/2026\/02\/Opvoelbox-voor-paarden-onderzoeksbox.jpg","contentUrl":"https:\/\/www.corton.nl\/wp-content\/uploads\/2026\/02\/Opvoelbox-voor-paarden-onderzoeksbox.jpg","width":1200,"height":900,"caption":"Opvoelbox voor paarden - onderzoeksbox"},{"@type":"BreadcrumbList","@id":"https:\/\/www.corton.nl\/product\/opvoelbox-voor-paarden\/#breadcrumb","itemListElement":[{"@type":"ListItem","position":1,"name":"Home","item":"https:\/\/www.corton.nl\/"},{"@type":"ListItem","position":2,"name":"Webshop","item":"https:\/\/www.corton.nl\/webshop\/"},{"@type":"ListItem","position":3,"name":"Opvoelbox voor paarden"}]},{"@type":"WebSite","@id":"https:\/\/www.corton.nl\/#website","url":"https:\/\/www.corton.nl\/","name":"Corton BV.","description":"","potentialAction":[{"@type":"SearchAction","target":{"@type":"EntryPoint","urlTemplate":"https:\/\/www.corton.nl\/?s={search_term_string}"},"query-input":{"@type":"PropertyValueSpecification","valueRequired":true,"valueName":"search_term_string"}}],"inLanguage":"de"}]}},"_links":{"self":[{"href":"https:\/\/www.corton.nl\/de\/wp-json\/wp\/v2\/product\/9917","targetHints":{"allow":["GET"]}}],"collection":[{"href":"https:\/\/www.corton.nl\/de\/wp-json\/wp\/v2\/product"}],"about":[{"href":"https:\/\/www.corton.nl\/de\/wp-json\/wp\/v2\/types\/product"}],"wp:featuredmedia":[{"embeddable":true,"href":"https:\/\/www.corton.nl\/de\/wp-json\/wp\/v2\/media\/9782"}],"wp:attachment":[{"href":"https:\/\/www.corton.nl\/de\/wp-json\/wp\/v2\/media?parent=9917"}],"wp:term":[{"taxonomy":"product_brand","embeddable":true,"href":"https:\/\/www.corton.nl\/de\/wp-json\/wp\/v2\/product_brand?post=9917"},{"taxonomy":"product_cat","embeddable":true,"href":"https:\/\/www.corton.nl\/de\/wp-json\/wp\/v2\/product_cat?post=9917"},{"taxonomy":"product_tag","embeddable":true,"href":"https:\/\/www.corton.nl\/de\/wp-json\/wp\/v2\/product_tag?post=9917"}],"curies":[{"name":"wp","href":"https:\/\/api.w.org\/{rel}","templated":true}]}}