{"id":9682,"date":"2026-02-04T11:10:43","date_gmt":"2026-02-04T10:10:43","guid":{"rendered":"https:\/\/www.corton.nl\/?post_type=product&#038;p=9682"},"modified":"2026-03-16T08:28:38","modified_gmt":"2026-03-16T07:28:38","slug":"pferdebehandlungsbox","status":"publish","type":"product","link":"https:\/\/www.corton.nl\/de\/product\/behandelbox-paard\/","title":{"rendered":"Behandlungsbox f\u00fcr Pferde"},"content":{"rendered":"<p><strong>Hochwertige Behandlungsbox f\u00fcr Pferde zur intensiven Nutzung<\/strong><br \/>\nMit \u00fcber 50 Jahren Erfahrung in der Stallausr\u00fcstung setzt Corton stets auf langlebige Materialien und hochwertige Oberfl\u00e4chen. Die professionelle Transportbox, ab Lager verf\u00fcgbar, ist ein vielseitiges Modell, dessen Konstruktion kompromisslos auf intensive Nutzung und Sicherheit ausgelegt ist. Die Transportbox verf\u00fcgt \u00fcber ein einzigartiges, geschlossenes, doppelwandiges U-Profil, in dem die Planken \u2013 ohne scharfe Kanten oder hervorstehende Teile \u2013 sicher und stabil befestigt sind.<\/p>\n<p>Die Behandlungskabine ist mit einer Seitent\u00fcr und einer R\u00fcckt\u00fcr ausgestattet. <strong>Parallelverriegelung<\/strong>, Dadurch lassen sich die T\u00fcren sicher und einfach \u00f6ffnen und schlie\u00dfen. Die hintere T\u00fcr ist mit einem <strong>verzinkte Stahlschutzplatte<\/strong> f\u00fcr zus\u00e4tzlichen Schutz vor Abnutzung und Besch\u00e4digung.<\/p>\n<p>Alle T\u00fcren sind ausgestattet mit <strong>schwere, verstellbare Drehpunkte aus Edelstahl<\/strong>, was eine lange Lebensdauer und einen zuverl\u00e4ssigen Betrieb auch bei intensiver Nutzung gew\u00e4hrleistet. <strong>variable T\u00fcrh\u00f6he<\/strong> Die L\u00e4nge (960 bis 1200 mm) l\u00e4sst sich mithilfe herausnehmbarer Regalb\u00f6den leicht anpassen, wodurch die Box flexibel f\u00fcr verschiedene Pferde und Ponys einsetzbar ist.<\/p>\n<p>An der Vorderseite ist die Behandlungsbox mit einem\/einer\/einem ausgestattet. <strong>herausnehmbarer Brustschlauch<\/strong>, Dadurch l\u00e4sst sich die Innenl\u00e4nge leicht anpassen. Au\u00dferdem ist die Box mit mehreren <strong>Verzurrpunkte mit \u00d6sen<\/strong>, wodurch das Pferd w\u00e4hrend der Behandlungen sicher und stabil positioniert werden kann.<\/p>\n<p>Unsere Behandlungsboxen sind aus hochwertigem Stahl gefertigt und komplett<strong> thermisch feuerverzinkt nach NEN-EN-ISO 1461<\/strong> , um optimalen Korrosionsschutz zu gew\u00e4hrleisten. Nach dem Verzinken werden alle Teile sorgf\u00e4ltig nachbearbeitet und von scharfen Kanten befreit, f\u00fcr eine besonders sichere und hochwertige Verarbeitung.<\/p>\n<p><strong>Zus\u00e4tzliche Optionen f\u00fcr die Pferdebehandlungsbox<\/strong><br \/>\nNeben der Ausf\u00fchrung mit drehbarer Seitenwand bieten wir auch die F\u00fctterungsbox mit herausnehmbaren Schl\u00e4uchen an.<\/p>\n<p>F\u00fcr pers\u00f6nliche Beratung oder Fragen k\u00f6nnen Sie jederzeit Kontakt aufnehmen. Unsere Spezialisten stehen bereit, um Sie bei der perfekten Einrichtung Ihres Stalls zu unterst\u00fctzen.<\/p>\n<p><strong>Warum sollte man sich f\u00fcr eine Corton-Behandlungsbox entscheiden?<\/strong><br \/>\n<strong>Zuverl\u00e4ssigkeit und Sicherheit:<\/strong> Jahrzehntelange Erfahrung spiegelt sich in cleveren Details wider, die eine sichere Umgebung f\u00fcr Ihr Pferd gew\u00e4hrleisten.<br \/>\n<strong>Langfristige Investition:<\/strong> Hochwertige Materialien und solide Konstruktion bedeuten weniger Wartung und l\u00e4ngere Lebensdauer.<br \/>\n<strong>\u00c4sthetik und Funktionalit\u00e4t:<\/strong> Dank individueller Anpassungsm\u00f6glichkeiten f\u00fcgt sich das Fenster nahtlos in den Rest des Stalls ein \u2013 sowohl optisch als auch in der Nutzung.<br \/>\n<strong>Lokale Produktion:<\/strong> Hergestellt in den Niederlanden \u2013 kurze Produktionslinien, Handwerkskunst und ein Fokus auf Qualit\u00e4t.<\/p>","protected":false},"excerpt":{"rendered":"<p>Die Corton-Behandlungsbox vereint jahrelange Erfahrung im Stallbau mit robuster Konstruktion und durchdachter Funktionalit\u00e4t. Sie ist f\u00fcr den intensiven t\u00e4glichen Einsatz konzipiert und legt gr\u00f6\u00dften Wert auf Sicherheit, Langlebigkeit und Benutzerfreundlichkeit.<\/p>\n<p><strong>Abmessungen (H x B x T): 2300 mm x 1000 mm x 2040 mm<br \/>\nSchwenkbare Seiten- und Heckt\u00fcr<\/strong><\/p>\n<p><strong>Wir k\u00f6nnen verschiedene Modelle ab Lager liefern.<\/strong><br \/>\nBestellen Sie Ihre Recherchebox direkt ab Lager online!<\/p>","protected":false},"featured_media":9783,"template":"","meta":{"_acf_changed":false},"product_brand":[],"product_cat":[52],"product_tag":[],"class_list":{"0":"post-9682","1":"product","2":"type-product","3":"status-publish","4":"has-post-thumbnail","6":"product_cat-diversen","8":"first","9":"instock","10":"taxable","11":"shipping-taxable","12":"purchasable","13":"product-type-simple"},"acf":[],"yoast_head":"<!-- This site is optimized with the Yoast SEO plugin v27.0 - https:\/\/yoast.com\/product\/yoast-seo-wordpress\/ -->\n<title>Behandelbox voor paarden | opvoelbox<\/title>\n<meta name=\"description\" content=\"Behandelbox voor paarden uit voorraad leverbaar | Robuuste constructie met dubbelwandig U-profiel en RVS scharnieren | Maatwerk mogelijk\" \/>\n<meta name=\"robots\" content=\"index, follow, max-snippet:-1, max-image-preview:large, max-video-preview:-1\" \/>\n<link rel=\"canonical\" href=\"https:\/\/www.corton.nl\/de\/produkt\/pferdebehandlungsbox\/\" \/>\n<meta property=\"og:locale\" content=\"de_DE\" \/>\n<meta property=\"og:type\" content=\"article\" \/>\n<meta property=\"og:title\" content=\"Behandelbox voor paarden | opvoelbox\" \/>\n<meta property=\"og:description\" content=\"Behandelbox voor paarden uit voorraad leverbaar | Robuuste constructie met dubbelwandig U-profiel en RVS scharnieren | Maatwerk mogelijk\" \/>\n<meta property=\"og:url\" content=\"https:\/\/www.corton.nl\/de\/produkt\/pferdebehandlungsbox\/\" \/>\n<meta property=\"og:site_name\" content=\"Corton B.V.\" \/>\n<meta property=\"article:modified_time\" content=\"2026-03-16T07:28:38+00:00\" \/>\n<meta property=\"og:image\" content=\"https:\/\/www.corton.nl\/wp-content\/uploads\/2026\/02\/Behandelbox-voor-paarden-onderzoekbox.jpg\" \/>\n\t<meta property=\"og:image:width\" content=\"1200\" \/>\n\t<meta property=\"og:image:height\" content=\"900\" \/>\n\t<meta property=\"og:image:type\" content=\"image\/jpeg\" \/>\n<meta name=\"twitter:card\" content=\"summary_large_image\" \/>\n<meta name=\"twitter:label1\" content=\"Gesch\u00e4tzte Lesezeit\" \/>\n\t<meta name=\"twitter:data1\" content=\"2\u00a0Minuten\" \/>\n<script type=\"application\/ld+json\" class=\"yoast-schema-graph\">{\"@context\":\"https:\/\/schema.org\",\"@graph\":[{\"@type\":\"WebPage\",\"@id\":\"https:\/\/www.corton.nl\/product\/behandelbox-paard\/\",\"url\":\"https:\/\/www.corton.nl\/product\/behandelbox-paard\/\",\"name\":\"Behandelbox voor paarden | opvoelbox\",\"isPartOf\":{\"@id\":\"https:\/\/www.corton.nl\/#website\"},\"primaryImageOfPage\":{\"@id\":\"https:\/\/www.corton.nl\/product\/behandelbox-paard\/#primaryimage\"},\"image\":{\"@id\":\"https:\/\/www.corton.nl\/product\/behandelbox-paard\/#primaryimage\"},\"thumbnailUrl\":\"https:\/\/www.corton.nl\/wp-content\/uploads\/2026\/02\/Behandelbox-voor-paarden-onderzoekbox.jpg\",\"datePublished\":\"2026-02-04T10:10:43+00:00\",\"dateModified\":\"2026-03-16T07:28:38+00:00\",\"description\":\"Behandelbox voor paarden uit voorraad leverbaar | Robuuste constructie met dubbelwandig U-profiel en RVS scharnieren | Maatwerk mogelijk\",\"breadcrumb\":{\"@id\":\"https:\/\/www.corton.nl\/product\/behandelbox-paard\/#breadcrumb\"},\"inLanguage\":\"de\",\"potentialAction\":[{\"@type\":\"ReadAction\",\"target\":[\"https:\/\/www.corton.nl\/product\/behandelbox-paard\/\"]}]},{\"@type\":\"ImageObject\",\"inLanguage\":\"de\",\"@id\":\"https:\/\/www.corton.nl\/product\/behandelbox-paard\/#primaryimage\",\"url\":\"https:\/\/www.corton.nl\/wp-content\/uploads\/2026\/02\/Behandelbox-voor-paarden-onderzoekbox.jpg\",\"contentUrl\":\"https:\/\/www.corton.nl\/wp-content\/uploads\/2026\/02\/Behandelbox-voor-paarden-onderzoekbox.jpg\",\"width\":1200,\"height\":900,\"caption\":\"Behandelbox voor paarden - onderzoekbox\"},{\"@type\":\"BreadcrumbList\",\"@id\":\"https:\/\/www.corton.nl\/product\/behandelbox-paard\/#breadcrumb\",\"itemListElement\":[{\"@type\":\"ListItem\",\"position\":1,\"name\":\"Home\",\"item\":\"https:\/\/www.corton.nl\/\"},{\"@type\":\"ListItem\",\"position\":2,\"name\":\"Webshop\",\"item\":\"https:\/\/www.corton.nl\/webshop\/\"},{\"@type\":\"ListItem\",\"position\":3,\"name\":\"Behandelbox voor paarden\"}]},{\"@type\":\"WebSite\",\"@id\":\"https:\/\/www.corton.nl\/#website\",\"url\":\"https:\/\/www.corton.nl\/\",\"name\":\"Corton B.V.\",\"description\":\"\",\"potentialAction\":[{\"@type\":\"SearchAction\",\"target\":{\"@type\":\"EntryPoint\",\"urlTemplate\":\"https:\/\/www.corton.nl\/?s={search_term_string}\"},\"query-input\":{\"@type\":\"PropertyValueSpecification\",\"valueRequired\":true,\"valueName\":\"search_term_string\"}}],\"inLanguage\":\"de\"}]}<\/script>\n<!-- \/ Yoast SEO plugin. -->","yoast_head_json":{"title":"Behandlungsbox f\u00fcr Pferde | Trainingsbox","description":"Behandlungsbox f\u00fcr Pferde ab Lager verf\u00fcgbar | Robuste Konstruktion mit doppelwandigem U-Profil und Edelstahlscharnieren | Individuelle Anpassung m\u00f6glich","robots":{"index":"index","follow":"follow","max-snippet":"max-snippet:-1","max-image-preview":"max-image-preview:large","max-video-preview":"max-video-preview:-1"},"canonical":"https:\/\/www.corton.nl\/de\/produkt\/pferdebehandlungsbox\/","og_locale":"de_DE","og_type":"article","og_title":"Behandelbox voor paarden | opvoelbox","og_description":"Behandelbox voor paarden uit voorraad leverbaar | Robuuste constructie met dubbelwandig U-profiel en RVS scharnieren | Maatwerk mogelijk","og_url":"https:\/\/www.corton.nl\/de\/produkt\/pferdebehandlungsbox\/","og_site_name":"Corton B.V.","article_modified_time":"2026-03-16T07:28:38+00:00","og_image":[{"width":1200,"height":900,"url":"https:\/\/www.corton.nl\/wp-content\/uploads\/2026\/02\/Behandelbox-voor-paarden-onderzoekbox.jpg","type":"image\/jpeg"}],"twitter_card":"summary_large_image","twitter_misc":{"Gesch\u00e4tzte Lesezeit":"2\u00a0Minuten"},"schema":{"@context":"https:\/\/schema.org","@graph":[{"@type":"WebPage","@id":"https:\/\/www.corton.nl\/product\/behandelbox-paard\/","url":"https:\/\/www.corton.nl\/product\/behandelbox-paard\/","name":"Behandlungsbox f\u00fcr Pferde | Trainingsbox","isPartOf":{"@id":"https:\/\/www.corton.nl\/#website"},"primaryImageOfPage":{"@id":"https:\/\/www.corton.nl\/product\/behandelbox-paard\/#primaryimage"},"image":{"@id":"https:\/\/www.corton.nl\/product\/behandelbox-paard\/#primaryimage"},"thumbnailUrl":"https:\/\/www.corton.nl\/wp-content\/uploads\/2026\/02\/Behandelbox-voor-paarden-onderzoekbox.jpg","datePublished":"2026-02-04T10:10:43+00:00","dateModified":"2026-03-16T07:28:38+00:00","description":"Behandlungsbox f\u00fcr Pferde ab Lager verf\u00fcgbar | Robuste Konstruktion mit doppelwandigem U-Profil und Edelstahlscharnieren | Individuelle Anpassung m\u00f6glich","breadcrumb":{"@id":"https:\/\/www.corton.nl\/product\/behandelbox-paard\/#breadcrumb"},"inLanguage":"de","potentialAction":[{"@type":"ReadAction","target":["https:\/\/www.corton.nl\/product\/behandelbox-paard\/"]}]},{"@type":"ImageObject","inLanguage":"de","@id":"https:\/\/www.corton.nl\/product\/behandelbox-paard\/#primaryimage","url":"https:\/\/www.corton.nl\/wp-content\/uploads\/2026\/02\/Behandelbox-voor-paarden-onderzoekbox.jpg","contentUrl":"https:\/\/www.corton.nl\/wp-content\/uploads\/2026\/02\/Behandelbox-voor-paarden-onderzoekbox.jpg","width":1200,"height":900,"caption":"Behandelbox voor paarden - onderzoekbox"},{"@type":"BreadcrumbList","@id":"https:\/\/www.corton.nl\/product\/behandelbox-paard\/#breadcrumb","itemListElement":[{"@type":"ListItem","position":1,"name":"Home","item":"https:\/\/www.corton.nl\/"},{"@type":"ListItem","position":2,"name":"Webshop","item":"https:\/\/www.corton.nl\/webshop\/"},{"@type":"ListItem","position":3,"name":"Behandelbox voor paarden"}]},{"@type":"WebSite","@id":"https:\/\/www.corton.nl\/#website","url":"https:\/\/www.corton.nl\/","name":"Corton BV.","description":"","potentialAction":[{"@type":"SearchAction","target":{"@type":"EntryPoint","urlTemplate":"https:\/\/www.corton.nl\/?s={search_term_string}"},"query-input":{"@type":"PropertyValueSpecification","valueRequired":true,"valueName":"search_term_string"}}],"inLanguage":"de"}]}},"_links":{"self":[{"href":"https:\/\/www.corton.nl\/de\/wp-json\/wp\/v2\/product\/9682","targetHints":{"allow":["GET"]}}],"collection":[{"href":"https:\/\/www.corton.nl\/de\/wp-json\/wp\/v2\/product"}],"about":[{"href":"https:\/\/www.corton.nl\/de\/wp-json\/wp\/v2\/types\/product"}],"wp:featuredmedia":[{"embeddable":true,"href":"https:\/\/www.corton.nl\/de\/wp-json\/wp\/v2\/media\/9783"}],"wp:attachment":[{"href":"https:\/\/www.corton.nl\/de\/wp-json\/wp\/v2\/media?parent=9682"}],"wp:term":[{"taxonomy":"product_brand","embeddable":true,"href":"https:\/\/www.corton.nl\/de\/wp-json\/wp\/v2\/product_brand?post=9682"},{"taxonomy":"product_cat","embeddable":true,"href":"https:\/\/www.corton.nl\/de\/wp-json\/wp\/v2\/product_cat?post=9682"},{"taxonomy":"product_tag","embeddable":true,"href":"https:\/\/www.corton.nl\/de\/wp-json\/wp\/v2\/product_tag?post=9682"}],"curies":[{"name":"wp","href":"https:\/\/api.w.org\/{rel}","templated":true}]}}