{"id":9661,"date":"2026-01-27T14:43:38","date_gmt":"2026-01-27T13:43:38","guid":{"rendered":"https:\/\/www.corton.nl\/?post_type=product&#038;p=9661"},"modified":"2026-01-27T14:55:57","modified_gmt":"2026-01-27T13:55:57","slug":"schutzhutte-mit-transparenter-fassade","status":"publish","type":"product","link":"https:\/\/www.corton.nl\/de\/product\/schuilstal-met-transparante-gevel\/","title":{"rendered":"Unterstand 300 x 300 cm mit transparenter Fassade"},"content":{"rendered":"<p><strong>Hochwertige Qualit\u00e4t und Langlebigkeit<\/strong><br \/>\nMit \u00fcber 50 Jahren Erfahrung im Stallausbau w\u00e4hlt Corton stets langlebige Materialien und Oberfl\u00e4chen. Die W\u00e4nde sind mit einem <strong>einzigartiges geschlossenes doppelwandiges U-Profil<\/strong> gefertigt, in das die Bretter befestigt werden \u2013 ohne scharfe Kanten oder hervorstehende Teile \u2013 wodurch sowohl Sicherheit als auch Stabilit\u00e4t garantiert sind.<\/p>\n<p>Unsere Unterk\u00fcnfte sind dank der ausschlie\u00dflichen Verwendung von Stahl und Kunststoff extrem langlebig. Dadurch ist die Konstruktion vollst\u00e4ndig robust. <strong>wartungsfrei<\/strong> Und der Schutzraum kann jahrzehntelang problemlos funktionieren. Die Stahlteile sind vollst\u00e4ndig <strong>thermisch feuerverzinkt nach NEN-EN-ISO 1461<\/strong> F\u00fcr optimalen Korrosionsschutz. Nach dem Verzinken werden alle Bauteile sorgf\u00e4ltig nachbearbeitet und scharfe Kanten entfernt, um eine besonders sichere und hochwertige Oberfl\u00e4che zu gew\u00e4hrleisten.<\/p>\n<p>Der Unterschlupf ist ausgestattet mit einem <strong>transparente Polycarbonatfassade<\/strong>. Dies sorgt f\u00fcr zus\u00e4tzliches Tageslicht im Stall. Das Polycarbonat ist schlagfest, langlebig und pflegeleicht und vereint somit optimalen Lichtkomfort und Sicherheit.<\/p>\n<p>Das Zelt wird standardm\u00e4\u00dfig mit folgendem Zubeh\u00f6r geliefert: <strong>Trapezprofilplatten mit Filz<\/strong>. Dieser Filz absorbiert Kondenswasser und tr\u00e4gt zu einem angenehmen, trockenen und stabilen Raumklima bei. Die Konstruktion besteht aus robustem Material. <strong>Stahlpfetten mit formsch\u00f6n verarbeiteten Verbindungen<\/strong> an den Fachwerktr\u00e4gern, die mit Gewindebohrungen versehen sind.<\/p>\n<p><strong>Abmessungen direkt ab Lager verf\u00fcgbar (Tiefe x Breite):\u00a0<\/strong><br \/>\n<strong>300 x 300 cm<\/strong><br \/>\n<strong>300 x 600 cm<\/strong><br \/>\n<strong>300 x 900 cm<\/strong><br \/>\n<strong>300 x 350 cm<\/strong><br \/>\n<strong>300 x 700 cm<\/strong><br \/>\nAndere Abmessungen sind kein Problem und k\u00f6nnen oft innerhalb von 6 Wochen geliefert werden.<\/p>\n<p>Dank der modularen Bauweise l\u00e4sst sich der Unterstand leicht aufbauen. <strong>erweiterbar zu einem vollwertigen Au\u00dfenstall<\/strong> Durch das Hinzuf\u00fcgen von Vorderw\u00e4nden mit Trennwand l\u00e4sst sich die Konstruktion einfach und effizient aufbauen, ohne Kompromisse bei Stabilit\u00e4t oder Optik einzugehen. Die Unterst\u00e4nde sind zudem ab Lager verf\u00fcgbar und somit schnell lieferbar.<\/p>\n<p><strong>Ma\u00dfgefertigte Au\u00dfenst\u00e4lle<\/strong><br \/>\nDank der zahlreichen zus\u00e4tzlichen Optionen und Ausf\u00fchrungsm\u00f6glichkeiten k\u00f6nnen Sie Ihren Stall durch exklusive Ma\u00dfanfertigungen exakt nach Ihren W\u00fcnschen gestalten. So entsteht ein Stall, der nicht nur praktisch ist, sondern auch Klasse und Stil ausstrahlt und perfekt Ihren Vorstellungen entspricht.<\/p>\n<p>F\u00fcr pers\u00f6nliche Beratung oder Fragen k\u00f6nnen Sie jederzeit Kontakt aufnehmen. Unsere Spezialisten stehen bereit, um Sie bei der perfekten Einrichtung Ihres Stalls zu unterst\u00fctzen. <strong>Suchen Sie ein anderes Modell?<\/strong> <a href=\"https:\/\/www.corton.nl\/de\/ausenstalle\/\">Alle M\u00f6glichkeiten hier ansehen<\/a>.<\/p>\n<p><strong>Warum sollten Sie sich f\u00fcr den Corton-Unterstand entscheiden?<\/strong><br \/>\n<strong>Zuverl\u00e4ssigkeit und Sicherheit:<\/strong> Jahrzehntelange Erfahrung zeigt sich in durchdachten Details, die f\u00fcr eine sichere Umgebung Ihres Pferdes sorgen.<br \/>\n<strong>Langfristige Investition:<\/strong> Hochwertige Materialien und solide Konstruktion bedeuten weniger Wartung und l\u00e4ngere Lebensdauer.<br \/>\n<strong>\u00c4sthetik und Funktionalit\u00e4t:<\/strong> Dank individueller Anpassungsm\u00f6glichkeiten f\u00fcgen sich die W\u00e4nde nahtlos in den Rest Ihres Stalls ein \u2013 sowohl optisch als auch funktional.<br \/>\n<strong>Lokale Produktion:<\/strong> Hergestellt in den Niederlanden \u2013 kurze Produktionslinien, Handwerkskunst und ein Fokus auf Qualit\u00e4t.<\/p>","protected":false},"excerpt":{"rendered":"<p>Der robuste Unterstand von Corton vereint jahrelange Erfahrung mit hoher Qualit\u00e4t und einfacher Handhabung. Er wurde in den Niederlanden f\u00fcr den intensiven Stalleinsatz entwickelt und gefertigt und ist sofort lieferbar.<\/p>\n<p><strong>Geschlossenes doppelwandiges U-Profil<\/strong><br \/>\n<strong>Trapezf\u00f6rmige Profilbleche mit Filz<br \/>\nTransparente Polycarbonatfassade<br \/>\nEinfache Installation<\/strong><\/p>\n<p><strong>Wir k\u00f6nnen verschiedene Gr\u00f6\u00dfen und Ausf\u00fchrungen ab Lager liefern. <\/strong><br \/>\nBestellen Sie Ihr Zelt direkt ab Lager online oder fordern Sie ein Angebot an!<\/p>","protected":false},"featured_media":9657,"template":"","meta":{"_acf_changed":false},"product_brand":[],"product_cat":[44],"product_tag":[],"class_list":{"0":"post-9661","1":"product","2":"type-product","3":"status-publish","4":"has-post-thumbnail","6":"product_cat-paardenboxen","8":"first","9":"instock","10":"taxable","11":"shipping-taxable","12":"purchasable","13":"product-type-simple"},"acf":[],"yoast_head":"<!-- This site is optimized with the Yoast SEO plugin v27.0 - https:\/\/yoast.com\/product\/yoast-seo-wordpress\/ -->\n<title>Schuilstal 300 x 300 cm met transparante gevel - Corton B.V.<\/title>\n<meta name=\"robots\" content=\"index, follow, max-snippet:-1, max-image-preview:large, max-video-preview:-1\" \/>\n<link rel=\"canonical\" href=\"https:\/\/www.corton.nl\/de\/produkt\/schutzhutte-mit-transparenter-fassade\/\" \/>\n<meta property=\"og:locale\" content=\"de_DE\" \/>\n<meta property=\"og:type\" content=\"article\" \/>\n<meta property=\"og:title\" content=\"Schuilstal 300 x 300 cm met transparante gevel - Corton B.V.\" \/>\n<meta property=\"og:description\" content=\"De robuuste schuilstal van Corton combineert jarenlange expertise met robuuste kwaliteit en eenvoudig gebruik. Ontwikkeld voor intensief stalgebruik, ontworpen en geproduceerd in Nederland. Uit voorraad leverbaar voor een snelle levering.  Gesloten dubbelwandig U-profiel Trapezium profielplaten voorzien van vilt Transparante gevel van polycarbonaat Eenvoudige montage  Uit voorraad kunnen wij diverse afmetingen en uitvoeringen leveren.  Bestel uw schuilstal direct uit voorraad online of vraag een offerte aan!\" \/>\n<meta property=\"og:url\" content=\"https:\/\/www.corton.nl\/de\/produkt\/schutzhutte-mit-transparenter-fassade\/\" \/>\n<meta property=\"og:site_name\" content=\"Corton B.V.\" \/>\n<meta property=\"article:modified_time\" content=\"2026-01-27T13:55:57+00:00\" \/>\n<meta property=\"og:image\" content=\"https:\/\/www.corton.nl\/wp-content\/uploads\/2026\/01\/Schuilstal-met-transparante-gevel-Corton-paardenstal.jpg\" \/>\n\t<meta property=\"og:image:width\" content=\"1200\" \/>\n\t<meta property=\"og:image:height\" content=\"900\" \/>\n\t<meta property=\"og:image:type\" content=\"image\/jpeg\" \/>\n<meta name=\"twitter:card\" content=\"summary_large_image\" \/>\n<meta name=\"twitter:label1\" content=\"Gesch\u00e4tzte Lesezeit\" \/>\n\t<meta name=\"twitter:data1\" content=\"2\u00a0Minuten\" \/>\n<script type=\"application\/ld+json\" class=\"yoast-schema-graph\">{\"@context\":\"https:\/\/schema.org\",\"@graph\":[{\"@type\":\"WebPage\",\"@id\":\"https:\/\/www.corton.nl\/de\/produkt\/schutzhutte-mit-transparenter-fassade\/\",\"url\":\"https:\/\/www.corton.nl\/de\/produkt\/schutzhutte-mit-transparenter-fassade\/\",\"name\":\"Schuilstal 300 x 300 cm met transparante gevel - Corton B.V.\",\"isPartOf\":{\"@id\":\"https:\/\/www.corton.nl\/#website\"},\"primaryImageOfPage\":{\"@id\":\"https:\/\/www.corton.nl\/de\/produkt\/schutzhutte-mit-transparenter-fassade\/#primaryimage\"},\"image\":{\"@id\":\"https:\/\/www.corton.nl\/de\/produkt\/schutzhutte-mit-transparenter-fassade\/#primaryimage\"},\"thumbnailUrl\":\"https:\/\/www.corton.nl\/wp-content\/uploads\/2026\/01\/Schuilstal-met-transparante-gevel-Corton-paardenstal.jpg\",\"datePublished\":\"2026-01-27T13:43:38+00:00\",\"dateModified\":\"2026-01-27T13:55:57+00:00\",\"breadcrumb\":{\"@id\":\"https:\/\/www.corton.nl\/de\/produkt\/schutzhutte-mit-transparenter-fassade\/#breadcrumb\"},\"inLanguage\":\"de\",\"potentialAction\":[{\"@type\":\"ReadAction\",\"target\":[\"https:\/\/www.corton.nl\/de\/produkt\/schutzhutte-mit-transparenter-fassade\/\"]}]},{\"@type\":\"ImageObject\",\"inLanguage\":\"de\",\"@id\":\"https:\/\/www.corton.nl\/de\/produkt\/schutzhutte-mit-transparenter-fassade\/#primaryimage\",\"url\":\"https:\/\/www.corton.nl\/wp-content\/uploads\/2026\/01\/Schuilstal-met-transparante-gevel-Corton-paardenstal.jpg\",\"contentUrl\":\"https:\/\/www.corton.nl\/wp-content\/uploads\/2026\/01\/Schuilstal-met-transparante-gevel-Corton-paardenstal.jpg\",\"width\":1200,\"height\":900,\"caption\":\"Schuilstal met transparante gevel Corton - paardenstal\"},{\"@type\":\"BreadcrumbList\",\"@id\":\"https:\/\/www.corton.nl\/de\/produkt\/schutzhutte-mit-transparenter-fassade\/#breadcrumb\",\"itemListElement\":[{\"@type\":\"ListItem\",\"position\":1,\"name\":\"Home\",\"item\":\"https:\/\/www.corton.nl\/\"},{\"@type\":\"ListItem\",\"position\":2,\"name\":\"Webshop\",\"item\":\"https:\/\/www.corton.nl\/webshop\/\"},{\"@type\":\"ListItem\",\"position\":3,\"name\":\"Schuilstal 300 x 300 cm met transparante gevel\"}]},{\"@type\":\"WebSite\",\"@id\":\"https:\/\/www.corton.nl\/#website\",\"url\":\"https:\/\/www.corton.nl\/\",\"name\":\"Corton B.V.\",\"description\":\"\",\"potentialAction\":[{\"@type\":\"SearchAction\",\"target\":{\"@type\":\"EntryPoint\",\"urlTemplate\":\"https:\/\/www.corton.nl\/?s={search_term_string}\"},\"query-input\":{\"@type\":\"PropertyValueSpecification\",\"valueRequired\":true,\"valueName\":\"search_term_string\"}}],\"inLanguage\":\"de\"}]}<\/script>\n<!-- \/ Yoast SEO plugin. -->","yoast_head_json":{"title":"Schutzh\u00fctte 300 x 300 cm mit transparenter Fassade - Corton BV.","robots":{"index":"index","follow":"follow","max-snippet":"max-snippet:-1","max-image-preview":"max-image-preview:large","max-video-preview":"max-video-preview:-1"},"canonical":"https:\/\/www.corton.nl\/de\/produkt\/schutzhutte-mit-transparenter-fassade\/","og_locale":"de_DE","og_type":"article","og_title":"Schuilstal 300 x 300 cm met transparante gevel - Corton B.V.","og_description":"De robuuste schuilstal van Corton combineert jarenlange expertise met robuuste kwaliteit en eenvoudig gebruik. Ontwikkeld voor intensief stalgebruik, ontworpen en geproduceerd in Nederland. Uit voorraad leverbaar voor een snelle levering.  Gesloten dubbelwandig U-profiel Trapezium profielplaten voorzien van vilt Transparante gevel van polycarbonaat Eenvoudige montage  Uit voorraad kunnen wij diverse afmetingen en uitvoeringen leveren.  Bestel uw schuilstal direct uit voorraad online of vraag een offerte aan!","og_url":"https:\/\/www.corton.nl\/de\/produkt\/schutzhutte-mit-transparenter-fassade\/","og_site_name":"Corton B.V.","article_modified_time":"2026-01-27T13:55:57+00:00","og_image":[{"width":1200,"height":900,"url":"https:\/\/www.corton.nl\/wp-content\/uploads\/2026\/01\/Schuilstal-met-transparante-gevel-Corton-paardenstal.jpg","type":"image\/jpeg"}],"twitter_card":"summary_large_image","twitter_misc":{"Gesch\u00e4tzte Lesezeit":"2\u00a0Minuten"},"schema":{"@context":"https:\/\/schema.org","@graph":[{"@type":"WebPage","@id":"https:\/\/www.corton.nl\/de\/produkt\/schutzhutte-mit-transparenter-fassade\/","url":"https:\/\/www.corton.nl\/de\/produkt\/schutzhutte-mit-transparenter-fassade\/","name":"Schutzh\u00fctte 300 x 300 cm mit transparenter Fassade - Corton BV.","isPartOf":{"@id":"https:\/\/www.corton.nl\/#website"},"primaryImageOfPage":{"@id":"https:\/\/www.corton.nl\/de\/produkt\/schutzhutte-mit-transparenter-fassade\/#primaryimage"},"image":{"@id":"https:\/\/www.corton.nl\/de\/produkt\/schutzhutte-mit-transparenter-fassade\/#primaryimage"},"thumbnailUrl":"https:\/\/www.corton.nl\/wp-content\/uploads\/2026\/01\/Schuilstal-met-transparante-gevel-Corton-paardenstal.jpg","datePublished":"2026-01-27T13:43:38+00:00","dateModified":"2026-01-27T13:55:57+00:00","breadcrumb":{"@id":"https:\/\/www.corton.nl\/de\/produkt\/schutzhutte-mit-transparenter-fassade\/#breadcrumb"},"inLanguage":"de","potentialAction":[{"@type":"ReadAction","target":["https:\/\/www.corton.nl\/de\/produkt\/schutzhutte-mit-transparenter-fassade\/"]}]},{"@type":"ImageObject","inLanguage":"de","@id":"https:\/\/www.corton.nl\/de\/produkt\/schutzhutte-mit-transparenter-fassade\/#primaryimage","url":"https:\/\/www.corton.nl\/wp-content\/uploads\/2026\/01\/Schuilstal-met-transparante-gevel-Corton-paardenstal.jpg","contentUrl":"https:\/\/www.corton.nl\/wp-content\/uploads\/2026\/01\/Schuilstal-met-transparante-gevel-Corton-paardenstal.jpg","width":1200,"height":900,"caption":"Schuilstal met transparante gevel Corton - paardenstal"},{"@type":"BreadcrumbList","@id":"https:\/\/www.corton.nl\/de\/produkt\/schutzhutte-mit-transparenter-fassade\/#breadcrumb","itemListElement":[{"@type":"ListItem","position":1,"name":"Home","item":"https:\/\/www.corton.nl\/"},{"@type":"ListItem","position":2,"name":"Webshop","item":"https:\/\/www.corton.nl\/webshop\/"},{"@type":"ListItem","position":3,"name":"Schuilstal 300 x 300 cm met transparante gevel"}]},{"@type":"WebSite","@id":"https:\/\/www.corton.nl\/#website","url":"https:\/\/www.corton.nl\/","name":"Corton BV.","description":"","potentialAction":[{"@type":"SearchAction","target":{"@type":"EntryPoint","urlTemplate":"https:\/\/www.corton.nl\/?s={search_term_string}"},"query-input":{"@type":"PropertyValueSpecification","valueRequired":true,"valueName":"search_term_string"}}],"inLanguage":"de"}]}},"_links":{"self":[{"href":"https:\/\/www.corton.nl\/de\/wp-json\/wp\/v2\/product\/9661","targetHints":{"allow":["GET"]}}],"collection":[{"href":"https:\/\/www.corton.nl\/de\/wp-json\/wp\/v2\/product"}],"about":[{"href":"https:\/\/www.corton.nl\/de\/wp-json\/wp\/v2\/types\/product"}],"wp:featuredmedia":[{"embeddable":true,"href":"https:\/\/www.corton.nl\/de\/wp-json\/wp\/v2\/media\/9657"}],"wp:attachment":[{"href":"https:\/\/www.corton.nl\/de\/wp-json\/wp\/v2\/media?parent=9661"}],"wp:term":[{"taxonomy":"product_brand","embeddable":true,"href":"https:\/\/www.corton.nl\/de\/wp-json\/wp\/v2\/product_brand?post=9661"},{"taxonomy":"product_cat","embeddable":true,"href":"https:\/\/www.corton.nl\/de\/wp-json\/wp\/v2\/product_cat?post=9661"},{"taxonomy":"product_tag","embeddable":true,"href":"https:\/\/www.corton.nl\/de\/wp-json\/wp\/v2\/product_tag?post=9661"}],"curies":[{"name":"wp","href":"https:\/\/api.w.org\/{rel}","templated":true}]}}