{"id":9405,"date":"2025-11-27T15:03:03","date_gmt":"2025-11-27T14:03:03","guid":{"rendered":"https:\/\/www.corton.nl\/?post_type=product&#038;p=9405"},"modified":"2025-11-28T07:51:20","modified_gmt":"2025-11-28T06:51:20","slug":"paddocktor-profi-mit-theke","status":"publish","type":"product","link":"https:\/\/www.corton.nl\/de\/product\/paddockdeur-professional-met-toog\/","title":{"rendered":"Paddockt\u00fcr (professional) mit Bogen"},"content":{"rendered":"<p><strong>Hochwertige Qualit\u00e4t und Langlebigkeit<\/strong><br \/>\nMit \u00fcber 50 Jahren Erfahrung im Bereich Stalleinrichtungen w\u00e4hlt Corton stets Materialien und Oberfl\u00e4chen, die lange halten.<\/p>\n<p>Die professionelle Paddockt\u00fcr aus unserem Lagerbestand ist ein vielseitiges Modell, dessen Gr\u00f6\u00dfe und Konstruktion kompromisslos auf intensive Stallnutzung und Sicherheit ausgelegt sind. Die Stallt\u00fcr verf\u00fcgt \u00fcber eine <strong>speziell gewalztes Rahmenprofil<\/strong> (100 mm tief) f\u00fcr zus\u00e4tzliche Festigkeit und Stabilit\u00e4t. Aufgrund der <strong>Verstellbare Scharniere aus Edelstahl<\/strong> Die H\u00f6he der T\u00fcren l\u00e4sst sich pr\u00e4zise einstellen. Diese Version ist ausgestattet mit <strong>eine Bar<\/strong> f\u00fcr ein besonders luxuri\u00f6ses Finish.<\/p>\n<p>Die obere T\u00fcr ist serienm\u00e4\u00dfig mit einem Knauf und einem Zylinderschloss ausgestattet, das sich sowohl von innen als auch von au\u00dfen leicht \u00f6ffnen l\u00e4sst. Die untere T\u00fcr verf\u00fcgt \u00fcber ein Kastenschloss und einen Nachtriegel. Die Innenseiten der unteren und oberen T\u00fcr sind ebenfalls mit einem <strong>Metallschaufel\/Bei\u00dfplatte <\/strong>zum zus\u00e4tzlichen Schutz der Dielen. Die Dielen sind zudem einzeln am Profil befestigt, was einen festen Sitz gew\u00e4hrleistet. Die Oberseite der Profi-Version ist mit einer <strong>Tropfkante<\/strong>.<\/p>\n<p>Unsere Stallt\u00fcren sind aus hochwertigem Stahl gefertigt und komplett<strong> thermisch feuerverzinkt nach NEN-EN-ISO 1461<\/strong> , um optimalen Korrosionsschutz zu gew\u00e4hrleisten. Nach dem Verzinken werden alle Teile sorgf\u00e4ltig nachbearbeitet und von scharfen Kanten befreit, f\u00fcr eine besonders sichere und hochwertige Verarbeitung.<\/p>\n<p><strong>Ma\u00dfgefertigte Paddockt\u00fcren<\/strong><br \/>\nMit zahlreichen zus\u00e4tzlichen Optionen und Oberfl\u00e4chengestaltungsm\u00f6glichkeiten k\u00f6nnen Sie Ihre Pferdestallt\u00fcren durch exklusive Ma\u00dfanfertigung exakt nach Ihren W\u00fcnschen gestalten. So entsteht ein Stall, der nicht nur praktisch ist, sondern auch Klasse ausstrahlt und perfekt Ihren Vorstellungen entspricht. <strong>Neugierig auf die individuellen Gestaltungsm\u00f6glichkeiten f\u00fcr Paddockt\u00fcren? <\/strong><a href=\"https:\/\/www.corton.nl\/de\/paddockturen\/\">Alle M\u00f6glichkeiten hier ansehen<\/a>.<\/p>\n<p>F\u00fcr pers\u00f6nliche Beratung oder Fragen k\u00f6nnen Sie jederzeit Kontakt aufnehmen. Unsere Spezialisten stehen bereit, um Sie bei der perfekten Einrichtung Ihres Stalls zu unterst\u00fctzen. <strong>Suchen Sie nach anderen Optionen?<\/strong> <a href=\"https:\/\/www.corton.nl\/de\/stallturen\/\">Alle M\u00f6glichkeiten hier ansehen<\/a>.<\/p>\n<p><strong>Warum sollte man sich f\u00fcr ein Corton-Paddocktor entscheiden?<\/strong><br \/>\n<strong>Zuverl\u00e4ssigkeit und Sicherheit:<\/strong> Jahrzehntelange Erfahrung zeigt sich in durchdachten Details, die f\u00fcr eine sichere Umgebung Ihres Pferdes sorgen.<br \/>\n<strong>Langfristige Investition:<\/strong> Hochwertige Materialien und solide Konstruktion bedeuten weniger Wartung und l\u00e4ngere Lebensdauer.<br \/>\n<strong>\u00c4sthetik und Funktionalit\u00e4t:<\/strong> Dank individueller Anpassungsm\u00f6glichkeiten f\u00fcgt sich das Fenster nahtlos in den Rest Ihres Stalls ein \u2013 sowohl optisch als auch in der Nutzung.<br \/>\n<strong>Lokale Produktion:<\/strong> Hergestellt in den Niederlanden \u2013 kurze Produktionslinien, Handwerkskunst und ein Fokus auf Qualit\u00e4t.<\/p>","protected":false},"excerpt":{"rendered":"<p>Die professionelle Corton-Paddockt\u00fcr vereint langj\u00e4hrige Erfahrung mit robuster Qualit\u00e4t und einfacher Bedienung. Sie wurde f\u00fcr den intensiven Einsatz im Stall entwickelt, in den Niederlanden konstruiert und gefertigt und ist vollst\u00e4ndig an Ihre Stallbed\u00fcrfnisse anpassbar.<\/p>\n<p><strong>Einbauma\u00dfe: 2310 x 1210 mm<\/strong><\/p>\n<p><strong>Wir k\u00f6nnen verschiedene Modelle ab Lager liefern.<\/strong><br \/>\nBestellen Sie Ihre Stallt\u00fcr direkt ab Lager online!<\/p>","protected":false},"featured_media":9406,"template":"","meta":{"_acf_changed":false},"product_brand":[],"product_cat":[48],"product_tag":[],"class_list":{"0":"post-9405","1":"product","2":"type-product","3":"status-publish","4":"has-post-thumbnail","6":"product_cat-staldeuren","8":"first","9":"instock","10":"taxable","11":"shipping-taxable","12":"purchasable","13":"product-type-simple"},"acf":[],"yoast_head":"<!-- This site is optimized with the Yoast SEO plugin v27.0 - https:\/\/yoast.com\/product\/yoast-seo-wordpress\/ -->\n<title>Paddockdeur (professional) met toog - Corton B.V.<\/title>\n<meta name=\"robots\" content=\"index, follow, max-snippet:-1, max-image-preview:large, max-video-preview:-1\" \/>\n<link rel=\"canonical\" href=\"https:\/\/www.corton.nl\/de\/produkt\/paddocktor-profi-mit-theke\/\" \/>\n<meta property=\"og:locale\" content=\"de_DE\" \/>\n<meta property=\"og:type\" content=\"article\" \/>\n<meta property=\"og:title\" content=\"Paddockdeur (professional) met toog - Corton B.V.\" \/>\n<meta property=\"og:description\" content=\"De paddockdeur (professional) van Corton combineert jarenlange expertise met robuuste kwaliteit en eenvoudig gebruik. Ontwikkeld voor intensief stalgebruik, ontworpen en geproduceerd in Nederland en eventueel volledig aan te passen naar uw stalwensen.  Inbouwmaat: 2310 x 1210 mm  Uit voorraad kunnen wij diverse uitvoeringen leveren. Bestel uw staldeur direct uit voorraad online!\" \/>\n<meta property=\"og:url\" content=\"https:\/\/www.corton.nl\/de\/produkt\/paddocktor-profi-mit-theke\/\" \/>\n<meta property=\"og:site_name\" content=\"Corton B.V.\" \/>\n<meta property=\"article:modified_time\" content=\"2025-11-28T06:51:20+00:00\" \/>\n<meta property=\"og:image\" content=\"https:\/\/www.corton.nl\/wp-content\/uploads\/2025\/11\/Paddockdeur-Professional-dicht-met-toog.jpg\" \/>\n\t<meta property=\"og:image:width\" content=\"1200\" \/>\n\t<meta property=\"og:image:height\" content=\"900\" \/>\n\t<meta property=\"og:image:type\" content=\"image\/jpeg\" \/>\n<meta name=\"twitter:card\" content=\"summary_large_image\" \/>\n<meta name=\"twitter:label1\" content=\"Gesch\u00e4tzte Lesezeit\" \/>\n\t<meta name=\"twitter:data1\" content=\"2\u00a0Minuten\" \/>\n<script type=\"application\/ld+json\" class=\"yoast-schema-graph\">{\"@context\":\"https:\/\/schema.org\",\"@graph\":[{\"@type\":\"WebPage\",\"@id\":\"https:\/\/www.corton.nl\/product\/paddockdeur-professional-met-toog\/\",\"url\":\"https:\/\/www.corton.nl\/product\/paddockdeur-professional-met-toog\/\",\"name\":\"Paddockdeur (professional) met toog - Corton B.V.\",\"isPartOf\":{\"@id\":\"https:\/\/www.corton.nl\/#website\"},\"primaryImageOfPage\":{\"@id\":\"https:\/\/www.corton.nl\/product\/paddockdeur-professional-met-toog\/#primaryimage\"},\"image\":{\"@id\":\"https:\/\/www.corton.nl\/product\/paddockdeur-professional-met-toog\/#primaryimage\"},\"thumbnailUrl\":\"https:\/\/www.corton.nl\/wp-content\/uploads\/2025\/11\/Paddockdeur-Professional-dicht-met-toog.jpg\",\"datePublished\":\"2025-11-27T14:03:03+00:00\",\"dateModified\":\"2025-11-28T06:51:20+00:00\",\"breadcrumb\":{\"@id\":\"https:\/\/www.corton.nl\/product\/paddockdeur-professional-met-toog\/#breadcrumb\"},\"inLanguage\":\"de\",\"potentialAction\":[{\"@type\":\"ReadAction\",\"target\":[\"https:\/\/www.corton.nl\/product\/paddockdeur-professional-met-toog\/\"]}]},{\"@type\":\"ImageObject\",\"inLanguage\":\"de\",\"@id\":\"https:\/\/www.corton.nl\/product\/paddockdeur-professional-met-toog\/#primaryimage\",\"url\":\"https:\/\/www.corton.nl\/wp-content\/uploads\/2025\/11\/Paddockdeur-Professional-dicht-met-toog.jpg\",\"contentUrl\":\"https:\/\/www.corton.nl\/wp-content\/uploads\/2025\/11\/Paddockdeur-Professional-dicht-met-toog.jpg\",\"width\":1200,\"height\":900,\"caption\":\"Paddockdeur Professional - dicht met toog\"},{\"@type\":\"BreadcrumbList\",\"@id\":\"https:\/\/www.corton.nl\/product\/paddockdeur-professional-met-toog\/#breadcrumb\",\"itemListElement\":[{\"@type\":\"ListItem\",\"position\":1,\"name\":\"Home\",\"item\":\"https:\/\/www.corton.nl\/\"},{\"@type\":\"ListItem\",\"position\":2,\"name\":\"Webshop\",\"item\":\"https:\/\/www.corton.nl\/webshop\/\"},{\"@type\":\"ListItem\",\"position\":3,\"name\":\"Paddockdeur (professional) met toog\"}]},{\"@type\":\"WebSite\",\"@id\":\"https:\/\/www.corton.nl\/#website\",\"url\":\"https:\/\/www.corton.nl\/\",\"name\":\"Corton B.V.\",\"description\":\"\",\"potentialAction\":[{\"@type\":\"SearchAction\",\"target\":{\"@type\":\"EntryPoint\",\"urlTemplate\":\"https:\/\/www.corton.nl\/?s={search_term_string}\"},\"query-input\":{\"@type\":\"PropertyValueSpecification\",\"valueRequired\":true,\"valueName\":\"search_term_string\"}}],\"inLanguage\":\"de\"}]}<\/script>\n<!-- \/ Yoast SEO plugin. -->","yoast_head_json":{"title":"Paddocktor (professionell) mit Theke - Corton BV.","robots":{"index":"index","follow":"follow","max-snippet":"max-snippet:-1","max-image-preview":"max-image-preview:large","max-video-preview":"max-video-preview:-1"},"canonical":"https:\/\/www.corton.nl\/de\/produkt\/paddocktor-profi-mit-theke\/","og_locale":"de_DE","og_type":"article","og_title":"Paddockdeur (professional) met toog - Corton B.V.","og_description":"De paddockdeur (professional) van Corton combineert jarenlange expertise met robuuste kwaliteit en eenvoudig gebruik. Ontwikkeld voor intensief stalgebruik, ontworpen en geproduceerd in Nederland en eventueel volledig aan te passen naar uw stalwensen.  Inbouwmaat: 2310 x 1210 mm  Uit voorraad kunnen wij diverse uitvoeringen leveren. Bestel uw staldeur direct uit voorraad online!","og_url":"https:\/\/www.corton.nl\/de\/produkt\/paddocktor-profi-mit-theke\/","og_site_name":"Corton B.V.","article_modified_time":"2025-11-28T06:51:20+00:00","og_image":[{"width":1200,"height":900,"url":"https:\/\/www.corton.nl\/wp-content\/uploads\/2025\/11\/Paddockdeur-Professional-dicht-met-toog.jpg","type":"image\/jpeg"}],"twitter_card":"summary_large_image","twitter_misc":{"Gesch\u00e4tzte Lesezeit":"2\u00a0Minuten"},"schema":{"@context":"https:\/\/schema.org","@graph":[{"@type":"WebPage","@id":"https:\/\/www.corton.nl\/product\/paddockdeur-professional-met-toog\/","url":"https:\/\/www.corton.nl\/product\/paddockdeur-professional-met-toog\/","name":"Paddocktor (professionell) mit Theke - Corton BV.","isPartOf":{"@id":"https:\/\/www.corton.nl\/#website"},"primaryImageOfPage":{"@id":"https:\/\/www.corton.nl\/product\/paddockdeur-professional-met-toog\/#primaryimage"},"image":{"@id":"https:\/\/www.corton.nl\/product\/paddockdeur-professional-met-toog\/#primaryimage"},"thumbnailUrl":"https:\/\/www.corton.nl\/wp-content\/uploads\/2025\/11\/Paddockdeur-Professional-dicht-met-toog.jpg","datePublished":"2025-11-27T14:03:03+00:00","dateModified":"2025-11-28T06:51:20+00:00","breadcrumb":{"@id":"https:\/\/www.corton.nl\/product\/paddockdeur-professional-met-toog\/#breadcrumb"},"inLanguage":"de","potentialAction":[{"@type":"ReadAction","target":["https:\/\/www.corton.nl\/product\/paddockdeur-professional-met-toog\/"]}]},{"@type":"ImageObject","inLanguage":"de","@id":"https:\/\/www.corton.nl\/product\/paddockdeur-professional-met-toog\/#primaryimage","url":"https:\/\/www.corton.nl\/wp-content\/uploads\/2025\/11\/Paddockdeur-Professional-dicht-met-toog.jpg","contentUrl":"https:\/\/www.corton.nl\/wp-content\/uploads\/2025\/11\/Paddockdeur-Professional-dicht-met-toog.jpg","width":1200,"height":900,"caption":"Paddockdeur Professional - dicht met toog"},{"@type":"BreadcrumbList","@id":"https:\/\/www.corton.nl\/product\/paddockdeur-professional-met-toog\/#breadcrumb","itemListElement":[{"@type":"ListItem","position":1,"name":"Home","item":"https:\/\/www.corton.nl\/"},{"@type":"ListItem","position":2,"name":"Webshop","item":"https:\/\/www.corton.nl\/webshop\/"},{"@type":"ListItem","position":3,"name":"Paddockdeur (professional) met toog"}]},{"@type":"WebSite","@id":"https:\/\/www.corton.nl\/#website","url":"https:\/\/www.corton.nl\/","name":"Corton BV.","description":"","potentialAction":[{"@type":"SearchAction","target":{"@type":"EntryPoint","urlTemplate":"https:\/\/www.corton.nl\/?s={search_term_string}"},"query-input":{"@type":"PropertyValueSpecification","valueRequired":true,"valueName":"search_term_string"}}],"inLanguage":"de"}]}},"_links":{"self":[{"href":"https:\/\/www.corton.nl\/de\/wp-json\/wp\/v2\/product\/9405","targetHints":{"allow":["GET"]}}],"collection":[{"href":"https:\/\/www.corton.nl\/de\/wp-json\/wp\/v2\/product"}],"about":[{"href":"https:\/\/www.corton.nl\/de\/wp-json\/wp\/v2\/types\/product"}],"wp:featuredmedia":[{"embeddable":true,"href":"https:\/\/www.corton.nl\/de\/wp-json\/wp\/v2\/media\/9406"}],"wp:attachment":[{"href":"https:\/\/www.corton.nl\/de\/wp-json\/wp\/v2\/media?parent=9405"}],"wp:term":[{"taxonomy":"product_brand","embeddable":true,"href":"https:\/\/www.corton.nl\/de\/wp-json\/wp\/v2\/product_brand?post=9405"},{"taxonomy":"product_cat","embeddable":true,"href":"https:\/\/www.corton.nl\/de\/wp-json\/wp\/v2\/product_cat?post=9405"},{"taxonomy":"product_tag","embeddable":true,"href":"https:\/\/www.corton.nl\/de\/wp-json\/wp\/v2\/product_tag?post=9405"}],"curies":[{"name":"wp","href":"https:\/\/api.w.org\/{rel}","templated":true}]}}