{"id":9385,"date":"2025-11-27T12:13:47","date_gmt":"2025-11-27T11:13:47","guid":{"rendered":"https:\/\/www.corton.nl\/?post_type=product&#038;p=9385"},"modified":"2025-11-28T07:49:31","modified_gmt":"2025-11-28T06:49:31","slug":"standard-paddocktur","status":"publish","type":"product","link":"https:\/\/www.corton.nl\/de\/product\/paddockdeur-standaard\/","title":{"rendered":"Paddockt\u00fcr (Standard)"},"content":{"rendered":"<p><strong>Hochwertige Qualit\u00e4t und Langlebigkeit<\/strong><br \/>\nMit \u00fcber 50 Jahren Erfahrung im Bereich Stalleinrichtungen w\u00e4hlt Corton stets Materialien und Oberfl\u00e4chen, die lange halten.<\/p>\n<p>Die standardm\u00e4\u00dfige Paddockt\u00fcr ab Lager ist eine vielseitige Standardausf\u00fchrung, deren Gr\u00f6\u00dfe und Konstruktion kompromisslos auf intensive Stallnutzung und Sicherheit abgestimmt sind. Die Stallt\u00fcr verf\u00fcgt \u00fcber eine <strong>speziell gewalztes Rahmenprofil<\/strong> (100 mm tief) f\u00fcr zus\u00e4tzliche Festigkeit und Stabilit\u00e4t. Aufgrund der <strong>Verstellbare Scharniere aus Edelstahl<\/strong> Die T\u00fcrh\u00f6he l\u00e4sst sich pr\u00e4zise einstellen. Zur Standardausstattung geh\u00f6rt ein integriertes Schloss, das sich sowohl von innen als auch von au\u00dfen mit einem Baustellenschl\u00fcssel leicht \u00f6ffnen l\u00e4sst.<\/p>\n<p>Unsere Stallt\u00fcren sind aus hochwertigem Stahl gefertigt und komplett<strong> thermisch feuerverzinkt nach NEN-EN-ISO 1461<\/strong> , um optimalen Korrosionsschutz zu gew\u00e4hrleisten. Nach dem Verzinken werden alle Teile sorgf\u00e4ltig nachbearbeitet und von scharfen Kanten befreit, f\u00fcr eine besonders sichere und hochwertige Verarbeitung.<\/p>\n<p><strong>Ma\u00dfgefertigte Paddockt\u00fcren<\/strong><br \/>\nMit zahlreichen zus\u00e4tzlichen Optionen und Oberfl\u00e4chengestaltungsm\u00f6glichkeiten k\u00f6nnen Sie Ihre Pferdestallt\u00fcren durch exklusive Ma\u00dfanfertigung exakt nach Ihren W\u00fcnschen gestalten. So entsteht ein Stall, der nicht nur praktisch ist, sondern auch Klasse ausstrahlt und perfekt Ihren Vorstellungen entspricht. <strong>Neugierig auf die individuellen Gestaltungsm\u00f6glichkeiten f\u00fcr Paddockt\u00fcren? <\/strong><a href=\"https:\/\/www.corton.nl\/de\/paddockturen\/\">Alle M\u00f6glichkeiten hier ansehen<\/a>.<\/p>\n<p>F\u00fcr pers\u00f6nliche Beratung oder Fragen k\u00f6nnen Sie jederzeit Kontakt aufnehmen. Unsere Spezialisten stehen bereit, um Sie bei der perfekten Einrichtung Ihres Stalls zu unterst\u00fctzen. <strong>Suchen Sie nach anderen Optionen?<\/strong> <a href=\"https:\/\/www.corton.nl\/de\/stallturen\/\">Alle M\u00f6glichkeiten hier ansehen<\/a>.<\/p>\n<p><strong>Warum sollte man sich f\u00fcr ein Corton-Paddocktor entscheiden?<\/strong><br \/>\n<strong>Zuverl\u00e4ssigkeit und Sicherheit:<\/strong> Jahrzehntelange Erfahrung zeigt sich in durchdachten Details, die f\u00fcr eine sichere Umgebung Ihres Pferdes sorgen.<br \/>\n<strong>Langfristige Investition:<\/strong> Hochwertige Materialien und solide Konstruktion bedeuten weniger Wartung und l\u00e4ngere Lebensdauer.<br \/>\n<strong>\u00c4sthetik und Funktionalit\u00e4t:<\/strong> Dank individueller Anpassungsm\u00f6glichkeiten f\u00fcgt sich das Fenster nahtlos in den Rest Ihres Stalls ein \u2013 sowohl optisch als auch in der Nutzung.<br \/>\n<strong>Lokale Produktion:<\/strong> Hergestellt in den Niederlanden \u2013 kurze Produktionslinien, Handwerkskunst und ein Fokus auf Qualit\u00e4t.<\/p>","protected":false},"excerpt":{"rendered":"<p>Die Einstiegsmodelle von Corton bieten die perfekte Balance zwischen Langlebigkeit, Benutzerfreundlichkeit und Preis. Die Standard-Paddockt\u00fcr ist f\u00fcr den intensiven Einsatz im Stall konzipiert, wird in den Niederlanden entwickelt und gefertigt und kann vollst\u00e4ndig an Ihre Stallbed\u00fcrfnisse angepasst werden.<\/p>\n<p><strong>Einbauma\u00dfe: 2210 x 1110 mm<\/strong><\/p>\n<p><strong>Wir k\u00f6nnen verschiedene Modelle ab Lager liefern.<\/strong><br \/>\nBestellen Sie Ihre Stallt\u00fcr direkt ab Lager online!<\/p>","protected":false},"featured_media":9386,"template":"","meta":{"_acf_changed":false},"product_brand":[],"product_cat":[48],"product_tag":[],"class_list":{"0":"post-9385","1":"product","2":"type-product","3":"status-publish","4":"has-post-thumbnail","6":"product_cat-staldeuren","8":"first","9":"instock","10":"taxable","11":"shipping-taxable","12":"purchasable","13":"product-type-simple"},"acf":[],"yoast_head":"<!-- This site is optimized with the Yoast SEO plugin v27.0 - https:\/\/yoast.com\/product\/yoast-seo-wordpress\/ -->\n<title>Paddockdeur (standaard) - Corton B.V.<\/title>\n<meta name=\"robots\" content=\"index, follow, max-snippet:-1, max-image-preview:large, max-video-preview:-1\" \/>\n<link rel=\"canonical\" href=\"https:\/\/www.corton.nl\/de\/produkt\/standard-paddocktur\/\" \/>\n<meta property=\"og:locale\" content=\"de_DE\" \/>\n<meta property=\"og:type\" content=\"article\" \/>\n<meta property=\"og:title\" content=\"Paddockdeur (standaard) - Corton B.V.\" \/>\n<meta property=\"og:description\" content=\"De instapmodellen van Corton bieden een perfecte balans tussen duurzaamheid, gebruiksgemak en prijs. De paddockdeur (standaard) is ontwikkeld voor intensief stalgebruik, ontworpen en geproduceerd in Nederland en eventueel volledig aan te passen naar uw stalwensen.  Inbouwmaat: 2210 x 1110 mm  Uit voorraad kunnen wij diverse uitvoeringen leveren. Bestel uw staldeur direct uit voorraad online!\" \/>\n<meta property=\"og:url\" content=\"https:\/\/www.corton.nl\/de\/produkt\/standard-paddocktur\/\" \/>\n<meta property=\"og:site_name\" content=\"Corton B.V.\" \/>\n<meta property=\"article:modified_time\" content=\"2025-11-28T06:49:31+00:00\" \/>\n<meta property=\"og:image\" content=\"https:\/\/www.corton.nl\/wp-content\/uploads\/2025\/11\/Paddockdeur-standaard-dicht.jpg\" \/>\n\t<meta property=\"og:image:width\" content=\"1200\" \/>\n\t<meta property=\"og:image:height\" content=\"900\" \/>\n\t<meta property=\"og:image:type\" content=\"image\/jpeg\" \/>\n<meta name=\"twitter:card\" content=\"summary_large_image\" \/>\n<meta name=\"twitter:label1\" content=\"Gesch\u00e4tzte Lesezeit\" \/>\n\t<meta name=\"twitter:data1\" content=\"2\u00a0Minuten\" \/>\n<script type=\"application\/ld+json\" class=\"yoast-schema-graph\">{\"@context\":\"https:\/\/schema.org\",\"@graph\":[{\"@type\":\"WebPage\",\"@id\":\"https:\/\/www.corton.nl\/product\/paddockdeur-standaard\/\",\"url\":\"https:\/\/www.corton.nl\/product\/paddockdeur-standaard\/\",\"name\":\"Paddockdeur (standaard) - Corton B.V.\",\"isPartOf\":{\"@id\":\"https:\/\/www.corton.nl\/#website\"},\"primaryImageOfPage\":{\"@id\":\"https:\/\/www.corton.nl\/product\/paddockdeur-standaard\/#primaryimage\"},\"image\":{\"@id\":\"https:\/\/www.corton.nl\/product\/paddockdeur-standaard\/#primaryimage\"},\"thumbnailUrl\":\"https:\/\/www.corton.nl\/wp-content\/uploads\/2025\/11\/Paddockdeur-standaard-dicht.jpg\",\"datePublished\":\"2025-11-27T11:13:47+00:00\",\"dateModified\":\"2025-11-28T06:49:31+00:00\",\"breadcrumb\":{\"@id\":\"https:\/\/www.corton.nl\/product\/paddockdeur-standaard\/#breadcrumb\"},\"inLanguage\":\"de\",\"potentialAction\":[{\"@type\":\"ReadAction\",\"target\":[\"https:\/\/www.corton.nl\/product\/paddockdeur-standaard\/\"]}]},{\"@type\":\"ImageObject\",\"inLanguage\":\"de\",\"@id\":\"https:\/\/www.corton.nl\/product\/paddockdeur-standaard\/#primaryimage\",\"url\":\"https:\/\/www.corton.nl\/wp-content\/uploads\/2025\/11\/Paddockdeur-standaard-dicht.jpg\",\"contentUrl\":\"https:\/\/www.corton.nl\/wp-content\/uploads\/2025\/11\/Paddockdeur-standaard-dicht.jpg\",\"width\":1200,\"height\":900,\"caption\":\"Paddockdeur standaard - dicht\"},{\"@type\":\"BreadcrumbList\",\"@id\":\"https:\/\/www.corton.nl\/product\/paddockdeur-standaard\/#breadcrumb\",\"itemListElement\":[{\"@type\":\"ListItem\",\"position\":1,\"name\":\"Home\",\"item\":\"https:\/\/www.corton.nl\/\"},{\"@type\":\"ListItem\",\"position\":2,\"name\":\"Webshop\",\"item\":\"https:\/\/www.corton.nl\/webshop\/\"},{\"@type\":\"ListItem\",\"position\":3,\"name\":\"Paddockdeur (standaard)\"}]},{\"@type\":\"WebSite\",\"@id\":\"https:\/\/www.corton.nl\/#website\",\"url\":\"https:\/\/www.corton.nl\/\",\"name\":\"Corton B.V.\",\"description\":\"\",\"potentialAction\":[{\"@type\":\"SearchAction\",\"target\":{\"@type\":\"EntryPoint\",\"urlTemplate\":\"https:\/\/www.corton.nl\/?s={search_term_string}\"},\"query-input\":{\"@type\":\"PropertyValueSpecification\",\"valueRequired\":true,\"valueName\":\"search_term_string\"}}],\"inLanguage\":\"de\"}]}<\/script>\n<!-- \/ Yoast SEO plugin. -->","yoast_head_json":{"title":"Fahrerlagert\u00fcr (Standard) \u2013 Corton BV.","robots":{"index":"index","follow":"follow","max-snippet":"max-snippet:-1","max-image-preview":"max-image-preview:large","max-video-preview":"max-video-preview:-1"},"canonical":"https:\/\/www.corton.nl\/de\/produkt\/standard-paddocktur\/","og_locale":"de_DE","og_type":"article","og_title":"Paddockdeur (standaard) - Corton B.V.","og_description":"De instapmodellen van Corton bieden een perfecte balans tussen duurzaamheid, gebruiksgemak en prijs. De paddockdeur (standaard) is ontwikkeld voor intensief stalgebruik, ontworpen en geproduceerd in Nederland en eventueel volledig aan te passen naar uw stalwensen.  Inbouwmaat: 2210 x 1110 mm  Uit voorraad kunnen wij diverse uitvoeringen leveren. Bestel uw staldeur direct uit voorraad online!","og_url":"https:\/\/www.corton.nl\/de\/produkt\/standard-paddocktur\/","og_site_name":"Corton B.V.","article_modified_time":"2025-11-28T06:49:31+00:00","og_image":[{"width":1200,"height":900,"url":"https:\/\/www.corton.nl\/wp-content\/uploads\/2025\/11\/Paddockdeur-standaard-dicht.jpg","type":"image\/jpeg"}],"twitter_card":"summary_large_image","twitter_misc":{"Gesch\u00e4tzte Lesezeit":"2\u00a0Minuten"},"schema":{"@context":"https:\/\/schema.org","@graph":[{"@type":"WebPage","@id":"https:\/\/www.corton.nl\/product\/paddockdeur-standaard\/","url":"https:\/\/www.corton.nl\/product\/paddockdeur-standaard\/","name":"Fahrerlagert\u00fcr (Standard) \u2013 Corton BV.","isPartOf":{"@id":"https:\/\/www.corton.nl\/#website"},"primaryImageOfPage":{"@id":"https:\/\/www.corton.nl\/product\/paddockdeur-standaard\/#primaryimage"},"image":{"@id":"https:\/\/www.corton.nl\/product\/paddockdeur-standaard\/#primaryimage"},"thumbnailUrl":"https:\/\/www.corton.nl\/wp-content\/uploads\/2025\/11\/Paddockdeur-standaard-dicht.jpg","datePublished":"2025-11-27T11:13:47+00:00","dateModified":"2025-11-28T06:49:31+00:00","breadcrumb":{"@id":"https:\/\/www.corton.nl\/product\/paddockdeur-standaard\/#breadcrumb"},"inLanguage":"de","potentialAction":[{"@type":"ReadAction","target":["https:\/\/www.corton.nl\/product\/paddockdeur-standaard\/"]}]},{"@type":"ImageObject","inLanguage":"de","@id":"https:\/\/www.corton.nl\/product\/paddockdeur-standaard\/#primaryimage","url":"https:\/\/www.corton.nl\/wp-content\/uploads\/2025\/11\/Paddockdeur-standaard-dicht.jpg","contentUrl":"https:\/\/www.corton.nl\/wp-content\/uploads\/2025\/11\/Paddockdeur-standaard-dicht.jpg","width":1200,"height":900,"caption":"Paddockdeur standaard - dicht"},{"@type":"BreadcrumbList","@id":"https:\/\/www.corton.nl\/product\/paddockdeur-standaard\/#breadcrumb","itemListElement":[{"@type":"ListItem","position":1,"name":"Home","item":"https:\/\/www.corton.nl\/"},{"@type":"ListItem","position":2,"name":"Webshop","item":"https:\/\/www.corton.nl\/webshop\/"},{"@type":"ListItem","position":3,"name":"Paddockdeur (standaard)"}]},{"@type":"WebSite","@id":"https:\/\/www.corton.nl\/#website","url":"https:\/\/www.corton.nl\/","name":"Corton BV.","description":"","potentialAction":[{"@type":"SearchAction","target":{"@type":"EntryPoint","urlTemplate":"https:\/\/www.corton.nl\/?s={search_term_string}"},"query-input":{"@type":"PropertyValueSpecification","valueRequired":true,"valueName":"search_term_string"}}],"inLanguage":"de"}]}},"_links":{"self":[{"href":"https:\/\/www.corton.nl\/de\/wp-json\/wp\/v2\/product\/9385","targetHints":{"allow":["GET"]}}],"collection":[{"href":"https:\/\/www.corton.nl\/de\/wp-json\/wp\/v2\/product"}],"about":[{"href":"https:\/\/www.corton.nl\/de\/wp-json\/wp\/v2\/types\/product"}],"wp:featuredmedia":[{"embeddable":true,"href":"https:\/\/www.corton.nl\/de\/wp-json\/wp\/v2\/media\/9386"}],"wp:attachment":[{"href":"https:\/\/www.corton.nl\/de\/wp-json\/wp\/v2\/media?parent=9385"}],"wp:term":[{"taxonomy":"product_brand","embeddable":true,"href":"https:\/\/www.corton.nl\/de\/wp-json\/wp\/v2\/product_brand?post=9385"},{"taxonomy":"product_cat","embeddable":true,"href":"https:\/\/www.corton.nl\/de\/wp-json\/wp\/v2\/product_cat?post=9385"},{"taxonomy":"product_tag","embeddable":true,"href":"https:\/\/www.corton.nl\/de\/wp-json\/wp\/v2\/product_tag?post=9385"}],"curies":[{"name":"wp","href":"https:\/\/api.w.org\/{rel}","templated":true}]}}