{"id":9367,"date":"2025-11-25T09:05:42","date_gmt":"2025-11-25T08:05:42","guid":{"rendered":"https:\/\/www.corton.nl\/?post_type=product&#038;p=9367"},"modified":"2025-12-23T13:27:17","modified_gmt":"2025-12-23T12:27:17","slug":"trennwand-vollstandig-geschlossen-professionell","status":"publish","type":"product","link":"https:\/\/www.corton.nl\/de\/product\/tussenwand-volledig-gesloten-professional\/","title":{"rendered":"Trennwand vollst\u00e4ndig geschlossen (professional)"},"content":{"rendered":"<p><strong>Hochwertige Qualit\u00e4t und Langlebigkeit<\/strong><br \/>\nMit \u00fcber 50 Jahren Erfahrung im Bereich Stalleinrichtungen w\u00e4hlt Corton stets langlebige Materialien und Oberfl\u00e4chen. Die vollst\u00e4ndig geschlossene Trennwand ist aus einem <strong>einzigartiges geschlossenes doppelwandiges U- und H-Profil<\/strong> gefertigt, in das die Bretter befestigt werden \u2013 ohne scharfe Kanten oder hervorstehende Teile \u2013 wodurch sowohl Sicherheit als auch Stabilit\u00e4t garantiert sind.<\/p>\n<p>Die vollst\u00e4ndig geschlossene Trennwand ist ein vielseitiges Modell mit Standardh\u00f6he und -stabst\u00e4rke, das speziell f\u00fcr intensive Stallnutzung und maximale Sicherheit entwickelt wurde. An der Unterseite der Trennwand sind Befestigungslaschen angebracht, die sie leicht vom Boden abheben. Dies bietet einen besseren Schutz f\u00fcr das Profil und die Bretter vor Urin und verl\u00e4ngert die Lebensdauer der Wand erheblich.<\/p>\n<p>Unsere Pferdeboxen bestehen aus hochwertigem Stahl und sind vollst\u00e4ndig<strong> thermisch feuerverzinkt nach NEN-EN-ISO 1461<\/strong> , um optimalen Korrosionsschutz zu gew\u00e4hrleisten. Nach dem Verzinken werden alle Teile sorgf\u00e4ltig nachbearbeitet und von scharfen Kanten befreit, f\u00fcr eine besonders sichere und hochwertige Verarbeitung.<\/p>\n<p><strong>Ma\u00dfgefertigte Stallw\u00e4nde:<\/strong>Dank zahlreicher Zusatzoptionen und Gestaltungsm\u00f6glichkeiten k\u00f6nnen Sie die Trennwand durch exklusive Ma\u00dfanfertigung exakt nach Ihren W\u00fcnschen gestalten. So entsteht ein Stall, der nicht nur praktisch, sondern auch stilvoll und elegant ist und perfekt Ihren Vorstellungen entspricht. <strong>Neugierig auf die M\u00f6glichkeiten f\u00fcr Ma\u00dfanfertigungen der Trennw\u00e4nde? <\/strong><a href=\"https:\/\/www.corton.nl\/de\/trennwande\/\">Alle M\u00f6glichkeiten hier ansehen<\/a>.<\/p>\n<p>F\u00fcr pers\u00f6nliche Beratung oder Fragen k\u00f6nnen Sie jederzeit Kontakt aufnehmen. Unsere Spezialisten stehen bereit, um Sie bei der perfekten Einrichtung Ihres Stalls zu unterst\u00fctzen. <strong>Suchen Sie ein anderes Modell?<\/strong> <a href=\"https:\/\/www.corton.nl\/de\/pferdeboxen-3\/\">Alle M\u00f6glichkeiten hier ansehen<\/a>.<\/p>\n<p><strong>Warum sollten Sie sich f\u00fcr die Corton-Trennwand entscheiden?<\/strong><br \/>\n<strong>Zuverl\u00e4ssigkeit und Sicherheit:<\/strong> Jahrzehntelange Erfahrung zeigt sich in durchdachten Details, die f\u00fcr eine sichere Umgebung Ihres Pferdes sorgen.<br \/>\n<strong>Langfristige Investition:<\/strong> Hochwertige Materialien und solide Konstruktion bedeuten weniger Wartung und l\u00e4ngere Lebensdauer.<br \/>\n<strong>\u00c4sthetik und Funktionalit\u00e4t:<\/strong> Durch Ma\u00dfanfertigungen f\u00fcgt sich die Wand nahtlos in den Rest Ihres Stalls ein \u2013 sowohl im Aussehen als auch in der Nutzung.<br \/>\n<strong>Lokale Produktion:<\/strong> Hergestellt in den Niederlanden \u2013 kurze Produktionslinien, Handwerkskunst und ein Fokus auf Qualit\u00e4t.<\/p>","protected":false},"excerpt":{"rendered":"<p>Die vollst\u00e4ndig geschlossene Trennwand \"Professional\" von Corton vereint jahrelange Expertise mit robuster Qualit\u00e4t und einfacher Handhabung. Entwickelt f\u00fcr intensiven Stallbetrieb, in den Niederlanden entworfen und produziert und bei Bedarf vollst\u00e4ndig an Ihre Stallw\u00fcnsche anpassbar.<\/p>\n<p><strong>Geschlossene doppelwandige U- und H-Profile<\/strong><\/p>\n<p><strong>Wir k\u00f6nnen verschiedene Gr\u00f6\u00dfen und Ausf\u00fchrungen ab Lager liefern. <\/strong><br \/>\nBestellen Sie Ihre Stallwand direkt online aus dem Lager!<\/p>","protected":false},"featured_media":9555,"template":"","meta":{"_acf_changed":false},"product_brand":[],"product_cat":[44],"product_tag":[],"class_list":{"0":"post-9367","1":"product","2":"type-product","3":"status-publish","4":"has-post-thumbnail","6":"product_cat-paardenboxen","8":"first","9":"instock","10":"taxable","11":"shipping-taxable","12":"purchasable","13":"product-type-simple"},"acf":[],"yoast_head":"<!-- This site is optimized with the Yoast SEO plugin v27.0 - https:\/\/yoast.com\/product\/yoast-seo-wordpress\/ -->\n<title>Tussenwand volledig gesloten (professional) - Corton B.V.<\/title>\n<meta name=\"robots\" content=\"index, follow, max-snippet:-1, max-image-preview:large, max-video-preview:-1\" \/>\n<link rel=\"canonical\" href=\"https:\/\/www.corton.nl\/de\/produkt\/trennwand-vollstandig-geschlossen-professionell\/\" \/>\n<meta property=\"og:locale\" content=\"de_DE\" \/>\n<meta property=\"og:type\" content=\"article\" \/>\n<meta property=\"og:title\" content=\"Tussenwand volledig gesloten (professional) - Corton B.V.\" \/>\n<meta property=\"og:description\" content=\"De paardenbox tussenwand volledig gesloten van Corton combineert jarenlange expertise met robuuste kwaliteit en eenvoudig gebruik. Ontwikkeld voor intensief stalgebruik, ontworpen en geproduceerd in Nederland en eventueel volledig aan te passen naar uw stalwensen.  Gesloten dubbelwandig U- en H-profiel  Uit voorraad kunnen wij diverse afmetingen en uitvoeringen leveren.  Bestel uw stalwand direct uit voorraad online!\" \/>\n<meta property=\"og:url\" content=\"https:\/\/www.corton.nl\/de\/produkt\/trennwand-vollstandig-geschlossen-professionell\/\" \/>\n<meta property=\"og:site_name\" content=\"Corton B.V.\" \/>\n<meta property=\"article:modified_time\" content=\"2025-12-23T12:27:17+00:00\" \/>\n<meta property=\"og:image\" content=\"https:\/\/www.corton.nl\/wp-content\/uploads\/2025\/11\/Stalwand-prof-tussenwand-gesloten-26.jpg\" \/>\n\t<meta property=\"og:image:width\" content=\"1200\" \/>\n\t<meta property=\"og:image:height\" content=\"900\" \/>\n\t<meta property=\"og:image:type\" content=\"image\/jpeg\" \/>\n<meta name=\"twitter:card\" content=\"summary_large_image\" \/>\n<meta name=\"twitter:label1\" content=\"Gesch\u00e4tzte Lesezeit\" \/>\n\t<meta name=\"twitter:data1\" content=\"2\u00a0Minuten\" \/>\n<script type=\"application\/ld+json\" class=\"yoast-schema-graph\">{\"@context\":\"https:\/\/schema.org\",\"@graph\":[{\"@type\":\"WebPage\",\"@id\":\"https:\/\/www.corton.nl\/product\/tussenwand-volledig-gesloten-professional\/\",\"url\":\"https:\/\/www.corton.nl\/product\/tussenwand-volledig-gesloten-professional\/\",\"name\":\"Tussenwand volledig gesloten (professional) - Corton B.V.\",\"isPartOf\":{\"@id\":\"https:\/\/www.corton.nl\/#website\"},\"primaryImageOfPage\":{\"@id\":\"https:\/\/www.corton.nl\/product\/tussenwand-volledig-gesloten-professional\/#primaryimage\"},\"image\":{\"@id\":\"https:\/\/www.corton.nl\/product\/tussenwand-volledig-gesloten-professional\/#primaryimage\"},\"thumbnailUrl\":\"https:\/\/www.corton.nl\/wp-content\/uploads\/2025\/11\/Stalwand-prof-tussenwand-gesloten-26.jpg\",\"datePublished\":\"2025-11-25T08:05:42+00:00\",\"dateModified\":\"2025-12-23T12:27:17+00:00\",\"breadcrumb\":{\"@id\":\"https:\/\/www.corton.nl\/product\/tussenwand-volledig-gesloten-professional\/#breadcrumb\"},\"inLanguage\":\"de\",\"potentialAction\":[{\"@type\":\"ReadAction\",\"target\":[\"https:\/\/www.corton.nl\/product\/tussenwand-volledig-gesloten-professional\/\"]}]},{\"@type\":\"ImageObject\",\"inLanguage\":\"de\",\"@id\":\"https:\/\/www.corton.nl\/product\/tussenwand-volledig-gesloten-professional\/#primaryimage\",\"url\":\"https:\/\/www.corton.nl\/wp-content\/uploads\/2025\/11\/Stalwand-prof-tussenwand-gesloten-26.jpg\",\"contentUrl\":\"https:\/\/www.corton.nl\/wp-content\/uploads\/2025\/11\/Stalwand-prof-tussenwand-gesloten-26.jpg\",\"width\":1200,\"height\":900},{\"@type\":\"BreadcrumbList\",\"@id\":\"https:\/\/www.corton.nl\/product\/tussenwand-volledig-gesloten-professional\/#breadcrumb\",\"itemListElement\":[{\"@type\":\"ListItem\",\"position\":1,\"name\":\"Home\",\"item\":\"https:\/\/www.corton.nl\/\"},{\"@type\":\"ListItem\",\"position\":2,\"name\":\"Webshop\",\"item\":\"https:\/\/www.corton.nl\/webshop\/\"},{\"@type\":\"ListItem\",\"position\":3,\"name\":\"Tussenwand volledig gesloten (professional)\"}]},{\"@type\":\"WebSite\",\"@id\":\"https:\/\/www.corton.nl\/#website\",\"url\":\"https:\/\/www.corton.nl\/\",\"name\":\"Corton B.V.\",\"description\":\"\",\"potentialAction\":[{\"@type\":\"SearchAction\",\"target\":{\"@type\":\"EntryPoint\",\"urlTemplate\":\"https:\/\/www.corton.nl\/?s={search_term_string}\"},\"query-input\":{\"@type\":\"PropertyValueSpecification\",\"valueRequired\":true,\"valueName\":\"search_term_string\"}}],\"inLanguage\":\"de\"}]}<\/script>\n<!-- \/ Yoast SEO plugin. -->","yoast_head_json":{"title":"Trennwand komplett geschlossen (professionell) - Corton BV.","robots":{"index":"index","follow":"follow","max-snippet":"max-snippet:-1","max-image-preview":"max-image-preview:large","max-video-preview":"max-video-preview:-1"},"canonical":"https:\/\/www.corton.nl\/de\/produkt\/trennwand-vollstandig-geschlossen-professionell\/","og_locale":"de_DE","og_type":"article","og_title":"Tussenwand volledig gesloten (professional) - Corton B.V.","og_description":"De paardenbox tussenwand volledig gesloten van Corton combineert jarenlange expertise met robuuste kwaliteit en eenvoudig gebruik. Ontwikkeld voor intensief stalgebruik, ontworpen en geproduceerd in Nederland en eventueel volledig aan te passen naar uw stalwensen.  Gesloten dubbelwandig U- en H-profiel  Uit voorraad kunnen wij diverse afmetingen en uitvoeringen leveren.  Bestel uw stalwand direct uit voorraad online!","og_url":"https:\/\/www.corton.nl\/de\/produkt\/trennwand-vollstandig-geschlossen-professionell\/","og_site_name":"Corton B.V.","article_modified_time":"2025-12-23T12:27:17+00:00","og_image":[{"width":1200,"height":900,"url":"https:\/\/www.corton.nl\/wp-content\/uploads\/2025\/11\/Stalwand-prof-tussenwand-gesloten-26.jpg","type":"image\/jpeg"}],"twitter_card":"summary_large_image","twitter_misc":{"Gesch\u00e4tzte Lesezeit":"2\u00a0Minuten"},"schema":{"@context":"https:\/\/schema.org","@graph":[{"@type":"WebPage","@id":"https:\/\/www.corton.nl\/product\/tussenwand-volledig-gesloten-professional\/","url":"https:\/\/www.corton.nl\/product\/tussenwand-volledig-gesloten-professional\/","name":"Trennwand komplett geschlossen (professionell) - Corton BV.","isPartOf":{"@id":"https:\/\/www.corton.nl\/#website"},"primaryImageOfPage":{"@id":"https:\/\/www.corton.nl\/product\/tussenwand-volledig-gesloten-professional\/#primaryimage"},"image":{"@id":"https:\/\/www.corton.nl\/product\/tussenwand-volledig-gesloten-professional\/#primaryimage"},"thumbnailUrl":"https:\/\/www.corton.nl\/wp-content\/uploads\/2025\/11\/Stalwand-prof-tussenwand-gesloten-26.jpg","datePublished":"2025-11-25T08:05:42+00:00","dateModified":"2025-12-23T12:27:17+00:00","breadcrumb":{"@id":"https:\/\/www.corton.nl\/product\/tussenwand-volledig-gesloten-professional\/#breadcrumb"},"inLanguage":"de","potentialAction":[{"@type":"ReadAction","target":["https:\/\/www.corton.nl\/product\/tussenwand-volledig-gesloten-professional\/"]}]},{"@type":"ImageObject","inLanguage":"de","@id":"https:\/\/www.corton.nl\/product\/tussenwand-volledig-gesloten-professional\/#primaryimage","url":"https:\/\/www.corton.nl\/wp-content\/uploads\/2025\/11\/Stalwand-prof-tussenwand-gesloten-26.jpg","contentUrl":"https:\/\/www.corton.nl\/wp-content\/uploads\/2025\/11\/Stalwand-prof-tussenwand-gesloten-26.jpg","width":1200,"height":900},{"@type":"BreadcrumbList","@id":"https:\/\/www.corton.nl\/product\/tussenwand-volledig-gesloten-professional\/#breadcrumb","itemListElement":[{"@type":"ListItem","position":1,"name":"Home","item":"https:\/\/www.corton.nl\/"},{"@type":"ListItem","position":2,"name":"Webshop","item":"https:\/\/www.corton.nl\/webshop\/"},{"@type":"ListItem","position":3,"name":"Tussenwand volledig gesloten (professional)"}]},{"@type":"WebSite","@id":"https:\/\/www.corton.nl\/#website","url":"https:\/\/www.corton.nl\/","name":"Corton BV.","description":"","potentialAction":[{"@type":"SearchAction","target":{"@type":"EntryPoint","urlTemplate":"https:\/\/www.corton.nl\/?s={search_term_string}"},"query-input":{"@type":"PropertyValueSpecification","valueRequired":true,"valueName":"search_term_string"}}],"inLanguage":"de"}]}},"_links":{"self":[{"href":"https:\/\/www.corton.nl\/de\/wp-json\/wp\/v2\/product\/9367","targetHints":{"allow":["GET"]}}],"collection":[{"href":"https:\/\/www.corton.nl\/de\/wp-json\/wp\/v2\/product"}],"about":[{"href":"https:\/\/www.corton.nl\/de\/wp-json\/wp\/v2\/types\/product"}],"wp:featuredmedia":[{"embeddable":true,"href":"https:\/\/www.corton.nl\/de\/wp-json\/wp\/v2\/media\/9555"}],"wp:attachment":[{"href":"https:\/\/www.corton.nl\/de\/wp-json\/wp\/v2\/media?parent=9367"}],"wp:term":[{"taxonomy":"product_brand","embeddable":true,"href":"https:\/\/www.corton.nl\/de\/wp-json\/wp\/v2\/product_brand?post=9367"},{"taxonomy":"product_cat","embeddable":true,"href":"https:\/\/www.corton.nl\/de\/wp-json\/wp\/v2\/product_cat?post=9367"},{"taxonomy":"product_tag","embeddable":true,"href":"https:\/\/www.corton.nl\/de\/wp-json\/wp\/v2\/product_tag?post=9367"}],"curies":[{"name":"wp","href":"https:\/\/api.w.org\/{rel}","templated":true}]}}