{"id":9267,"date":"2025-11-18T13:43:12","date_gmt":"2025-11-18T12:43:12","guid":{"rendered":"https:\/\/www.corton.nl\/?post_type=product&#038;p=9267"},"modified":"2025-11-27T08:32:50","modified_gmt":"2025-11-27T07:32:50","slug":"professionelles-stallfenster-mit-bogen","status":"publish","type":"product","link":"https:\/\/www.corton.nl\/de\/product\/stalraam-professional-met-toog\/","title":{"rendered":"Stallfenster (Professional) mit Bogen"},"content":{"rendered":"<p><strong>Hochwertige Qualit\u00e4t und Langlebigkeit<\/strong><br \/>\nMit \u00fcber 50 Jahren Erfahrung im Bereich Stalleinrichtungen w\u00e4hlt Corton stets Materialien und Oberfl\u00e4chen, die lange halten.<\/p>\n<p>Das Stallfenster mit Bogen ist ein vielseitiges Luxusmodell, dessen Gr\u00f6\u00dfe und Konstruktion kompromisslos auf intensive Stallnutzung und Sicherheit abgestimmt sind. Das Fenster verf\u00fcgt \u00fcber ein <strong>speziell gewalztes Rahmenprofil (100 mm tief)<\/strong> f\u00fcr zus\u00e4tzliche Festigkeit und Stabilit\u00e4t. Aufgrund der <strong>Exzentrische Scharniere aus Edelstahl<\/strong> Die H\u00f6he des Fensters l\u00e4sst sich pr\u00e4zise einstellen. Das stabile Fenster ist serienm\u00e4\u00dfig ausgestattet mit <strong>ein Gitterrost<\/strong>, Dies gew\u00e4hrleistet optimale Sicherheit f\u00fcr Pferde. Optional k\u00f6nnen Sie auch eine Version mit <strong>Neige- und Drehfunktion<\/strong>. Die Oberseite der Profi-Version ist mit einer Tropfkante ausgestattet. Die neig- und drehbare Version verf\u00fcgt zus\u00e4tzlich \u00fcber eine Tropfkante an der Unterseite.<\/p>\n<p>Die professionellen Stallfenster sind standardm\u00e4\u00dfig mit einem Zylinderschloss ausgestattet. Optional bieten wir gegen Aufpreis einen Drehknopf an, der von innen und au\u00dfen bedient werden kann. Alternativ ist das Fenster auch mit einem Zugschl\u00fcssel (als Ersatz f\u00fcr den Drehknopf) ab Lager erh\u00e4ltlich. Diese Ausf\u00fchrung besticht durch einen Bogen f\u00fcr eine besonders elegante Optik.<\/p>\n<p>Unsere Stallfenster sind aus hochwertigem Stahl gefertigt und komplett<strong> thermisch feuerverzinkt nach NEN-EN-ISO 1461<\/strong> , um optimalen Korrosionsschutz zu gew\u00e4hrleisten. Nach dem Verzinken werden alle Teile sorgf\u00e4ltig nachbearbeitet und von scharfen Kanten befreit, f\u00fcr eine besonders sichere und hochwertige Verarbeitung.<\/p>\n<p><strong>Ma\u00dfgefertigte Stallfenster<\/strong><br \/>\nDank zahlreicher Zusatzoptionen und Oberfl\u00e4chengestaltungsm\u00f6glichkeiten k\u00f6nnen Sie Ihre Scheunenfenster durch exklusive Ma\u00dfanfertigung exakt nach Ihren W\u00fcnschen gestalten. So entsteht eine Scheune, die nicht nur praktisch, sondern auch stilvoll und elegant ist und perfekt Ihren Vorstellungen entspricht. <strong>Neugierig auf die Anpassungsm\u00f6glichkeiten f\u00fcr stabile Windows-Versionen? <\/strong><a href=\"https:\/\/www.corton.nl\/de\/stabile-windows\/\">Alle M\u00f6glichkeiten hier ansehen<\/a>.<\/p>\n<p>F\u00fcr pers\u00f6nliche Beratung oder Fragen k\u00f6nnen Sie jederzeit Kontakt aufnehmen. Unsere Spezialisten stehen bereit, um Sie bei der perfekten Einrichtung Ihres Stalls zu unterst\u00fctzen. <strong>Suchen Sie nach anderen Optionen?<\/strong> <a href=\"https:\/\/www.corton.nl\/de\/stabile-windows\/\">Alle M\u00f6glichkeiten hier ansehen<\/a>.<\/p>\n<p><strong>Warum sollte man sich f\u00fcr ein Stallfenster von Corton entscheiden?<\/strong><br \/>\n<strong>Zuverl\u00e4ssigkeit und Sicherheit:<\/strong> Jahrzehntelange Erfahrung zeigt sich in durchdachten Details, die f\u00fcr eine sichere Umgebung Ihres Pferdes sorgen.<br \/>\n<strong>Langfristige Investition:<\/strong> Hochwertige Materialien und solide Konstruktion bedeuten weniger Wartung und l\u00e4ngere Lebensdauer.<br \/>\n<strong>\u00c4sthetik und Funktionalit\u00e4t:<\/strong> Dank individueller Anpassungsm\u00f6glichkeiten f\u00fcgt sich das Fenster nahtlos in den Rest Ihres Stalls ein \u2013 sowohl optisch als auch in der Nutzung.<br \/>\n<strong>Lokale Produktion:<\/strong> Hergestellt in den Niederlanden \u2013 kurze Produktionslinien, Handwerkskunst und ein Fokus auf Qualit\u00e4t.<\/p>","protected":false},"excerpt":{"rendered":"<p>Das Stallfenster Corton Professional vereint langj\u00e4hrige Erfahrung mit robuster Qualit\u00e4t und einfacher Bedienung. Es wurde f\u00fcr den intensiven Einsatz im Stall entwickelt, in den Niederlanden konstruiert und gefertigt und ist vollst\u00e4ndig an Ihre individuellen Stallbed\u00fcrfnisse anpassbar.<\/p>\n<p><strong>Einbauma\u00dfe: 1000 x 1000 mm<br \/>\nWir k\u00f6nnen verschiedene Modelle ab Lager liefern.<\/strong><br \/>\nBestellen Sie Ihr Stallfenster direkt ab Lager online!<\/p>","protected":false},"featured_media":9303,"template":"","meta":{"_acf_changed":false},"product_brand":[],"product_cat":[47],"product_tag":[],"class_list":{"0":"post-9267","1":"product","2":"type-product","3":"status-publish","4":"has-post-thumbnail","6":"product_cat-stalramen","8":"first","9":"instock","10":"taxable","11":"shipping-taxable","12":"purchasable","13":"product-type-simple"},"acf":[],"yoast_head":"<!-- This site is optimized with the Yoast SEO plugin v27.0 - https:\/\/yoast.com\/product\/yoast-seo-wordpress\/ -->\n<title>Stalraam (Professional) met toog - Corton B.V.<\/title>\n<meta name=\"robots\" content=\"index, follow, max-snippet:-1, max-image-preview:large, max-video-preview:-1\" \/>\n<link rel=\"canonical\" href=\"https:\/\/www.corton.nl\/de\/produkt\/professionelles-stallfenster-mit-bogen\/\" \/>\n<meta property=\"og:locale\" content=\"de_DE\" \/>\n<meta property=\"og:type\" content=\"article\" \/>\n<meta property=\"og:title\" content=\"Stalraam (Professional) met toog - Corton B.V.\" \/>\n<meta property=\"og:description\" content=\"Het stalraam Professional van Corton combineert jarenlange expertise met robuuste kwaliteit en eenvoudig gebruik. Ontwikkeld voor intensief stalgebruik, ontworpen en geproduceerd in Nederland en eventueel volledig aan te passen naar uw stalwensen.  Inbouwmaat: 1000 x 1000 mm Uit voorraad kunnen wij diverse uitvoeringen leveren. Bestel uw stalraam direct uit voorraad online!\" \/>\n<meta property=\"og:url\" content=\"https:\/\/www.corton.nl\/de\/produkt\/professionelles-stallfenster-mit-bogen\/\" \/>\n<meta property=\"og:site_name\" content=\"Corton B.V.\" \/>\n<meta property=\"article:modified_time\" content=\"2025-11-27T07:32:50+00:00\" \/>\n<meta property=\"og:image\" content=\"https:\/\/www.corton.nl\/wp-content\/uploads\/2025\/11\/Stalraam-met-toog-professional-2.jpg\" \/>\n\t<meta property=\"og:image:width\" content=\"1200\" \/>\n\t<meta property=\"og:image:height\" content=\"900\" \/>\n\t<meta property=\"og:image:type\" content=\"image\/jpeg\" \/>\n<meta name=\"twitter:card\" content=\"summary_large_image\" \/>\n<meta name=\"twitter:label1\" content=\"Gesch\u00e4tzte Lesezeit\" \/>\n\t<meta name=\"twitter:data1\" content=\"3\u00a0Minuten\" \/>\n<script type=\"application\/ld+json\" class=\"yoast-schema-graph\">{\"@context\":\"https:\/\/schema.org\",\"@graph\":[{\"@type\":\"WebPage\",\"@id\":\"https:\/\/www.corton.nl\/product\/stalraam-professional-met-toog\/\",\"url\":\"https:\/\/www.corton.nl\/product\/stalraam-professional-met-toog\/\",\"name\":\"Stalraam (Professional) met toog - Corton B.V.\",\"isPartOf\":{\"@id\":\"https:\/\/www.corton.nl\/#website\"},\"primaryImageOfPage\":{\"@id\":\"https:\/\/www.corton.nl\/product\/stalraam-professional-met-toog\/#primaryimage\"},\"image\":{\"@id\":\"https:\/\/www.corton.nl\/product\/stalraam-professional-met-toog\/#primaryimage\"},\"thumbnailUrl\":\"https:\/\/www.corton.nl\/wp-content\/uploads\/2025\/11\/Stalraam-met-toog-professional-2.jpg\",\"datePublished\":\"2025-11-18T12:43:12+00:00\",\"dateModified\":\"2025-11-27T07:32:50+00:00\",\"breadcrumb\":{\"@id\":\"https:\/\/www.corton.nl\/product\/stalraam-professional-met-toog\/#breadcrumb\"},\"inLanguage\":\"de\",\"potentialAction\":[{\"@type\":\"ReadAction\",\"target\":[\"https:\/\/www.corton.nl\/product\/stalraam-professional-met-toog\/\"]}]},{\"@type\":\"ImageObject\",\"inLanguage\":\"de\",\"@id\":\"https:\/\/www.corton.nl\/product\/stalraam-professional-met-toog\/#primaryimage\",\"url\":\"https:\/\/www.corton.nl\/wp-content\/uploads\/2025\/11\/Stalraam-met-toog-professional-2.jpg\",\"contentUrl\":\"https:\/\/www.corton.nl\/wp-content\/uploads\/2025\/11\/Stalraam-met-toog-professional-2.jpg\",\"width\":1200,\"height\":900,\"caption\":\"Stalraam met toog professional\"},{\"@type\":\"BreadcrumbList\",\"@id\":\"https:\/\/www.corton.nl\/product\/stalraam-professional-met-toog\/#breadcrumb\",\"itemListElement\":[{\"@type\":\"ListItem\",\"position\":1,\"name\":\"Home\",\"item\":\"https:\/\/www.corton.nl\/\"},{\"@type\":\"ListItem\",\"position\":2,\"name\":\"Webshop\",\"item\":\"https:\/\/www.corton.nl\/webshop\/\"},{\"@type\":\"ListItem\",\"position\":3,\"name\":\"Stalraam (Professional) met toog\"}]},{\"@type\":\"WebSite\",\"@id\":\"https:\/\/www.corton.nl\/#website\",\"url\":\"https:\/\/www.corton.nl\/\",\"name\":\"Corton B.V.\",\"description\":\"\",\"potentialAction\":[{\"@type\":\"SearchAction\",\"target\":{\"@type\":\"EntryPoint\",\"urlTemplate\":\"https:\/\/www.corton.nl\/?s={search_term_string}\"},\"query-input\":{\"@type\":\"PropertyValueSpecification\",\"valueRequired\":true,\"valueName\":\"search_term_string\"}}],\"inLanguage\":\"de\"}]}<\/script>\n<!-- \/ Yoast SEO plugin. -->","yoast_head_json":{"title":"Stallfenster (Professionell) mit Bogen - Corton BV.","robots":{"index":"index","follow":"follow","max-snippet":"max-snippet:-1","max-image-preview":"max-image-preview:large","max-video-preview":"max-video-preview:-1"},"canonical":"https:\/\/www.corton.nl\/de\/produkt\/professionelles-stallfenster-mit-bogen\/","og_locale":"de_DE","og_type":"article","og_title":"Stalraam (Professional) met toog - Corton B.V.","og_description":"Het stalraam Professional van Corton combineert jarenlange expertise met robuuste kwaliteit en eenvoudig gebruik. Ontwikkeld voor intensief stalgebruik, ontworpen en geproduceerd in Nederland en eventueel volledig aan te passen naar uw stalwensen.  Inbouwmaat: 1000 x 1000 mm Uit voorraad kunnen wij diverse uitvoeringen leveren. Bestel uw stalraam direct uit voorraad online!","og_url":"https:\/\/www.corton.nl\/de\/produkt\/professionelles-stallfenster-mit-bogen\/","og_site_name":"Corton B.V.","article_modified_time":"2025-11-27T07:32:50+00:00","og_image":[{"width":1200,"height":900,"url":"https:\/\/www.corton.nl\/wp-content\/uploads\/2025\/11\/Stalraam-met-toog-professional-2.jpg","type":"image\/jpeg"}],"twitter_card":"summary_large_image","twitter_misc":{"Gesch\u00e4tzte Lesezeit":"3\u00a0Minuten"},"schema":{"@context":"https:\/\/schema.org","@graph":[{"@type":"WebPage","@id":"https:\/\/www.corton.nl\/product\/stalraam-professional-met-toog\/","url":"https:\/\/www.corton.nl\/product\/stalraam-professional-met-toog\/","name":"Stallfenster (Professionell) mit Bogen - Corton BV.","isPartOf":{"@id":"https:\/\/www.corton.nl\/#website"},"primaryImageOfPage":{"@id":"https:\/\/www.corton.nl\/product\/stalraam-professional-met-toog\/#primaryimage"},"image":{"@id":"https:\/\/www.corton.nl\/product\/stalraam-professional-met-toog\/#primaryimage"},"thumbnailUrl":"https:\/\/www.corton.nl\/wp-content\/uploads\/2025\/11\/Stalraam-met-toog-professional-2.jpg","datePublished":"2025-11-18T12:43:12+00:00","dateModified":"2025-11-27T07:32:50+00:00","breadcrumb":{"@id":"https:\/\/www.corton.nl\/product\/stalraam-professional-met-toog\/#breadcrumb"},"inLanguage":"de","potentialAction":[{"@type":"ReadAction","target":["https:\/\/www.corton.nl\/product\/stalraam-professional-met-toog\/"]}]},{"@type":"ImageObject","inLanguage":"de","@id":"https:\/\/www.corton.nl\/product\/stalraam-professional-met-toog\/#primaryimage","url":"https:\/\/www.corton.nl\/wp-content\/uploads\/2025\/11\/Stalraam-met-toog-professional-2.jpg","contentUrl":"https:\/\/www.corton.nl\/wp-content\/uploads\/2025\/11\/Stalraam-met-toog-professional-2.jpg","width":1200,"height":900,"caption":"Stalraam met toog professional"},{"@type":"BreadcrumbList","@id":"https:\/\/www.corton.nl\/product\/stalraam-professional-met-toog\/#breadcrumb","itemListElement":[{"@type":"ListItem","position":1,"name":"Home","item":"https:\/\/www.corton.nl\/"},{"@type":"ListItem","position":2,"name":"Webshop","item":"https:\/\/www.corton.nl\/webshop\/"},{"@type":"ListItem","position":3,"name":"Stalraam (Professional) met toog"}]},{"@type":"WebSite","@id":"https:\/\/www.corton.nl\/#website","url":"https:\/\/www.corton.nl\/","name":"Corton BV.","description":"","potentialAction":[{"@type":"SearchAction","target":{"@type":"EntryPoint","urlTemplate":"https:\/\/www.corton.nl\/?s={search_term_string}"},"query-input":{"@type":"PropertyValueSpecification","valueRequired":true,"valueName":"search_term_string"}}],"inLanguage":"de"}]}},"_links":{"self":[{"href":"https:\/\/www.corton.nl\/de\/wp-json\/wp\/v2\/product\/9267","targetHints":{"allow":["GET"]}}],"collection":[{"href":"https:\/\/www.corton.nl\/de\/wp-json\/wp\/v2\/product"}],"about":[{"href":"https:\/\/www.corton.nl\/de\/wp-json\/wp\/v2\/types\/product"}],"wp:featuredmedia":[{"embeddable":true,"href":"https:\/\/www.corton.nl\/de\/wp-json\/wp\/v2\/media\/9303"}],"wp:attachment":[{"href":"https:\/\/www.corton.nl\/de\/wp-json\/wp\/v2\/media?parent=9267"}],"wp:term":[{"taxonomy":"product_brand","embeddable":true,"href":"https:\/\/www.corton.nl\/de\/wp-json\/wp\/v2\/product_brand?post=9267"},{"taxonomy":"product_cat","embeddable":true,"href":"https:\/\/www.corton.nl\/de\/wp-json\/wp\/v2\/product_cat?post=9267"},{"taxonomy":"product_tag","embeddable":true,"href":"https:\/\/www.corton.nl\/de\/wp-json\/wp\/v2\/product_tag?post=9267"}],"curies":[{"name":"wp","href":"https:\/\/api.w.org\/{rel}","templated":true}]}}