{"id":9264,"date":"2025-11-18T08:40:13","date_gmt":"2025-11-18T07:40:13","guid":{"rendered":"https:\/\/www.corton.nl\/?post_type=product&#038;p=9264"},"modified":"2025-11-27T08:32:32","modified_gmt":"2025-11-27T07:32:32","slug":"standard-stallfenster","status":"publish","type":"product","link":"https:\/\/www.corton.nl\/de\/product\/stalraam-standaard\/","title":{"rendered":"Stallfenster (Standard)"},"content":{"rendered":"<p><strong>Hochwertige Qualit\u00e4t und Langlebigkeit<\/strong><br \/>\nMit \u00fcber 50 Jahren Erfahrung im Bereich Stalleinrichtungen w\u00e4hlt Corton stets Materialien und Oberfl\u00e4chen, die lange halten.<\/p>\n<p>Das ab Lager verf\u00fcgbare Stallfenster ist eine vielseitige Standardausf\u00fchrung, deren Abmessungen und Konstruktion kompromisslos auf intensive Stallnutzung und Sicherheit abgestimmt sind. Das Fenster verf\u00fcgt \u00fcber ein speziell gewalztes Rahmenprofil (100 mm tief) f\u00fcr zus\u00e4tzliche Festigkeit und Stabilit\u00e4t. <strong>Exzentrische Scharniere aus Edelstahl<\/strong> Die H\u00f6he des Fensters l\u00e4sst sich pr\u00e4zise einstellen. Das stabile Fenster ist serienm\u00e4\u00dfig ausgestattet mit <strong>ein Gitterrost<\/strong>, Dies gew\u00e4hrleistet optimale Sicherheit f\u00fcr Pferde. Optional k\u00f6nnen Sie auch eine Version mit <strong>Neige- und Drehfunktion<\/strong>.<\/p>\n<p>Unsere Stallfenster sind aus hochwertigem Stahl gefertigt und komplett<strong> thermisch feuerverzinkt nach NEN-EN-ISO 1461<\/strong> , um optimalen Korrosionsschutz zu gew\u00e4hrleisten. Nach dem Verzinken werden alle Teile sorgf\u00e4ltig nachbearbeitet und von scharfen Kanten befreit, f\u00fcr eine besonders sichere und hochwertige Verarbeitung.<\/p>\n<p><strong>Ma\u00dfgefertigte Stallfenster<\/strong><br \/>\nDank zahlreicher Zusatzoptionen und Oberfl\u00e4chengestaltungsm\u00f6glichkeiten k\u00f6nnen Sie Ihre Scheunenfenster durch exklusive Ma\u00dfanfertigung exakt nach Ihren W\u00fcnschen gestalten. So entsteht eine Scheune, die nicht nur praktisch, sondern auch stilvoll und elegant ist und perfekt Ihren Vorstellungen entspricht. <strong>Neugierig auf die Anpassungsm\u00f6glichkeiten f\u00fcr stabile Windows-Versionen? <\/strong><a href=\"https:\/\/www.corton.nl\/de\/stabile-windows\/\">Alle M\u00f6glichkeiten hier ansehen<\/a>.<\/p>\n<p>F\u00fcr pers\u00f6nliche Beratung oder Fragen k\u00f6nnen Sie jederzeit Kontakt aufnehmen. Unsere Spezialisten stehen bereit, um Sie bei der perfekten Einrichtung Ihres Stalls zu unterst\u00fctzen. <strong>Suchen Sie nach anderen Optionen?<\/strong> <a href=\"https:\/\/www.corton.nl\/de\/stabile-windows\/\">Alle M\u00f6glichkeiten hier ansehen<\/a>.<\/p>\n<p><strong>Warum sollte man sich f\u00fcr ein Stallfenster von Corton entscheiden?<\/strong><br \/>\n<strong>Zuverl\u00e4ssigkeit und Sicherheit:<\/strong> Jahrzehntelange Erfahrung zeigt sich in durchdachten Details, die f\u00fcr eine sichere Umgebung Ihres Pferdes sorgen.<br \/>\n<strong>Langfristige Investition:<\/strong> Hochwertige Materialien und solide Konstruktion bedeuten weniger Wartung und l\u00e4ngere Lebensdauer.<br \/>\n<strong>\u00c4sthetik und Funktionalit\u00e4t:<\/strong> Dank individueller Anpassungsm\u00f6glichkeiten f\u00fcgt sich das Fenster nahtlos in den Rest Ihres Stalls ein \u2013 sowohl optisch als auch in der Nutzung.<br \/>\n<strong>Lokale Produktion:<\/strong> Hergestellt in den Niederlanden \u2013 kurze Produktionslinien, Handwerkskunst und ein Fokus auf Qualit\u00e4t.<\/p>","protected":false},"excerpt":{"rendered":"<p>Das Standard-Stallfenster von Corton vereint langj\u00e4hrige Erfahrung mit robuster Qualit\u00e4t und einfacher Bedienung. Es wurde f\u00fcr den intensiven Stalleinsatz entwickelt, in den Niederlanden konstruiert und gefertigt und ist vollst\u00e4ndig an Ihre Stallbed\u00fcrfnisse anpassbar.<\/p>\n<p><strong>Einbauma\u00dfe: 900 x 900 mm<br \/>\nWir k\u00f6nnen verschiedene Modelle ab Lager liefern.<\/strong><br \/>\nBestellen Sie Ihr Stallfenster direkt ab Lager online!<\/p>","protected":false},"featured_media":9306,"template":"","meta":{"_acf_changed":false},"product_brand":[],"product_cat":[47],"product_tag":[],"class_list":{"0":"post-9264","1":"product","2":"type-product","3":"status-publish","4":"has-post-thumbnail","6":"product_cat-stalramen","8":"first","9":"instock","10":"taxable","11":"shipping-taxable","12":"purchasable","13":"product-type-simple"},"acf":[],"yoast_head":"<!-- This site is optimized with the Yoast SEO plugin v27.0 - https:\/\/yoast.com\/product\/yoast-seo-wordpress\/ -->\n<title>Stalraam (standaard) - Corton B.V.<\/title>\n<meta name=\"robots\" content=\"index, follow, max-snippet:-1, max-image-preview:large, max-video-preview:-1\" \/>\n<link rel=\"canonical\" href=\"https:\/\/www.corton.nl\/de\/produkt\/standard-stallfenster\/\" \/>\n<meta property=\"og:locale\" content=\"de_DE\" \/>\n<meta property=\"og:type\" content=\"article\" \/>\n<meta property=\"og:title\" content=\"Stalraam (standaard) - Corton B.V.\" \/>\n<meta property=\"og:description\" content=\"Het standaard stalraam van Corton combineert jarenlange expertise met robuuste kwaliteit en eenvoudig gebruik. Ontwikkeld voor intensief stalgebruik, ontworpen en geproduceerd in Nederland en eventueel volledig aan te passen naar uw stalwensen.  Inbouwmaat: 900 x 900 mm Uit voorraad kunnen wij diverse uitvoeringen leveren. Bestel uw stalraam direct uit voorraad online!\" \/>\n<meta property=\"og:url\" content=\"https:\/\/www.corton.nl\/de\/produkt\/standard-stallfenster\/\" \/>\n<meta property=\"og:site_name\" content=\"Corton B.V.\" \/>\n<meta property=\"article:modified_time\" content=\"2025-11-27T07:32:32+00:00\" \/>\n<meta property=\"og:image\" content=\"https:\/\/www.corton.nl\/wp-content\/uploads\/2025\/11\/Stalraam-standaard-draai-2.jpg\" \/>\n\t<meta property=\"og:image:width\" content=\"1200\" \/>\n\t<meta property=\"og:image:height\" content=\"900\" \/>\n\t<meta property=\"og:image:type\" content=\"image\/jpeg\" \/>\n<meta name=\"twitter:card\" content=\"summary_large_image\" \/>\n<meta name=\"twitter:label1\" content=\"Gesch\u00e4tzte Lesezeit\" \/>\n\t<meta name=\"twitter:data1\" content=\"2\u00a0Minuten\" \/>\n<script type=\"application\/ld+json\" class=\"yoast-schema-graph\">{\"@context\":\"https:\/\/schema.org\",\"@graph\":[{\"@type\":\"WebPage\",\"@id\":\"https:\/\/www.corton.nl\/product\/stalraam-standaard\/\",\"url\":\"https:\/\/www.corton.nl\/product\/stalraam-standaard\/\",\"name\":\"Stalraam (standaard) - Corton B.V.\",\"isPartOf\":{\"@id\":\"https:\/\/www.corton.nl\/#website\"},\"primaryImageOfPage\":{\"@id\":\"https:\/\/www.corton.nl\/product\/stalraam-standaard\/#primaryimage\"},\"image\":{\"@id\":\"https:\/\/www.corton.nl\/product\/stalraam-standaard\/#primaryimage\"},\"thumbnailUrl\":\"https:\/\/www.corton.nl\/wp-content\/uploads\/2025\/11\/Stalraam-standaard-draai-2.jpg\",\"datePublished\":\"2025-11-18T07:40:13+00:00\",\"dateModified\":\"2025-11-27T07:32:32+00:00\",\"breadcrumb\":{\"@id\":\"https:\/\/www.corton.nl\/product\/stalraam-standaard\/#breadcrumb\"},\"inLanguage\":\"de\",\"potentialAction\":[{\"@type\":\"ReadAction\",\"target\":[\"https:\/\/www.corton.nl\/product\/stalraam-standaard\/\"]}]},{\"@type\":\"ImageObject\",\"inLanguage\":\"de\",\"@id\":\"https:\/\/www.corton.nl\/product\/stalraam-standaard\/#primaryimage\",\"url\":\"https:\/\/www.corton.nl\/wp-content\/uploads\/2025\/11\/Stalraam-standaard-draai-2.jpg\",\"contentUrl\":\"https:\/\/www.corton.nl\/wp-content\/uploads\/2025\/11\/Stalraam-standaard-draai-2.jpg\",\"width\":1200,\"height\":900,\"caption\":\"Stalraam standaard - draai\"},{\"@type\":\"BreadcrumbList\",\"@id\":\"https:\/\/www.corton.nl\/product\/stalraam-standaard\/#breadcrumb\",\"itemListElement\":[{\"@type\":\"ListItem\",\"position\":1,\"name\":\"Home\",\"item\":\"https:\/\/www.corton.nl\/\"},{\"@type\":\"ListItem\",\"position\":2,\"name\":\"Webshop\",\"item\":\"https:\/\/www.corton.nl\/webshop\/\"},{\"@type\":\"ListItem\",\"position\":3,\"name\":\"Stalraam (standaard)\"}]},{\"@type\":\"WebSite\",\"@id\":\"https:\/\/www.corton.nl\/#website\",\"url\":\"https:\/\/www.corton.nl\/\",\"name\":\"Corton B.V.\",\"description\":\"\",\"potentialAction\":[{\"@type\":\"SearchAction\",\"target\":{\"@type\":\"EntryPoint\",\"urlTemplate\":\"https:\/\/www.corton.nl\/?s={search_term_string}\"},\"query-input\":{\"@type\":\"PropertyValueSpecification\",\"valueRequired\":true,\"valueName\":\"search_term_string\"}}],\"inLanguage\":\"de\"}]}<\/script>\n<!-- \/ Yoast SEO plugin. -->","yoast_head_json":{"title":"Stallfenster (Standard) - Corton BV.","robots":{"index":"index","follow":"follow","max-snippet":"max-snippet:-1","max-image-preview":"max-image-preview:large","max-video-preview":"max-video-preview:-1"},"canonical":"https:\/\/www.corton.nl\/de\/produkt\/standard-stallfenster\/","og_locale":"de_DE","og_type":"article","og_title":"Stalraam (standaard) - Corton B.V.","og_description":"Het standaard stalraam van Corton combineert jarenlange expertise met robuuste kwaliteit en eenvoudig gebruik. Ontwikkeld voor intensief stalgebruik, ontworpen en geproduceerd in Nederland en eventueel volledig aan te passen naar uw stalwensen.  Inbouwmaat: 900 x 900 mm Uit voorraad kunnen wij diverse uitvoeringen leveren. Bestel uw stalraam direct uit voorraad online!","og_url":"https:\/\/www.corton.nl\/de\/produkt\/standard-stallfenster\/","og_site_name":"Corton B.V.","article_modified_time":"2025-11-27T07:32:32+00:00","og_image":[{"width":1200,"height":900,"url":"https:\/\/www.corton.nl\/wp-content\/uploads\/2025\/11\/Stalraam-standaard-draai-2.jpg","type":"image\/jpeg"}],"twitter_card":"summary_large_image","twitter_misc":{"Gesch\u00e4tzte Lesezeit":"2\u00a0Minuten"},"schema":{"@context":"https:\/\/schema.org","@graph":[{"@type":"WebPage","@id":"https:\/\/www.corton.nl\/product\/stalraam-standaard\/","url":"https:\/\/www.corton.nl\/product\/stalraam-standaard\/","name":"Stallfenster (Standard) - Corton BV.","isPartOf":{"@id":"https:\/\/www.corton.nl\/#website"},"primaryImageOfPage":{"@id":"https:\/\/www.corton.nl\/product\/stalraam-standaard\/#primaryimage"},"image":{"@id":"https:\/\/www.corton.nl\/product\/stalraam-standaard\/#primaryimage"},"thumbnailUrl":"https:\/\/www.corton.nl\/wp-content\/uploads\/2025\/11\/Stalraam-standaard-draai-2.jpg","datePublished":"2025-11-18T07:40:13+00:00","dateModified":"2025-11-27T07:32:32+00:00","breadcrumb":{"@id":"https:\/\/www.corton.nl\/product\/stalraam-standaard\/#breadcrumb"},"inLanguage":"de","potentialAction":[{"@type":"ReadAction","target":["https:\/\/www.corton.nl\/product\/stalraam-standaard\/"]}]},{"@type":"ImageObject","inLanguage":"de","@id":"https:\/\/www.corton.nl\/product\/stalraam-standaard\/#primaryimage","url":"https:\/\/www.corton.nl\/wp-content\/uploads\/2025\/11\/Stalraam-standaard-draai-2.jpg","contentUrl":"https:\/\/www.corton.nl\/wp-content\/uploads\/2025\/11\/Stalraam-standaard-draai-2.jpg","width":1200,"height":900,"caption":"Stalraam standaard - draai"},{"@type":"BreadcrumbList","@id":"https:\/\/www.corton.nl\/product\/stalraam-standaard\/#breadcrumb","itemListElement":[{"@type":"ListItem","position":1,"name":"Home","item":"https:\/\/www.corton.nl\/"},{"@type":"ListItem","position":2,"name":"Webshop","item":"https:\/\/www.corton.nl\/webshop\/"},{"@type":"ListItem","position":3,"name":"Stalraam (standaard)"}]},{"@type":"WebSite","@id":"https:\/\/www.corton.nl\/#website","url":"https:\/\/www.corton.nl\/","name":"Corton BV.","description":"","potentialAction":[{"@type":"SearchAction","target":{"@type":"EntryPoint","urlTemplate":"https:\/\/www.corton.nl\/?s={search_term_string}"},"query-input":{"@type":"PropertyValueSpecification","valueRequired":true,"valueName":"search_term_string"}}],"inLanguage":"de"}]}},"_links":{"self":[{"href":"https:\/\/www.corton.nl\/de\/wp-json\/wp\/v2\/product\/9264","targetHints":{"allow":["GET"]}}],"collection":[{"href":"https:\/\/www.corton.nl\/de\/wp-json\/wp\/v2\/product"}],"about":[{"href":"https:\/\/www.corton.nl\/de\/wp-json\/wp\/v2\/types\/product"}],"wp:featuredmedia":[{"embeddable":true,"href":"https:\/\/www.corton.nl\/de\/wp-json\/wp\/v2\/media\/9306"}],"wp:attachment":[{"href":"https:\/\/www.corton.nl\/de\/wp-json\/wp\/v2\/media?parent=9264"}],"wp:term":[{"taxonomy":"product_brand","embeddable":true,"href":"https:\/\/www.corton.nl\/de\/wp-json\/wp\/v2\/product_brand?post=9264"},{"taxonomy":"product_cat","embeddable":true,"href":"https:\/\/www.corton.nl\/de\/wp-json\/wp\/v2\/product_cat?post=9264"},{"taxonomy":"product_tag","embeddable":true,"href":"https:\/\/www.corton.nl\/de\/wp-json\/wp\/v2\/product_tag?post=9264"}],"curies":[{"name":"wp","href":"https:\/\/api.w.org\/{rel}","templated":true}]}}