{"id":9020,"date":"2025-11-04T13:18:41","date_gmt":"2025-11-04T12:18:41","guid":{"rendered":"https:\/\/www.corton.nl\/?post_type=product&#038;p=9020"},"modified":"2025-12-23T13:23:22","modified_gmt":"2025-12-23T12:23:22","slug":"stallmauer-herzog","status":"publish","type":"product","link":"https:\/\/www.corton.nl\/de\/product\/stalwand-duke\/","title":{"rendered":"Vorderwand Duke Junior"},"content":{"rendered":"<p><strong>Hochwertige Qualit\u00e4t und Langlebigkeit<\/strong><br \/>\nMit \u00fcber 50 Jahren Erfahrung in der Stalleinrichtung setzt Corton konsequent auf Materialien und Oberfl\u00e4chen, die lange halten. Die Vorderwand \u201eDuke\u201c Junior ist aus einem <strong>gewalztes U-Profil<\/strong> gefertigt, in das die Bretter befestigt werden \u2013 ohne scharfe Kanten oder hervorstehende Teile \u2013 wodurch sowohl Sicherheit als auch Stabilit\u00e4t garantiert sind.<\/p>\n<p>Die Stallwand Duke Junior ist eine vielseitige Standardausf\u00fchrung, bei der Standardh\u00f6he, Gitterstabst\u00e4rke und Schienenkonstruktion auf intensiven Stallbetrieb und Sicherheit abgestimmt sind \u2013 ganz ohne Kompromisse.<\/p>\n<p>Dank der Schiebet\u00fcr (links oder rechts) mit <strong>automatische Gitterverriegelung, gelagerte Rollen, gegossene Auffahrkante und sichere T\u00fcrf\u00fchrung<\/strong> bietet die Duke-Vorderwand jahrelang optimalen Bedienkomfort. Die T\u00fcr\u00f6ffnung ist mit einem <strong>durchgehender Stahlrahmen mit gebogenen Schwelle<\/strong> augsestattet, und die <strong>Gitterst\u00e4be sind durch das Profil hindurch verschwei\u00dft<\/strong>, was zus\u00e4tzliche Stabilit\u00e4t und langanhaltende Festigkeit gew\u00e4hrleistet. An der Unterseite der Wand sind Montagelaschen angebracht, wodurch die Stallwand leicht vom Boden absteht. Dadurch bleiben sowohl das Profil als auch die Bretter besser vor Urin gesch\u00fctzt, was die Lebensdauer der Wand deutlich verl\u00e4ngert.<\/p>\n<p>Die Schiebet\u00fcr hat standardm\u00e4\u00dfig einer <strong>festen \u00d6ffnung<\/strong>, kann aber auch mit einer <strong>Minit\u00fcr oder komplett geschlossen mit Gitterst\u00e4ben<\/strong> geliefert werden.<\/p>\n<p>Unsere Pferdeboxen bestehen aus hochwertigem Stahl und sind vollst\u00e4ndig<strong> thermisch feuerverzinkt nach NEN-EN-ISO 1461<\/strong> , um optimalen Korrosionsschutz zu gew\u00e4hrleisten. Nach dem Verzinken werden alle Teile sorgf\u00e4ltig nachbearbeitet und von scharfen Kanten befreit, f\u00fcr eine besonders sichere und hochwertige Verarbeitung.<\/p>\n<p><strong>Ma\u00dfgefertigte Stallw\u00e4nde:<\/strong><br \/>\nMit den zahlreichen Zusatzoptionen und Gestaltungsm\u00f6glichkeiten k\u00f6nnen Sie die Duke-Stallwand ganz nach Ihren W\u00fcnschen gestalten. So entsteht ein Stall, der nicht nur praktisch ist, sondern auch Stil und Ausstrahlung besitzt, passend zu Ihren Vorstellungen und Ideen. <strong>Neugierig auf die M\u00f6glichkeiten f\u00fcr Ma\u00dfanfertigungen der Stallwand Duke? <\/strong><a href=\"https:\/\/www.corton.nl\/de\/vorderwand-des-pferdeanhangers-duke\/\">Alle M\u00f6glichkeiten hier ansehen<\/a>.<\/p>\n<p>F\u00fcr pers\u00f6nliche Beratung oder Fragen k\u00f6nnen Sie jederzeit Kontakt aufnehmen. Unsere Spezialisten stehen bereit, um Sie bei der perfekten Einrichtung Ihres Stalls zu unterst\u00fctzen. <strong>Suchen Sie ein anderes Modell?<\/strong> <a href=\"https:\/\/www.corton.nl\/de\/pferdeboxen-3\/\">Alle M\u00f6glichkeiten hier ansehen<\/a>.<\/p>\n<p><strong>Warum sich f\u00fcr die Corton-Stallwand \u201eDuke\u201c entscheiden?<\/strong><br \/>\n<strong>Zuverl\u00e4ssigkeit und Sicherheit:<\/strong> Jahrzehntelange Erfahrung zeigt sich in durchdachten Details, die f\u00fcr eine sichere Umgebung Ihres Pferdes sorgen.<br \/>\n<strong>Langfristige Investition:<\/strong> Hochwertige Materialien und solide Konstruktion bedeuten weniger Wartung und l\u00e4ngere Lebensdauer.<br \/>\n<strong>\u00c4sthetik und Funktionalit\u00e4t:<\/strong> Durch Ma\u00dfanfertigungen f\u00fcgt sich die Wand nahtlos in den Rest Ihres Stalls ein \u2013 sowohl im Aussehen als auch in der Nutzung.<br \/>\n<strong>Lokale Produktion:<\/strong> Hergestellt in den Niederlanden \u2013 kurze Produktionslinien, Handwerkskunst und ein Fokus auf Qualit\u00e4t.<\/p>","protected":false},"excerpt":{"rendered":"<p>Die Einstiegsmodelle von Corton bieten eine perfekte Balance zwischen Langlebigkeit, Benutzerfreundlichkeit und Preis. Die Pferdebox Duke Junior wurde f\u00fcr den intensiven Stallnutzung entwickelt, in den Niederlanden entworfen und produziert und kann bei Bedarf vollst\u00e4ndig an Ihre Stallw\u00fcnsche angepasst werden.<\/p>\n<p><strong>Gewalztes U-Profil<\/strong><br \/>\n<strong>Durchgehender Stahlrahmen<\/strong><br \/>\n<strong>Schwere ROB\u00ae-Schiene<\/strong><\/p>\n<p><strong>Wir k\u00f6nnen verschiedene Gr\u00f6\u00dfen und Ausf\u00fchrungen ab Lager liefern. <\/strong><br \/>\nBestellen Sie Ihre Stallwand direkt online aus dem Lager!<\/p>","protected":false},"featured_media":9538,"template":"","meta":{"_acf_changed":false},"product_brand":[],"product_cat":[44],"product_tag":[],"class_list":{"0":"post-9020","1":"product","2":"type-product","3":"status-publish","4":"has-post-thumbnail","6":"product_cat-paardenboxen","8":"first","9":"instock","10":"taxable","11":"shipping-taxable","12":"purchasable","13":"product-type-simple"},"acf":[],"yoast_head":"<!-- This site is optimized with the Yoast SEO plugin v27.0 - https:\/\/yoast.com\/product\/yoast-seo-wordpress\/ -->\n<title>Voorwand Duke Junior - Corton B.V.<\/title>\n<meta name=\"robots\" content=\"index, follow, max-snippet:-1, max-image-preview:large, max-video-preview:-1\" \/>\n<link rel=\"canonical\" href=\"https:\/\/www.corton.nl\/de\/produkt\/stallmauer-herzog\/\" \/>\n<meta property=\"og:locale\" content=\"de_DE\" \/>\n<meta property=\"og:type\" content=\"article\" \/>\n<meta property=\"og:title\" content=\"Voorwand Duke Junior - Corton B.V.\" \/>\n<meta property=\"og:description\" content=\"De instapmodellen van Corton bieden een perfecte balans tussen duurzaamheid, gebruiksgemak en prijs. De paardenbox Duke Junior is ontwikkeld voor intensief stalgebruik, ontworpen en geproduceerd in Nederland en eventueel volledig aan te passen naar jouw stalwensen.  Omgewalst U-profiel Doorlopend stalen frame Zware ROB\u00ae rail  Uit voorraad kunnen wij diverse afmetingen en uitvoeringen leveren.  Bestel uw stalwand direct uit voorraad online!\" \/>\n<meta property=\"og:url\" content=\"https:\/\/www.corton.nl\/de\/produkt\/stallmauer-herzog\/\" \/>\n<meta property=\"og:site_name\" content=\"Corton B.V.\" \/>\n<meta property=\"article:modified_time\" content=\"2025-12-23T12:23:22+00:00\" \/>\n<meta property=\"og:image\" content=\"https:\/\/www.corton.nl\/wp-content\/uploads\/2025\/11\/Stalwand-duke-junior-links-26.jpg\" \/>\n\t<meta property=\"og:image:width\" content=\"1200\" \/>\n\t<meta property=\"og:image:height\" content=\"900\" \/>\n\t<meta property=\"og:image:type\" content=\"image\/jpeg\" \/>\n<meta name=\"twitter:card\" content=\"summary_large_image\" \/>\n<meta name=\"twitter:label1\" content=\"Gesch\u00e4tzte Lesezeit\" \/>\n\t<meta name=\"twitter:data1\" content=\"3\u00a0Minuten\" \/>\n<script type=\"application\/ld+json\" class=\"yoast-schema-graph\">{\"@context\":\"https:\/\/schema.org\",\"@graph\":[{\"@type\":\"WebPage\",\"@id\":\"https:\/\/www.corton.nl\/product\/stalwand-duke\/\",\"url\":\"https:\/\/www.corton.nl\/product\/stalwand-duke\/\",\"name\":\"Voorwand Duke Junior - Corton B.V.\",\"isPartOf\":{\"@id\":\"https:\/\/www.corton.nl\/#website\"},\"primaryImageOfPage\":{\"@id\":\"https:\/\/www.corton.nl\/product\/stalwand-duke\/#primaryimage\"},\"image\":{\"@id\":\"https:\/\/www.corton.nl\/product\/stalwand-duke\/#primaryimage\"},\"thumbnailUrl\":\"https:\/\/www.corton.nl\/wp-content\/uploads\/2025\/11\/Stalwand-duke-junior-links-26.jpg\",\"datePublished\":\"2025-11-04T12:18:41+00:00\",\"dateModified\":\"2025-12-23T12:23:22+00:00\",\"breadcrumb\":{\"@id\":\"https:\/\/www.corton.nl\/product\/stalwand-duke\/#breadcrumb\"},\"inLanguage\":\"de\",\"potentialAction\":[{\"@type\":\"ReadAction\",\"target\":[\"https:\/\/www.corton.nl\/product\/stalwand-duke\/\"]}]},{\"@type\":\"ImageObject\",\"inLanguage\":\"de\",\"@id\":\"https:\/\/www.corton.nl\/product\/stalwand-duke\/#primaryimage\",\"url\":\"https:\/\/www.corton.nl\/wp-content\/uploads\/2025\/11\/Stalwand-duke-junior-links-26.jpg\",\"contentUrl\":\"https:\/\/www.corton.nl\/wp-content\/uploads\/2025\/11\/Stalwand-duke-junior-links-26.jpg\",\"width\":1200,\"height\":900},{\"@type\":\"BreadcrumbList\",\"@id\":\"https:\/\/www.corton.nl\/product\/stalwand-duke\/#breadcrumb\",\"itemListElement\":[{\"@type\":\"ListItem\",\"position\":1,\"name\":\"Home\",\"item\":\"https:\/\/www.corton.nl\/\"},{\"@type\":\"ListItem\",\"position\":2,\"name\":\"Webshop\",\"item\":\"https:\/\/www.corton.nl\/webshop\/\"},{\"@type\":\"ListItem\",\"position\":3,\"name\":\"Voorwand Duke Junior\"}]},{\"@type\":\"WebSite\",\"@id\":\"https:\/\/www.corton.nl\/#website\",\"url\":\"https:\/\/www.corton.nl\/\",\"name\":\"Corton B.V.\",\"description\":\"\",\"potentialAction\":[{\"@type\":\"SearchAction\",\"target\":{\"@type\":\"EntryPoint\",\"urlTemplate\":\"https:\/\/www.corton.nl\/?s={search_term_string}\"},\"query-input\":{\"@type\":\"PropertyValueSpecification\",\"valueRequired\":true,\"valueName\":\"search_term_string\"}}],\"inLanguage\":\"de\"}]}<\/script>\n<!-- \/ Yoast SEO plugin. -->","yoast_head_json":{"title":"Vorderwand Duke Junior - Corton BV.","robots":{"index":"index","follow":"follow","max-snippet":"max-snippet:-1","max-image-preview":"max-image-preview:large","max-video-preview":"max-video-preview:-1"},"canonical":"https:\/\/www.corton.nl\/de\/produkt\/stallmauer-herzog\/","og_locale":"de_DE","og_type":"article","og_title":"Voorwand Duke Junior - Corton B.V.","og_description":"De instapmodellen van Corton bieden een perfecte balans tussen duurzaamheid, gebruiksgemak en prijs. De paardenbox Duke Junior is ontwikkeld voor intensief stalgebruik, ontworpen en geproduceerd in Nederland en eventueel volledig aan te passen naar jouw stalwensen.  Omgewalst U-profiel Doorlopend stalen frame Zware ROB\u00ae rail  Uit voorraad kunnen wij diverse afmetingen en uitvoeringen leveren.  Bestel uw stalwand direct uit voorraad online!","og_url":"https:\/\/www.corton.nl\/de\/produkt\/stallmauer-herzog\/","og_site_name":"Corton B.V.","article_modified_time":"2025-12-23T12:23:22+00:00","og_image":[{"width":1200,"height":900,"url":"https:\/\/www.corton.nl\/wp-content\/uploads\/2025\/11\/Stalwand-duke-junior-links-26.jpg","type":"image\/jpeg"}],"twitter_card":"summary_large_image","twitter_misc":{"Gesch\u00e4tzte Lesezeit":"3\u00a0Minuten"},"schema":{"@context":"https:\/\/schema.org","@graph":[{"@type":"WebPage","@id":"https:\/\/www.corton.nl\/product\/stalwand-duke\/","url":"https:\/\/www.corton.nl\/product\/stalwand-duke\/","name":"Vorderwand Duke Junior - Corton BV.","isPartOf":{"@id":"https:\/\/www.corton.nl\/#website"},"primaryImageOfPage":{"@id":"https:\/\/www.corton.nl\/product\/stalwand-duke\/#primaryimage"},"image":{"@id":"https:\/\/www.corton.nl\/product\/stalwand-duke\/#primaryimage"},"thumbnailUrl":"https:\/\/www.corton.nl\/wp-content\/uploads\/2025\/11\/Stalwand-duke-junior-links-26.jpg","datePublished":"2025-11-04T12:18:41+00:00","dateModified":"2025-12-23T12:23:22+00:00","breadcrumb":{"@id":"https:\/\/www.corton.nl\/product\/stalwand-duke\/#breadcrumb"},"inLanguage":"de","potentialAction":[{"@type":"ReadAction","target":["https:\/\/www.corton.nl\/product\/stalwand-duke\/"]}]},{"@type":"ImageObject","inLanguage":"de","@id":"https:\/\/www.corton.nl\/product\/stalwand-duke\/#primaryimage","url":"https:\/\/www.corton.nl\/wp-content\/uploads\/2025\/11\/Stalwand-duke-junior-links-26.jpg","contentUrl":"https:\/\/www.corton.nl\/wp-content\/uploads\/2025\/11\/Stalwand-duke-junior-links-26.jpg","width":1200,"height":900},{"@type":"BreadcrumbList","@id":"https:\/\/www.corton.nl\/product\/stalwand-duke\/#breadcrumb","itemListElement":[{"@type":"ListItem","position":1,"name":"Home","item":"https:\/\/www.corton.nl\/"},{"@type":"ListItem","position":2,"name":"Webshop","item":"https:\/\/www.corton.nl\/webshop\/"},{"@type":"ListItem","position":3,"name":"Voorwand Duke Junior"}]},{"@type":"WebSite","@id":"https:\/\/www.corton.nl\/#website","url":"https:\/\/www.corton.nl\/","name":"Corton BV.","description":"","potentialAction":[{"@type":"SearchAction","target":{"@type":"EntryPoint","urlTemplate":"https:\/\/www.corton.nl\/?s={search_term_string}"},"query-input":{"@type":"PropertyValueSpecification","valueRequired":true,"valueName":"search_term_string"}}],"inLanguage":"de"}]}},"_links":{"self":[{"href":"https:\/\/www.corton.nl\/de\/wp-json\/wp\/v2\/product\/9020","targetHints":{"allow":["GET"]}}],"collection":[{"href":"https:\/\/www.corton.nl\/de\/wp-json\/wp\/v2\/product"}],"about":[{"href":"https:\/\/www.corton.nl\/de\/wp-json\/wp\/v2\/types\/product"}],"wp:featuredmedia":[{"embeddable":true,"href":"https:\/\/www.corton.nl\/de\/wp-json\/wp\/v2\/media\/9538"}],"wp:attachment":[{"href":"https:\/\/www.corton.nl\/de\/wp-json\/wp\/v2\/media?parent=9020"}],"wp:term":[{"taxonomy":"product_brand","embeddable":true,"href":"https:\/\/www.corton.nl\/de\/wp-json\/wp\/v2\/product_brand?post=9020"},{"taxonomy":"product_cat","embeddable":true,"href":"https:\/\/www.corton.nl\/de\/wp-json\/wp\/v2\/product_cat?post=9020"},{"taxonomy":"product_tag","embeddable":true,"href":"https:\/\/www.corton.nl\/de\/wp-json\/wp\/v2\/product_tag?post=9020"}],"curies":[{"name":"wp","href":"https:\/\/api.w.org\/{rel}","templated":true}]}}